{"id":1077,"date":"2024-04-30T15:35:13","date_gmt":"2024-04-30T13:35:13","guid":{"rendered":"http:\/\/www.cie-ktalop.com\/?page_id=1077"},"modified":"2025-06-15T11:43:44","modified_gmt":"2025-06-15T09:43:44","slug":"l-ile-de-tous-les-possibles","status":"publish","type":"page","link":"https:\/\/www.cie-ktalop.com\/index.php\/spectacles\/clown-noel-disruptif\/l-ile-de-tous-les-possibles\/","title":{"rendered":"L&rsquo;\u00eele de tous les possibles"},"content":{"rendered":"\n<p class=\"has-text-align-center has-large-font-size\"><strong>L&rsquo;\u00eele de tous les possibles<\/strong><\/p>\n\n\n\n<p class=\"has-text-align-center\">Suivez les aventures de l\u2019intr\u00e9pide et courageuse MaZoutte !<\/p>\n\n\n\n<p class=\"has-text-align-center has-luminous-vivid-amber-color has-text-color\">Spectacle pour Moussaillon\u00b7nes de 3 ans \u00e0 11 ans, dur\u00e9e 45 min<\/p>\n\n\n\n<figure class=\"wp-block-embed is-type-video is-provider-youtube wp-block-embed-youtube wp-embed-aspect-16-9 wp-has-aspect-ratio\"><div class=\"wp-block-embed__wrapper\">\n<iframe loading=\"lazy\" title=\"L&#039;ile De Tous les Possibles\" width=\"1170\" height=\"658\" src=\"https:\/\/www.youtube.com\/embed\/G_9p9df2E0c?feature=oembed\" frameborder=\"0\" allow=\"accelerometer; autoplay; clipboard-write; encrypted-media; gyroscope; picture-in-picture; web-share\" referrerpolicy=\"strict-origin-when-cross-origin\" allowfullscreen><\/iframe>\n<\/div><\/figure>\n\n\n\n<p class=\"has-large-font-size\">L&rsquo;histoire<\/p>\n\n\n\n<p>\u00ab\u00a0Mazoutte\u00a0\u00bb est une petite fille espi\u00e8gle. Alors qu&rsquo;elle arrive chez sa Mamie pour lui f\u00eater son anniversaire, elle d\u00e9couvre la grande migration que sa grand-m\u00e8re a v\u00e9cue \u00e9tant jeune. <\/p>\n\n\n\n<p>En lisant son livre d&rsquo;aventure, \u00ab\u00a0Mazoutte\u00a0\u00bb embarque pour un p\u00e9riple incroyable !<br>Toutes voiles dehors, elle commence alors un grand voyage, brave le triangle des temp\u00eates, et devient une pirate courageuse et intr\u00e9pide !<br>Une histoire dr\u00f4le et pleine d&rsquo;\u00e9motions qui aborde le sujet de la migration des femmes et des hommes.<\/p>\n\n\n\n<p class=\"has-large-font-size\">Besoins techniques<\/p>\n\n\n\n<ul>\n<li>un espace sc\u00e9nique de 4m d\u2019ouverture minimum \/4m de profondeur minimum<\/li>\n\n\n\n<li>possibilit\u00e9 de jouer en ext\u00e9rieur ou en int\u00e9rieur\n<ul>\n<li>si le spectacle se joue en int\u00e9rieur: besoins en \u00e9lectricit\u00e9: 220V autonome en projecteur et enceintes (Montage 1h \/ D\u00e9montage 45min)<\/li>\n\n\n\n<li>si le spectacle se joue en ext\u00e9rieur : besoin d\u2019un espace calme, prot\u00e9g\u00e9 du vent et ombrag\u00e9<\/li>\n<\/ul>\n<\/li>\n<\/ul>\n\n\n\n<div class=\"is-layout-flex wp-container-4 wp-block-columns has-2-columns\">\n<div class=\"is-layout-flow wp-block-column\">\n<div class=\"is-vertical is-layout-flex wp-container-1 wp-block-group\">\n<p class=\"has-text-align-left has-small-font-size\">Cr\u00e9ation et interpr\u00e9tation : <a rel=\"noreferrer noopener\" href=\"http:\/\/www.cie-ktalop.com\/index.php\/comediens\/emilie-jehenne\/\" target=\"_blank\">Emilie Jehenne<\/a> &#8211; <a href=\"https:\/\/emilie-jehenne.fr\/\">https:\/\/emilie-jehenne.fr\/<\/a><\/p>\n\n\n\n<p class=\"has-text-align-left has-small-font-size\">Cr\u00e9ation et Mise en sc\u00e8ne<a rel=\"noreferrer noopener\" href=\"http:\/\/www.cie-ktalop.com\/index.php\/comediens\/mike-bureaux-alias-djo-chabbert\/\" target=\"_blank\">: Mike Bureaux<\/a><\/p>\n\n\n\n<p class=\"has-text-align-left has-small-font-size\">Assistance Mise en sc\u00e8ne : Agn\u00e8s Buffet Dorembus<\/p>\n\n\n\n<p class=\"has-small-font-size\">Costume Marie Fr\u00e9tard &#8211; atelier couture: Fil&rsquo;Usine<\/p>\n\n\n\n<p class=\"has-small-font-size\">D\u00e9cors : Caroline Blin&nbsp;<\/p>\n\n\n\n<p class=\"has-small-font-size\">Cr\u00e9ation du livre Pop-up : Sybille Bligny &#8211; Cie la Petite boh\u00e8me&nbsp;<\/p>\n\n\n\n<p class=\"has-small-font-size\">Flyer et affiche : Jo\u00eblle Le Gl\u00e9au<\/p>\n\n\n\n<p class=\"has-text-align-left has-small-font-size\"><br><\/p>\n<\/div>\n<\/div>\n\n\n\n<div class=\"is-layout-flow wp-block-column\">\n<p class=\"has-text-align-center\"> <strong><em>Dur\u00e9e<\/em><\/strong> 45&prime;<\/p>\n\n\n\n<p class=\"has-text-align-center\">Contact \u00c9milie Jehenne<br>06.89.30.63.78<br><a href=\"mailto:emilie.cie.ktalop@gmail.com\">emilie.cie.ktalop@gmail.com<\/a><\/p>\n<\/div>\n<\/div>\n\n\n\n<p class=\"has-text-align-center\">Vous pouvez retrouver le projet p\u00e9dagogique dans le dossier de pr\u00e9sentation<\/p>\n\n\n\n<p class=\"has-text-align-center\"><strong><a href=\"https:\/\/www.cie-ktalop.com\/wp-content\/uploads\/2025\/01\/2025-Dossier-de-presentation-Lile-de-tous-les-possible.pdf\">T\u00e9l\u00e9charger le dossier de pr\u00e9sentation<\/a><\/strong><\/p>\n\n\n\n<figure class=\"is-layout-flex wp-block-gallery-5 wp-block-gallery has-nested-images columns-5 is-cropped\">\n<figure class=\"wp-block-image size-large\"><a href=\"https:\/\/www.cie-ktalop.com\/wp-content\/uploads\/2024\/11\/Affiche-Final.jpeg\"><img decoding=\"async\" loading=\"lazy\" width=\"688\" height=\"1024\" data-id=\"1324\"  src=\"https:\/\/www.cie-ktalop.com\/wp-content\/uploads\/2024\/11\/Affiche-Final-688x1024.jpeg\" alt=\"\" class=\"wp-image-1324\" srcset=\"https:\/\/www.cie-ktalop.com\/wp-content\/uploads\/2024\/11\/Affiche-Final-688x1024.jpeg 688w, https:\/\/www.cie-ktalop.com\/wp-content\/uploads\/2024\/11\/Affiche-Final-202x300.jpeg 202w, https:\/\/www.cie-ktalop.com\/wp-content\/uploads\/2024\/11\/Affiche-Final-768x1143.jpeg 768w, https:\/\/www.cie-ktalop.com\/wp-content\/uploads\/2024\/11\/Affiche-Final-1032x1536.jpeg 1032w, https:\/\/www.cie-ktalop.com\/wp-content\/uploads\/2024\/11\/Affiche-Final-1376x2048.jpeg 1376w, https:\/\/www.cie-ktalop.com\/wp-content\/uploads\/2024\/11\/Affiche-Final.jpeg 1500w\" sizes=\"(max-width: 688px) 100vw, 688px\" \/><\/a><\/figure>\n\n\n\n<figure class=\"wp-block-image size-large\"><a href=\"https:\/\/www.cie-ktalop.com\/wp-content\/uploads\/2024\/09\/P1011780-scaled.jpg\"><img decoding=\"async\" loading=\"lazy\" width=\"768\" height=\"1024\" data-id=\"1220\"  src=\"https:\/\/www.cie-ktalop.com\/wp-content\/uploads\/2024\/09\/P1011780-768x1024.jpg\" alt=\"\" class=\"wp-image-1220\" srcset=\"https:\/\/www.cie-ktalop.com\/wp-content\/uploads\/2024\/09\/P1011780-768x1024.jpg 768w, https:\/\/www.cie-ktalop.com\/wp-content\/uploads\/2024\/09\/P1011780-225x300.jpg 225w, https:\/\/www.cie-ktalop.com\/wp-content\/uploads\/2024\/09\/P1011780-1152x1536.jpg 1152w, https:\/\/www.cie-ktalop.com\/wp-content\/uploads\/2024\/09\/P1011780-1536x2048.jpg 1536w, https:\/\/www.cie-ktalop.com\/wp-content\/uploads\/2024\/09\/P1011780-scaled.jpg 1920w\" sizes=\"(max-width: 768px) 100vw, 768px\" \/><\/a><\/figure>\n\n\n\n<figure class=\"wp-block-image size-large\"><a href=\"https:\/\/www.cie-ktalop.com\/wp-content\/uploads\/2024\/09\/DSC01343-scaled.jpg\"><img decoding=\"async\" loading=\"lazy\" width=\"681\" height=\"1024\" data-id=\"1219\"  src=\"https:\/\/www.cie-ktalop.com\/wp-content\/uploads\/2024\/09\/DSC01343-681x1024.jpg\" alt=\"\" class=\"wp-image-1219\" srcset=\"https:\/\/www.cie-ktalop.com\/wp-content\/uploads\/2024\/09\/DSC01343-681x1024.jpg 681w, https:\/\/www.cie-ktalop.com\/wp-content\/uploads\/2024\/09\/DSC01343-200x300.jpg 200w, https:\/\/www.cie-ktalop.com\/wp-content\/uploads\/2024\/09\/DSC01343-768x1154.jpg 768w, https:\/\/www.cie-ktalop.com\/wp-content\/uploads\/2024\/09\/DSC01343-1022x1536.jpg 1022w, https:\/\/www.cie-ktalop.com\/wp-content\/uploads\/2024\/09\/DSC01343-1363x2048.jpg 1363w, https:\/\/www.cie-ktalop.com\/wp-content\/uploads\/2024\/09\/DSC01343-scaled.jpg 1704w\" sizes=\"(max-width: 681px) 100vw, 681px\" \/><\/a><\/figure>\n\n\n\n<figure class=\"wp-block-image size-large\"><a href=\"https:\/\/www.cie-ktalop.com\/wp-content\/uploads\/2024\/09\/DSC01323-scaled.jpg\"><img decoding=\"async\" loading=\"lazy\" width=\"681\" height=\"1024\" data-id=\"1218\"  src=\"https:\/\/www.cie-ktalop.com\/wp-content\/uploads\/2024\/09\/DSC01323-681x1024.jpg\" alt=\"\" class=\"wp-image-1218\" srcset=\"https:\/\/www.cie-ktalop.com\/wp-content\/uploads\/2024\/09\/DSC01323-681x1024.jpg 681w, https:\/\/www.cie-ktalop.com\/wp-content\/uploads\/2024\/09\/DSC01323-200x300.jpg 200w, https:\/\/www.cie-ktalop.com\/wp-content\/uploads\/2024\/09\/DSC01323-768x1154.jpg 768w, https:\/\/www.cie-ktalop.com\/wp-content\/uploads\/2024\/09\/DSC01323-1022x1536.jpg 1022w, https:\/\/www.cie-ktalop.com\/wp-content\/uploads\/2024\/09\/DSC01323-1363x2048.jpg 1363w, https:\/\/www.cie-ktalop.com\/wp-content\/uploads\/2024\/09\/DSC01323-scaled.jpg 1704w\" sizes=\"(max-width: 681px) 100vw, 681px\" \/><\/a><\/figure>\n\n\n\n<figure class=\"wp-block-image size-large\"><a href=\"https:\/\/www.cie-ktalop.com\/wp-content\/uploads\/2024\/09\/P1011759-1-scaled.jpg\"><img decoding=\"async\" loading=\"lazy\" width=\"768\" height=\"1024\" data-id=\"1215\"  src=\"https:\/\/www.cie-ktalop.com\/wp-content\/uploads\/2024\/09\/P1011759-1-768x1024.jpg\" alt=\"\" class=\"wp-image-1215\" srcset=\"https:\/\/www.cie-ktalop.com\/wp-content\/uploads\/2024\/09\/P1011759-1-768x1024.jpg 768w, https:\/\/www.cie-ktalop.com\/wp-content\/uploads\/2024\/09\/P1011759-1-225x300.jpg 225w, https:\/\/www.cie-ktalop.com\/wp-content\/uploads\/2024\/09\/P1011759-1-1152x1536.jpg 1152w, https:\/\/www.cie-ktalop.com\/wp-content\/uploads\/2024\/09\/P1011759-1-1536x2048.jpg 1536w, https:\/\/www.cie-ktalop.com\/wp-content\/uploads\/2024\/09\/P1011759-1-scaled.jpg 1920w\" sizes=\"(max-width: 768px) 100vw, 768px\" \/><\/a><\/figure>\n\n\n\n<figure class=\"wp-block-image size-large\"><a href=\"https:\/\/www.cie-ktalop.com\/wp-content\/uploads\/2024\/09\/P1011743-scaled.jpg\"><img decoding=\"async\" loading=\"lazy\" width=\"768\" height=\"1024\" data-id=\"1214\"  src=\"https:\/\/www.cie-ktalop.com\/wp-content\/uploads\/2024\/09\/P1011743-768x1024.jpg\" alt=\"\" class=\"wp-image-1214\" srcset=\"https:\/\/www.cie-ktalop.com\/wp-content\/uploads\/2024\/09\/P1011743-768x1024.jpg 768w, https:\/\/www.cie-ktalop.com\/wp-content\/uploads\/2024\/09\/P1011743-225x300.jpg 225w, https:\/\/www.cie-ktalop.com\/wp-content\/uploads\/2024\/09\/P1011743-1152x1536.jpg 1152w, https:\/\/www.cie-ktalop.com\/wp-content\/uploads\/2024\/09\/P1011743-1536x2048.jpg 1536w, https:\/\/www.cie-ktalop.com\/wp-content\/uploads\/2024\/09\/P1011743-scaled.jpg 1920w\" sizes=\"(max-width: 768px) 100vw, 768px\" \/><\/a><\/figure>\n\n\n\n<figure class=\"wp-block-image size-large\"><a href=\"https:\/\/www.cie-ktalop.com\/wp-content\/uploads\/2024\/09\/DSC01321-scaled.jpg\"><img decoding=\"async\" loading=\"lazy\" width=\"681\" height=\"1024\" data-id=\"1212\"  src=\"https:\/\/www.cie-ktalop.com\/wp-content\/uploads\/2024\/09\/DSC01321-681x1024.jpg\" alt=\"\" class=\"wp-image-1212\" srcset=\"https:\/\/www.cie-ktalop.com\/wp-content\/uploads\/2024\/09\/DSC01321-681x1024.jpg 681w, https:\/\/www.cie-ktalop.com\/wp-content\/uploads\/2024\/09\/DSC01321-200x300.jpg 200w, https:\/\/www.cie-ktalop.com\/wp-content\/uploads\/2024\/09\/DSC01321-768x1154.jpg 768w, https:\/\/www.cie-ktalop.com\/wp-content\/uploads\/2024\/09\/DSC01321-1022x1536.jpg 1022w, https:\/\/www.cie-ktalop.com\/wp-content\/uploads\/2024\/09\/DSC01321-1363x2048.jpg 1363w, https:\/\/www.cie-ktalop.com\/wp-content\/uploads\/2024\/09\/DSC01321-scaled.jpg 1704w\" sizes=\"(max-width: 681px) 100vw, 681px\" \/><\/a><\/figure>\n\n\n\n<figure class=\"wp-block-image size-large\"><a href=\"https:\/\/www.cie-ktalop.com\/wp-content\/uploads\/2024\/09\/DSC01305-scaled.jpg\"><img decoding=\"async\" loading=\"lazy\" width=\"681\" height=\"1024\" data-id=\"1211\"  src=\"https:\/\/www.cie-ktalop.com\/wp-content\/uploads\/2024\/09\/DSC01305-681x1024.jpg\" alt=\"\" class=\"wp-image-1211\" srcset=\"https:\/\/www.cie-ktalop.com\/wp-content\/uploads\/2024\/09\/DSC01305-681x1024.jpg 681w, https:\/\/www.cie-ktalop.com\/wp-content\/uploads\/2024\/09\/DSC01305-200x300.jpg 200w, https:\/\/www.cie-ktalop.com\/wp-content\/uploads\/2024\/09\/DSC01305-768x1154.jpg 768w, https:\/\/www.cie-ktalop.com\/wp-content\/uploads\/2024\/09\/DSC01305-1022x1536.jpg 1022w, https:\/\/www.cie-ktalop.com\/wp-content\/uploads\/2024\/09\/DSC01305-1363x2048.jpg 1363w, https:\/\/www.cie-ktalop.com\/wp-content\/uploads\/2024\/09\/DSC01305-scaled.jpg 1704w\" sizes=\"(max-width: 681px) 100vw, 681px\" \/><\/a><\/figure>\n\n\n\n<figure class=\"wp-block-image size-large\"><a href=\"https:\/\/www.cie-ktalop.com\/wp-content\/uploads\/2024\/09\/DSC01299-scaled.jpg\"><img decoding=\"async\" loading=\"lazy\" width=\"681\" height=\"1024\" data-id=\"1208\"  src=\"https:\/\/www.cie-ktalop.com\/wp-content\/uploads\/2024\/09\/DSC01299-681x1024.jpg\" alt=\"\" class=\"wp-image-1208\" srcset=\"https:\/\/www.cie-ktalop.com\/wp-content\/uploads\/2024\/09\/DSC01299-681x1024.jpg 681w, https:\/\/www.cie-ktalop.com\/wp-content\/uploads\/2024\/09\/DSC01299-200x300.jpg 200w, https:\/\/www.cie-ktalop.com\/wp-content\/uploads\/2024\/09\/DSC01299-768x1154.jpg 768w, https:\/\/www.cie-ktalop.com\/wp-content\/uploads\/2024\/09\/DSC01299-1022x1536.jpg 1022w, https:\/\/www.cie-ktalop.com\/wp-content\/uploads\/2024\/09\/DSC01299-1363x2048.jpg 1363w, https:\/\/www.cie-ktalop.com\/wp-content\/uploads\/2024\/09\/DSC01299-scaled.jpg 1704w\" sizes=\"(max-width: 681px) 100vw, 681px\" \/><\/a><\/figure>\n\n\n\n<figure class=\"wp-block-image size-large\"><a href=\"https:\/\/www.cie-ktalop.com\/wp-content\/uploads\/2024\/09\/DSC01290-scaled.jpg\"><img decoding=\"async\" loading=\"lazy\" width=\"681\" height=\"1024\" data-id=\"1205\"  src=\"https:\/\/www.cie-ktalop.com\/wp-content\/uploads\/2024\/09\/DSC01290-681x1024.jpg\" alt=\"\" class=\"wp-image-1205\" srcset=\"https:\/\/www.cie-ktalop.com\/wp-content\/uploads\/2024\/09\/DSC01290-681x1024.jpg 681w, https:\/\/www.cie-ktalop.com\/wp-content\/uploads\/2024\/09\/DSC01290-200x300.jpg 200w, https:\/\/www.cie-ktalop.com\/wp-content\/uploads\/2024\/09\/DSC01290-768x1154.jpg 768w, https:\/\/www.cie-ktalop.com\/wp-content\/uploads\/2024\/09\/DSC01290-1022x1536.jpg 1022w, https:\/\/www.cie-ktalop.com\/wp-content\/uploads\/2024\/09\/DSC01290-1363x2048.jpg 1363w, https:\/\/www.cie-ktalop.com\/wp-content\/uploads\/2024\/09\/DSC01290-scaled.jpg 1704w\" sizes=\"(max-width: 681px) 100vw, 681px\" \/><\/a><\/figure>\n<\/figure>\n\n\n\n<p class=\"has-large-font-size\">Agenda<\/p>\n\n\n\n<ul>\n<li>Mercredi&nbsp;9 juillet \u00e0 16h : festival \u00ab\u00a0tongs et espadrilles\u00a0\u00bb &#8211; centre culturel de Mondeville 14120<\/li>\n\n\n\n<li>Dimanche 27 juillet \u00e0 17h :\u00a0 Association Autour de la Halle\u00a0 82120 Lavit-de-lomagne<\/li>\n\n\n\n<li><strong>Jeudi 15 ao\u00fbt \u00e0 17h :\u00a0centre de loisirs de Fontaine-\u00c9toupefour 14790<\/strong><\/li>\n\n\n\n<li><strong>Mardi 19 ao\u00fbt \u00e0 18h30 : chapiteau des Saltimbr\u00e9s &#8211; Saint L\u00f4 50000<\/strong><\/li>\n\n\n\n<li>Samedi 6 septembre : Festival Le cri du hibou &#8211; Castelnau de Montmirals<\/li>\n\n\n\n<li>Mercredi 29 oct \u00e0 15h : Ferme culturelle du bessin &#8211;&nbsp;<a href=\"https:\/\/www.google.com\/maps\/place\/\/data=!4m2!3m1!1s0x480a515634f7db2b:0x4afc58a0f6ecd95e?sa=X&amp;ved=1t:8290&amp;ictx=111\">14480 Esquay-sur-Seulles<\/a><\/li>\n\n\n\n<li>Dimanche 2 novembre \u00e0 16h : Ferme culturelle du bessin &#8211;\u00a0<a href=\"https:\/\/www.google.com\/maps\/place\/\/data=!4m2!3m1!1s0x480a515634f7db2b:0x4afc58a0f6ecd95e?sa=X&amp;ved=1t:8290&amp;ictx=111\">14480 Esquay-sur-Seulles<\/a><\/li>\n\n\n\n<li><strong>Dimanche 8 f\u00e9vrier 2026 \u00e0 16h30 :\u00a0\u00a0Caf\u00e9 le Buv&rsquo;art &#8211; Lasserre Prad\u00e8re\u00a031530<\/strong><\/li>\n<\/ul>\n\n\n\n<p class=\"has-large-font-size\">Dates pass\u00e9es<\/p>\n\n\n\n<ul>\n<li>Vendredi 21 f\u00e9vrier \u00e0 18h :&nbsp;<a href=\"https:\/\/www.facebook.com\/lestockagecordes\/\">Le Stockage<\/a>&nbsp;\u2013 81170 Cordes sur ciel<\/li>\n\n\n\n<li>20 f\u00e9vrier 2025: th\u00e9\u00e2tre de l&#8217;embellie, Montauban(82)<\/li>\n\n\n\n<li>15 Janvier 2025 \u00e0 10h: Centre de loisirs de Empeaux &#8211; 31470<\/li>\n\n\n\n<li>16 d\u00e9cembre 2024 \u00e0 10h : \u00c9cole de Gaillac Toulza 31550<\/li>\n\n\n\n<li>09 d\u00e9cembre 2024 \u00e0 16h : Centre de loisirs de Crins &#8211; Graulhet 81300<\/li>\n\n\n\n<li>08 d\u00e9cembre 2024: Le Sc\u00e9nophage (Gaillac, 81) \u00e0 16h30<\/li>\n\n\n\n<li>1er d\u00e9cembre 2024 : Comit\u00e9 des f\u00eates de Beaufort 31370<\/li>\n\n\n\n<li>1 avril 2024: APE de giroussens<\/li>\n\n\n\n<li>10 mai 2024: festival Cultiv&rsquo;art &#8211;&nbsp; Anlhiac 24&nbsp;<\/li>\n\n\n\n<li>19 juillet 2024: Maison des Familles &#8211; Caen 14<\/li>\n\n\n\n<li>27-28 juillet 2024: festival des arts vivants de Cl\u00e9cy(14)<\/li>\n\n\n\n<li>29 octobre 2024: ALSH Les Gastadous de l&rsquo;USEP &#8211; Balsac 12<\/li>\n<\/ul>\n","protected":false},"excerpt":{"rendered":"<p>L&rsquo;\u00eele de tous les possibles Suivez les aventures de l\u2019intr\u00e9pide et courageuse MaZoutte ! Spectacle pour Moussaillon\u00b7nes de 3 ans \u00e0 11 ans, dur\u00e9e 45 min L&rsquo;histoire \u00ab\u00a0Mazoutte\u00a0\u00bb est une petite fille espi\u00e8gle. Alors qu&rsquo;elle arrive chez sa Mamie pour lui f\u00eater son anniversaire, elle d\u00e9couvre la grande migration que sa grand-m\u00e8re a v\u00e9cue \u00e9tant [&hellip;]<\/p>\n","protected":false},"author":1,"featured_media":1324,"parent":409,"menu_order":0,"comment_status":"closed","ping_status":"closed","template":"","meta":{"_mi_skip_tracking":false},"_links":{"self":[{"href":"https:\/\/www.cie-ktalop.com\/index.php\/wp-json\/wp\/v2\/pages\/1077"}],"collection":[{"href":"https:\/\/www.cie-ktalop.com\/index.php\/wp-json\/wp\/v2\/pages"}],"about":[{"href":"https:\/\/www.cie-ktalop.com\/index.php\/wp-json\/wp\/v2\/types\/page"}],"author":[{"embeddable":true,"href":"https:\/\/www.cie-ktalop.com\/index.php\/wp-json\/wp\/v2\/users\/1"}],"replies":[{"embeddable":true,"href":"https:\/\/www.cie-ktalop.com\/index.php\/wp-json\/wp\/v2\/comments?post=1077"}],"version-history":[{"count":36,"href":"https:\/\/www.cie-ktalop.com\/index.php\/wp-json\/wp\/v2\/pages\/1077\/revisions"}],"predecessor-version":[{"id":1416,"href":"https:\/\/www.cie-ktalop.com\/index.php\/wp-json\/wp\/v2\/pages\/1077\/revisions\/1416"}],"up":[{"embeddable":true,"href":"https:\/\/www.cie-ktalop.com\/index.php\/wp-json\/wp\/v2\/pages\/409"}],"wp:featuredmedia":[{"embeddable":true,"href":"https:\/\/www.cie-ktalop.com\/index.php\/wp-json\/wp\/v2\/media\/1324"}],"wp:attachment":[{"href":"https:\/\/www.cie-ktalop.com\/index.php\/wp-json\/wp\/v2\/media?parent=1077"}],"curies":[{"name":"wp","href":"https:\/\/api.w.org\/{rel}","templated":true}]}}