{"id":110,"date":"2020-03-19T12:24:13","date_gmt":"2020-03-19T11:24:13","guid":{"rendered":"http:\/\/www.cie-ktalop.com\/?page_id=110"},"modified":"2025-07-14T23:42:21","modified_gmt":"2025-07-14T21:42:21","slug":"compagnie","status":"publish","type":"page","link":"https:\/\/www.cie-ktalop.com\/","title":{"rendered":"Qui sommes nous ?"},"content":{"rendered":"\n<p>La <strong>Cie Ktalop <\/strong>est une compagnie de clowns d&rsquo;Occitanie fond\u00e9e en 2020 par <strong>Mike Bureaux<\/strong>. Elle propose des formes clownesques po\u00e9tiques et transgressives. Celle-ci est compos\u00e9e de com\u00e9diens professionnels venant principalement du spectacle de Rue. Chaque proposition am\u00e8ne sa part d&rsquo;irr\u00e9v\u00e9rence et de questionnement sur la soci\u00e9t\u00e9. <\/p>\n\n\n\n<p>La Compagnie Ktalop a la libert\u00e9 de cr\u00e9er ce qui l\u2019inspire et d\u2019\u00e9tudier toute proposition venant de l\u2019ext\u00e9rieur.  <\/p>\n\n\n\n<p>Disruptif&nbsp;! On aime bien ce mot. Apr\u00e8s tout, il faut bien \u00eatre \u00e0 la mode, et prendre de temps en temps une bonne d\u00e9charge \u00e9lectrique. C\u2019est toujours utile pour accepter les ruptures brutales et \u00eatre innovant&#8230; para\u00eet-il&nbsp;? On aime bien aussi les animaux Nyctalopes qui peuvent discerner dans la noirceur de l\u2019humanit\u00e9, sa part de lumi\u00e8re. Et puis Mike adore les chouettes. \u00c7a c\u2019est chouette&nbsp;!<\/p>\n\n\n\n<p>Dans les\npropositions de la compagnie, le choix est donc tout naturel de faire\nvarier l\u2019humour et la tendresse, les rires et les larmes, la beaut\u00e9\net la monstruosit\u00e9.<\/p>\n\n\n\n<p class=\"has-large-font-size\"><strong>Nos spectacles :<\/strong><\/p>\n\n\n\n<figure class=\"is-layout-flex wp-block-gallery-1 wp-block-gallery has-nested-images columns-3 is-cropped\">\n<figure class=\"wp-block-image size-full\"><a href=\"https:\/\/www.cie-ktalop.com\/index.php\/spectacles\/vraaaaaaac\/\"><img decoding=\"async\" loading=\"lazy\" width=\"1366\" height=\"2048\" data-id=\"39\"  src=\"http:\/\/www.cie-ktalop.com\/wp-content\/uploads\/2020\/03\/Vraaaaaaac-1.4.jpg\" alt=\"Vraaaaaaaac - Solo Clown\" class=\"wp-image-39\" srcset=\"https:\/\/www.cie-ktalop.com\/wp-content\/uploads\/2020\/03\/Vraaaaaaac-1.4.jpg 1366w, https:\/\/www.cie-ktalop.com\/wp-content\/uploads\/2020\/03\/Vraaaaaaac-1.4-200x300.jpg 200w, https:\/\/www.cie-ktalop.com\/wp-content\/uploads\/2020\/03\/Vraaaaaaac-1.4-768x1151.jpg 768w, https:\/\/www.cie-ktalop.com\/wp-content\/uploads\/2020\/03\/Vraaaaaaac-1.4-683x1024.jpg 683w\" sizes=\"(max-width: 1366px) 100vw, 1366px\" \/><\/a><figcaption class=\"wp-element-caption\"><a href=\"http:\/\/www.cie-ktalop.com\/index.php\/spectacles\/vraaaaaaac\/\">Vraaaaaaaac &#8211; Tout Public &#8211; 60min<\/a><\/figcaption><\/figure>\n\n\n\n<figure class=\"wp-block-image size-full\"><a href=\"https:\/\/www.cie-ktalop.com\/index.php\/spectacles\/monique-razorback\/\"><img decoding=\"async\" loading=\"lazy\" width=\"600\" height=\"840\" data-id=\"534\"  src=\"http:\/\/www.cie-ktalop.com\/wp-content\/uploads\/2022\/11\/182-aff-affiches-mo-1.jpg\" alt=\"MOnique Razorback - Solo Clown\" class=\"wp-image-534\" srcset=\"https:\/\/www.cie-ktalop.com\/wp-content\/uploads\/2022\/11\/182-aff-affiches-mo-1.jpg 600w, https:\/\/www.cie-ktalop.com\/wp-content\/uploads\/2022\/11\/182-aff-affiches-mo-1-214x300.jpg 214w\" sizes=\"(max-width: 600px) 100vw, 600px\" \/><\/a><figcaption class=\"wp-element-caption\"><a href=\"http:\/\/www.cie-ktalop.com\/index.php\/spectacles\/monique-razorback\/\">\ufeffMOnique Razorback &#8211; Tout public &#8211; 60min<\/a><\/figcaption><\/figure>\n<\/figure>\n\n\n\n<figure class=\"is-layout-flex wp-block-gallery-3 wp-block-gallery has-nested-images columns-default is-cropped\">\n<figure class=\"wp-block-image size-large\"><a href=\"https:\/\/www.cie-ktalop.com\/index.php\/spectacles\/clown-noel-disruptif\/l-ile-de-tous-les-possibles\/\"><img decoding=\"async\" loading=\"lazy\" width=\"688\" height=\"1024\" data-id=\"1324\"  src=\"http:\/\/www.cie-ktalop.com\/wp-content\/uploads\/2024\/11\/Affiche-Final-688x1024.jpeg\" alt=\"\" class=\"wp-image-1324\" srcset=\"https:\/\/www.cie-ktalop.com\/wp-content\/uploads\/2024\/11\/Affiche-Final-688x1024.jpeg 688w, https:\/\/www.cie-ktalop.com\/wp-content\/uploads\/2024\/11\/Affiche-Final-202x300.jpeg 202w, https:\/\/www.cie-ktalop.com\/wp-content\/uploads\/2024\/11\/Affiche-Final-768x1143.jpeg 768w, https:\/\/www.cie-ktalop.com\/wp-content\/uploads\/2024\/11\/Affiche-Final-1032x1536.jpeg 1032w, https:\/\/www.cie-ktalop.com\/wp-content\/uploads\/2024\/11\/Affiche-Final-1376x2048.jpeg 1376w, https:\/\/www.cie-ktalop.com\/wp-content\/uploads\/2024\/11\/Affiche-Final.jpeg 1500w\" sizes=\"(max-width: 688px) 100vw, 688px\" \/><\/a><figcaption class=\"wp-element-caption\"><a href=\"https:\/\/www.cie-ktalop.com\/index.php\/spectacles\/clown-noel-disruptif\/l-ile-de-tous-les-possibles\/\">L&rsquo;\u00eele de tous les possibles- 45 min<\/a><\/figcaption><\/figure>\n\n\n\n<figure class=\"wp-block-image size-large\"><a href=\"https:\/\/www.cie-ktalop.com\/index.php\/spectacles\/clown-noel-disruptif\/au-caillou-qui-pleuve\/\"><img decoding=\"async\" loading=\"lazy\" width=\"702\" height=\"969\" data-id=\"342\"  src=\"http:\/\/www.cie-ktalop.com\/wp-content\/uploads\/2021\/10\/Affiche-V0.1.jpg\" alt=\"\" class=\"wp-image-342\" srcset=\"https:\/\/www.cie-ktalop.com\/wp-content\/uploads\/2021\/10\/Affiche-V0.1.jpg 702w, https:\/\/www.cie-ktalop.com\/wp-content\/uploads\/2021\/10\/Affiche-V0.1-217x300.jpg 217w\" sizes=\"(max-width: 702px) 100vw, 702px\" \/><\/a><figcaption class=\"wp-element-caption\">Au Caillou qui pleuve &#8211; 25 min<\/figcaption><\/figure>\n\n\n\n<figure class=\"wp-block-image size-large\"><a href=\"https:\/\/www.cie-ktalop.com\/index.php\/spectacles\/clown-noel-disruptif\/ca-sent-le-sapin-de-noel\/\"><img decoding=\"async\" loading=\"lazy\" width=\"600\" height=\"627\" data-id=\"222\"  src=\"http:\/\/www.cie-ktalop.com\/wp-content\/uploads\/2020\/09\/Affiche-V1-3-600x627.jpg\" alt=\"\" class=\"wp-image-222\" srcset=\"https:\/\/www.cie-ktalop.com\/wp-content\/uploads\/2020\/09\/Affiche-V1-3-600x627.jpg 600w, https:\/\/www.cie-ktalop.com\/wp-content\/uploads\/2020\/09\/Affiche-V1-3-600x627-287x300.jpg 287w\" sizes=\"(max-width: 600px) 100vw, 600px\" \/><\/a><figcaption class=\"wp-element-caption\">Ca sent le sapin de No\u00ebl &#8211; 45min<\/figcaption><\/figure>\n<\/figure>\n\n\n\n<p class=\"has-large-font-size\"><strong>Nos performances :<\/strong><\/p>\n\n\n\n<figure class=\"is-layout-flex wp-block-gallery-5 wp-block-gallery has-nested-images columns-4 is-cropped\">\n<figure class=\"wp-block-image\"><a href=\"https:\/\/www.cie-ktalop.com\/index.php\/performances\/la-fee-des-gueux\/\"><img decoding=\"async\" loading=\"lazy\" width=\"640\" height=\"960\" data-id=\"17\"  src=\"http:\/\/www.cie-ktalop.com\/wp-content\/uploads\/2020\/03\/39402071_321553268591967_1058067400982790144_n.jpeg\" alt=\"\" class=\"wp-image-17\" srcset=\"https:\/\/www.cie-ktalop.com\/wp-content\/uploads\/2020\/03\/39402071_321553268591967_1058067400982790144_n.jpeg 640w, https:\/\/www.cie-ktalop.com\/wp-content\/uploads\/2020\/03\/39402071_321553268591967_1058067400982790144_n-200x300.jpeg 200w\" sizes=\"(max-width: 640px) 100vw, 640px\" \/><\/a><figcaption class=\"wp-element-caption\"><a href=\"http:\/\/www.cie-ktalop.com\/index.php\/performances\/la-fee-des-gueux\/\">La f\u00e9e des Gueux &#8211; Tout Public<\/a><\/figcaption><\/figure>\n\n\n\n<figure class=\"wp-block-image size-large\"><a href=\"https:\/\/www.cie-ktalop.com\/index.php\/performances\/le-dard\/\"><img decoding=\"async\" loading=\"lazy\" width=\"1024\" height=\"683\" data-id=\"1477\"  src=\"https:\/\/www.cie-ktalop.com\/wp-content\/uploads\/2025\/07\/bourdon1-1024x683.jpg\" alt=\"\" class=\"wp-image-1477\" srcset=\"https:\/\/www.cie-ktalop.com\/wp-content\/uploads\/2025\/07\/bourdon1-1024x683.jpg 1024w, https:\/\/www.cie-ktalop.com\/wp-content\/uploads\/2025\/07\/bourdon1-300x200.jpg 300w, https:\/\/www.cie-ktalop.com\/wp-content\/uploads\/2025\/07\/bourdon1-768x512.jpg 768w, https:\/\/www.cie-ktalop.com\/wp-content\/uploads\/2025\/07\/bourdon1-1536x1024.jpg 1536w, https:\/\/www.cie-ktalop.com\/wp-content\/uploads\/2025\/07\/bourdon1-2048x1365.jpg 2048w\" sizes=\"(max-width: 1024px) 100vw, 1024px\" \/><\/a><figcaption class=\"wp-element-caption\"><a href=\"http:\/\/www.cie-ktalop.com\/index.php\/performances\/le-dard\/\">Le DARD &#8211; Tout Public<\/a><\/figcaption><\/figure>\n\n\n\n<figure class=\"wp-block-image size-large\"><a href=\"https:\/\/www.cie-ktalop.com\/index.php\/performances\/au-coin-du-zinc-breves-de-clowns\/\"><img decoding=\"async\" loading=\"lazy\" width=\"683\" height=\"1024\" data-id=\"1483\"  src=\"http:\/\/www.cie-ktalop.com\/wp-content\/uploads\/2025\/07\/Au-Coin-du-Zinc-683x1024.jpg\" alt=\"\" class=\"wp-image-1483\" srcset=\"https:\/\/www.cie-ktalop.com\/wp-content\/uploads\/2025\/07\/Au-Coin-du-Zinc-683x1024.jpg 683w, https:\/\/www.cie-ktalop.com\/wp-content\/uploads\/2025\/07\/Au-Coin-du-Zinc-200x300.jpg 200w, https:\/\/www.cie-ktalop.com\/wp-content\/uploads\/2025\/07\/Au-Coin-du-Zinc-768x1152.jpg 768w, https:\/\/www.cie-ktalop.com\/wp-content\/uploads\/2025\/07\/Au-Coin-du-Zinc-1024x1536.jpg 1024w, https:\/\/www.cie-ktalop.com\/wp-content\/uploads\/2025\/07\/Au-Coin-du-Zinc-1365x2048.jpg 1365w, https:\/\/www.cie-ktalop.com\/wp-content\/uploads\/2025\/07\/Au-Coin-du-Zinc-scaled.jpg 1706w\" sizes=\"(max-width: 683px) 100vw, 683px\" \/><\/a><figcaption class=\"wp-element-caption\"><a href=\"http:\/\/www.cie-ktalop.com\/index.php\/performances\/au-coin-du-zinc-breves-de-clowns\/\">Au coin du Zinc &#8211; Tout Public<\/a><\/figcaption><\/figure>\n\n\n\n<figure class=\"wp-block-image size-large\"><a href=\"https:\/\/www.cie-ktalop.com\/index.php\/performances\/les-tocccs\/\"><img decoding=\"async\" loading=\"lazy\" width=\"1024\" height=\"768\" data-id=\"1472\"  src=\"https:\/\/www.cie-ktalop.com\/wp-content\/uploads\/2025\/07\/IMG_8280-1024x768.jpg\" alt=\"Les TOCCCS\" class=\"wp-image-1472\" srcset=\"https:\/\/www.cie-ktalop.com\/wp-content\/uploads\/2025\/07\/IMG_8280-1024x768.jpg 1024w, https:\/\/www.cie-ktalop.com\/wp-content\/uploads\/2025\/07\/IMG_8280-300x225.jpg 300w, https:\/\/www.cie-ktalop.com\/wp-content\/uploads\/2025\/07\/IMG_8280-768x576.jpg 768w, https:\/\/www.cie-ktalop.com\/wp-content\/uploads\/2025\/07\/IMG_8280-1536x1152.jpg 1536w, https:\/\/www.cie-ktalop.com\/wp-content\/uploads\/2025\/07\/IMG_8280.jpg 1600w\" sizes=\"(max-width: 1024px) 100vw, 1024px\" \/><\/a><figcaption class=\"wp-element-caption\"><strong><a href=\"https:\/\/www.cie-ktalop.com\/index.php\/performances\/les-tocccs\/\" data-type=\"page\" data-id=\"1376\">Les TOCCCS &#8211; Clowns Soci\u00e9ta<\/a>l<\/strong><\/figcaption><\/figure>\n<\/figure>\n","protected":false},"excerpt":{"rendered":"<p>La Cie Ktalop est une compagnie de clowns d&rsquo;Occitanie fond\u00e9e en 2020 par Mike Bureaux. Elle propose des formes clownesques po\u00e9tiques et transgressives. Celle-ci est compos\u00e9e de com\u00e9diens professionnels venant principalement du spectacle de Rue. Chaque proposition am\u00e8ne sa part d&rsquo;irr\u00e9v\u00e9rence et de questionnement sur la soci\u00e9t\u00e9. La Compagnie Ktalop a la libert\u00e9 de cr\u00e9er [&hellip;]<\/p>\n","protected":false},"author":1,"featured_media":0,"parent":0,"menu_order":0,"comment_status":"closed","ping_status":"closed","template":"","meta":{"_mi_skip_tracking":false},"_links":{"self":[{"href":"https:\/\/www.cie-ktalop.com\/index.php\/wp-json\/wp\/v2\/pages\/110"}],"collection":[{"href":"https:\/\/www.cie-ktalop.com\/index.php\/wp-json\/wp\/v2\/pages"}],"about":[{"href":"https:\/\/www.cie-ktalop.com\/index.php\/wp-json\/wp\/v2\/types\/page"}],"author":[{"embeddable":true,"href":"https:\/\/www.cie-ktalop.com\/index.php\/wp-json\/wp\/v2\/users\/1"}],"replies":[{"embeddable":true,"href":"https:\/\/www.cie-ktalop.com\/index.php\/wp-json\/wp\/v2\/comments?post=110"}],"version-history":[{"count":42,"href":"https:\/\/www.cie-ktalop.com\/index.php\/wp-json\/wp\/v2\/pages\/110\/revisions"}],"predecessor-version":[{"id":1487,"href":"https:\/\/www.cie-ktalop.com\/index.php\/wp-json\/wp\/v2\/pages\/110\/revisions\/1487"}],"wp:attachment":[{"href":"https:\/\/www.cie-ktalop.com\/index.php\/wp-json\/wp\/v2\/media?parent=110"}],"curies":[{"name":"wp","href":"https:\/\/api.w.org\/{rel}","templated":true}]}}