{"id":1119,"date":"2024-05-01T15:11:57","date_gmt":"2024-05-01T13:11:57","guid":{"rendered":"http:\/\/www.cie-ktalop.com\/?page_id=1119"},"modified":"2025-07-05T12:54:25","modified_gmt":"2025-07-05T10:54:25","slug":"la-creature-clownesque","status":"publish","type":"page","link":"https:\/\/www.cie-ktalop.com\/index.php\/stages\/la-creature-clownesque\/","title":{"rendered":"La cr\u00e9ature Clownesque"},"content":{"rendered":"\n<p class=\"has-text-align-center has-large-font-size\">La cr\u00e9ature Clownesque<\/p>\n\n\n\n<div class=\"is-layout-flex wp-container-17 wp-block-columns\">\n<div class=\"is-layout-flow wp-block-column\">\n<div class=\"is-layout-flex wp-container-3 wp-block-columns\">\n<div class=\"is-layout-flow wp-block-column\">\n<figure class=\"wp-block-image size-full\"><img decoding=\"async\" loading=\"lazy\" width=\"71\" height=\"71\" src=\"http:\/\/www.cie-ktalop.com\/wp-content\/uploads\/2024\/05\/Price.png\" alt=\"\" class=\"wp-image-1116\"\/><\/figure>\n<\/div>\n\n\n\n<div class=\"is-layout-flow wp-block-column\">\n<p class=\"has-small-font-size\">150\u20ac (R\u00e9duit 120\u20ac, Etudiant\u00b7e 80\u20ac)<\/p>\n<\/div>\n<\/div>\n<\/div>\n\n\n\n<div class=\"is-layout-flow wp-block-column\">\n<div class=\"is-layout-flex wp-container-7 wp-block-columns\">\n<div class=\"is-layout-flow wp-block-column\">\n<figure class=\"wp-block-image size-full\"><img decoding=\"async\" loading=\"lazy\" width=\"71\" height=\"71\" src=\"http:\/\/www.cie-ktalop.com\/wp-content\/uploads\/2024\/05\/Calendar.png\" alt=\"\" class=\"wp-image-1113\"\/><\/figure>\n<\/div>\n\n\n\n<div class=\"is-layout-flow wp-block-column\">\n<p class=\"has-small-font-size\">Du 13\/12\/2025 <\/p>\n\n\n\n<p class=\"has-small-font-size\">au 14\/12\/2025<\/p>\n<\/div>\n<\/div>\n<\/div>\n\n\n\n<div class=\"is-layout-flow wp-block-column\">\n<div class=\"is-layout-flex wp-container-11 wp-block-columns\">\n<div class=\"is-layout-flow wp-block-column\">\n<figure class=\"wp-block-image size-full\"><img decoding=\"async\" loading=\"lazy\" width=\"71\" height=\"71\" src=\"http:\/\/www.cie-ktalop.com\/wp-content\/uploads\/2024\/05\/Pin.png\" alt=\"\" class=\"wp-image-1115\"\/><\/figure>\n<\/div>\n\n\n\n<div class=\"is-layout-flow wp-block-column\">\n<p class=\"has-small-font-size\">La Laiterie (St Juery 81)<\/p>\n<\/div>\n<\/div>\n<\/div>\n\n\n\n<div class=\"is-layout-flow wp-block-column\">\n<div class=\"is-layout-flex wp-container-15 wp-block-columns\">\n<div class=\"is-layout-flow wp-block-column\">\n<figure class=\"wp-block-image size-full\"><img decoding=\"async\" loading=\"lazy\" width=\"71\" height=\"71\" src=\"http:\/\/www.cie-ktalop.com\/wp-content\/uploads\/2024\/05\/Group.png\" alt=\"\" class=\"wp-image-1114\"\/><\/figure>\n<\/div>\n\n\n\n<div class=\"is-layout-flow wp-block-column\">\n<p class=\"has-text-align-center has-vivid-red-color has-text-color has-small-font-size\">8p<\/p>\n<\/div>\n<\/div>\n<\/div>\n<\/div>\n\n\n\n<p>Et oui, une cr\u00e9ature se cache en chacun\u00b7e de nous. Tapi au plus profond, cet \u00eatre mis de c\u00f4t\u00e9 depuis l\u2019enfance n\u2019attend qu\u2019une seule chose: revenir, red\u00e9couvrir et re-exister.<br>Lors de ce week-end nous tenterons de la faire rena\u00eetre, de lui offrir un espace o\u00f9 elle pourra sortir et vivre simplement, sans jugement sur elle-m\u00eame en mettant de c\u00f4t\u00e9 sa vie d\u2019adulte responsable qui l\u2019a enferm\u00e9e, mise de c\u00f4t\u00e9, ignor\u00e9e depuis bien trop longtemps.<\/p>\n\n\n\n<p class=\"has-medium-font-size\">Formateur: <a href=\"http:\/\/www.cie-ktalop.com\/index.php\/comediens\/mike-bureaux-alias-djo-chabbert\/\" data-type=\"page\" data-id=\"107\">Mike Bureaux<\/a><\/p>\n\n\n\n<div class=\"is-content-justification-center is-layout-flex wp-container-18 wp-block-buttons\">\n<div class=\"wp-block-button is-style-outline\"><a class=\"wp-block-button__link has-vivid-red-color has-text-color wp-element-button\" href=\"http:\/\/www.cie-ktalop.com\/index.php\/inscription-stage-clown\/\">JE M&rsquo;INSCRIS<\/a><\/div>\n<\/div>\n\n\n\n<p><strong>Informations&nbsp;compl\u00e9mentaires<\/strong><br>Frais d\u2019adh\u00e9sions 15\u20ac<br>Atelier adulte ouvert \u00e0 tous\u00b7tes ayant suivi un stage d\u00e9couverte de la compagnie Ktalop ou exp\u00e9riment\u00e9\u00b7es qui souhaitent approfondir les traits de cette cr\u00e9ature qui sommeille en elle\u00b7eux<br>Venir avec des v\u00eatements sobres et d\u00e9contract\u00e9s<\/p>\n\n\n\n<figure class=\"is-layout-flex wp-block-gallery-19 wp-block-gallery has-nested-images columns-4 is-cropped\">\n<figure class=\"wp-block-image size-large\"><a href=\"https:\/\/www.cie-ktalop.com\/wp-content\/uploads\/2024\/09\/IMG_6556-scaled.jpg\"><img decoding=\"async\" loading=\"lazy\" width=\"1024\" height=\"683\" data-id=\"1267\"  src=\"https:\/\/www.cie-ktalop.com\/wp-content\/uploads\/2024\/09\/IMG_6556-1024x683.jpg\" alt=\"\" class=\"wp-image-1267\" srcset=\"https:\/\/www.cie-ktalop.com\/wp-content\/uploads\/2024\/09\/IMG_6556-1024x683.jpg 1024w, https:\/\/www.cie-ktalop.com\/wp-content\/uploads\/2024\/09\/IMG_6556-300x200.jpg 300w, https:\/\/www.cie-ktalop.com\/wp-content\/uploads\/2024\/09\/IMG_6556-768x512.jpg 768w, https:\/\/www.cie-ktalop.com\/wp-content\/uploads\/2024\/09\/IMG_6556-1536x1024.jpg 1536w, https:\/\/www.cie-ktalop.com\/wp-content\/uploads\/2024\/09\/IMG_6556-2048x1365.jpg 2048w\" sizes=\"(max-width: 1024px) 100vw, 1024px\" \/><\/a><\/figure>\n\n\n\n<figure class=\"wp-block-image size-large\"><a href=\"https:\/\/www.cie-ktalop.com\/wp-content\/uploads\/2024\/09\/IMG_6577-scaled.jpg\"><img decoding=\"async\" loading=\"lazy\" width=\"683\" height=\"1024\" data-id=\"1268\"  src=\"https:\/\/www.cie-ktalop.com\/wp-content\/uploads\/2024\/09\/IMG_6577-683x1024.jpg\" alt=\"\" class=\"wp-image-1268\" srcset=\"https:\/\/www.cie-ktalop.com\/wp-content\/uploads\/2024\/09\/IMG_6577-683x1024.jpg 683w, https:\/\/www.cie-ktalop.com\/wp-content\/uploads\/2024\/09\/IMG_6577-200x300.jpg 200w, https:\/\/www.cie-ktalop.com\/wp-content\/uploads\/2024\/09\/IMG_6577-768x1152.jpg 768w, https:\/\/www.cie-ktalop.com\/wp-content\/uploads\/2024\/09\/IMG_6577-1024x1536.jpg 1024w, https:\/\/www.cie-ktalop.com\/wp-content\/uploads\/2024\/09\/IMG_6577-1365x2048.jpg 1365w, https:\/\/www.cie-ktalop.com\/wp-content\/uploads\/2024\/09\/IMG_6577-scaled.jpg 1707w\" sizes=\"(max-width: 683px) 100vw, 683px\" \/><\/a><\/figure>\n\n\n\n<figure class=\"wp-block-image size-large\"><a href=\"https:\/\/www.cie-ktalop.com\/wp-content\/uploads\/2024\/09\/IMG_6667-scaled.jpg\"><img decoding=\"async\" loading=\"lazy\" width=\"1024\" height=\"683\" data-id=\"1269\"  src=\"https:\/\/www.cie-ktalop.com\/wp-content\/uploads\/2024\/09\/IMG_6667-1024x683.jpg\" alt=\"\" class=\"wp-image-1269\" srcset=\"https:\/\/www.cie-ktalop.com\/wp-content\/uploads\/2024\/09\/IMG_6667-1024x683.jpg 1024w, https:\/\/www.cie-ktalop.com\/wp-content\/uploads\/2024\/09\/IMG_6667-300x200.jpg 300w, https:\/\/www.cie-ktalop.com\/wp-content\/uploads\/2024\/09\/IMG_6667-768x512.jpg 768w, https:\/\/www.cie-ktalop.com\/wp-content\/uploads\/2024\/09\/IMG_6667-1536x1024.jpg 1536w, https:\/\/www.cie-ktalop.com\/wp-content\/uploads\/2024\/09\/IMG_6667-2048x1365.jpg 2048w\" sizes=\"(max-width: 1024px) 100vw, 1024px\" \/><\/a><\/figure>\n\n\n\n<figure class=\"wp-block-image size-large\"><a href=\"https:\/\/www.cie-ktalop.com\/wp-content\/uploads\/2024\/09\/IMG_6678-scaled.jpg\"><img decoding=\"async\" loading=\"lazy\" width=\"1024\" height=\"683\" data-id=\"1270\"  src=\"https:\/\/www.cie-ktalop.com\/wp-content\/uploads\/2024\/09\/IMG_6678-1024x683.jpg\" alt=\"\" class=\"wp-image-1270\" srcset=\"https:\/\/www.cie-ktalop.com\/wp-content\/uploads\/2024\/09\/IMG_6678-1024x683.jpg 1024w, https:\/\/www.cie-ktalop.com\/wp-content\/uploads\/2024\/09\/IMG_6678-300x200.jpg 300w, https:\/\/www.cie-ktalop.com\/wp-content\/uploads\/2024\/09\/IMG_6678-768x512.jpg 768w, https:\/\/www.cie-ktalop.com\/wp-content\/uploads\/2024\/09\/IMG_6678-1536x1024.jpg 1536w, https:\/\/www.cie-ktalop.com\/wp-content\/uploads\/2024\/09\/IMG_6678-2048x1365.jpg 2048w\" sizes=\"(max-width: 1024px) 100vw, 1024px\" \/><\/a><\/figure>\n<\/figure>\n","protected":false},"excerpt":{"rendered":"<p>La cr\u00e9ature Clownesque 150\u20ac (R\u00e9duit 120\u20ac, Etudiant\u00b7e 80\u20ac) Du 13\/12\/2025 au 14\/12\/2025 La Laiterie (St Juery 81) 8p Et oui, une cr\u00e9ature se cache en chacun\u00b7e de nous. Tapi au plus profond, cet \u00eatre mis de c\u00f4t\u00e9 depuis l\u2019enfance n\u2019attend qu\u2019une seule chose: revenir, red\u00e9couvrir et re-exister.Lors de ce week-end nous tenterons de la faire [&hellip;]<\/p>\n","protected":false},"author":1,"featured_media":0,"parent":677,"menu_order":1,"comment_status":"closed","ping_status":"closed","template":"","meta":{"_mi_skip_tracking":false},"_links":{"self":[{"href":"https:\/\/www.cie-ktalop.com\/index.php\/wp-json\/wp\/v2\/pages\/1119"}],"collection":[{"href":"https:\/\/www.cie-ktalop.com\/index.php\/wp-json\/wp\/v2\/pages"}],"about":[{"href":"https:\/\/www.cie-ktalop.com\/index.php\/wp-json\/wp\/v2\/types\/page"}],"author":[{"embeddable":true,"href":"https:\/\/www.cie-ktalop.com\/index.php\/wp-json\/wp\/v2\/users\/1"}],"replies":[{"embeddable":true,"href":"https:\/\/www.cie-ktalop.com\/index.php\/wp-json\/wp\/v2\/comments?post=1119"}],"version-history":[{"count":11,"href":"https:\/\/www.cie-ktalop.com\/index.php\/wp-json\/wp\/v2\/pages\/1119\/revisions"}],"predecessor-version":[{"id":1425,"href":"https:\/\/www.cie-ktalop.com\/index.php\/wp-json\/wp\/v2\/pages\/1119\/revisions\/1425"}],"up":[{"embeddable":true,"href":"https:\/\/www.cie-ktalop.com\/index.php\/wp-json\/wp\/v2\/pages\/677"}],"wp:attachment":[{"href":"https:\/\/www.cie-ktalop.com\/index.php\/wp-json\/wp\/v2\/media?parent=1119"}],"curies":[{"name":"wp","href":"https:\/\/api.w.org\/{rel}","templated":true}]}}