{"id":1122,"date":"2024-05-01T15:19:51","date_gmt":"2024-05-01T13:19:51","guid":{"rendered":"http:\/\/www.cie-ktalop.com\/?page_id=1122"},"modified":"2025-09-19T00:02:20","modified_gmt":"2025-09-18T22:02:20","slug":"choeur-de-clown-et-duo-trio","status":"publish","type":"page","link":"https:\/\/www.cie-ktalop.com\/index.php\/stages\/choeur-de-clown-et-duo-trio\/","title":{"rendered":"Multiple de Clown (Annul\u00e9)"},"content":{"rendered":"\n<p class=\"has-text-align-center has-large-font-size\">Multiple de Clown &#8211; Annul\u00e9<\/p>\n\n\n\n<div class=\"is-layout-flex wp-container-17 wp-block-columns\">\n<div class=\"is-layout-flow wp-block-column\">\n<div class=\"is-layout-flex wp-container-3 wp-block-columns\">\n<div class=\"is-layout-flow wp-block-column\">\n<figure class=\"wp-block-image size-full\"><img decoding=\"async\" loading=\"lazy\" width=\"71\" height=\"71\" src=\"http:\/\/www.cie-ktalop.com\/wp-content\/uploads\/2024\/05\/Price.png\" alt=\"\" class=\"wp-image-1116\"\/><\/figure>\n<\/div>\n\n\n\n<div class=\"is-layout-flow wp-block-column\">\n<p class=\"has-small-font-size\">375\u20ac (R\u00e9duit 300\u20ac)<\/p>\n<\/div>\n<\/div>\n<\/div>\n\n\n\n<div class=\"is-layout-flow wp-block-column\">\n<div class=\"is-layout-flex wp-container-7 wp-block-columns\">\n<div class=\"is-layout-flow wp-block-column\">\n<figure class=\"wp-block-image size-full\"><img decoding=\"async\" loading=\"lazy\" width=\"71\" height=\"71\" src=\"http:\/\/www.cie-ktalop.com\/wp-content\/uploads\/2024\/05\/Calendar.png\" alt=\"\" class=\"wp-image-1113\"\/><\/figure>\n<\/div>\n\n\n\n<div class=\"is-layout-flow wp-block-column\">\n<p class=\"has-small-font-size\">Du 04\/02\/2026 <\/p>\n\n\n\n<p class=\"has-small-font-size\">au 07\/02\/2026<\/p>\n<\/div>\n<\/div>\n<\/div>\n\n\n\n<div class=\"is-layout-flow wp-block-column\">\n<div class=\"is-layout-flex wp-container-11 wp-block-columns\">\n<div class=\"is-layout-flow wp-block-column\">\n<figure class=\"wp-block-image size-full\"><img decoding=\"async\" loading=\"lazy\" width=\"71\" height=\"71\" src=\"http:\/\/www.cie-ktalop.com\/wp-content\/uploads\/2024\/05\/Pin.png\" alt=\"\" class=\"wp-image-1115\"\/><\/figure>\n<\/div>\n\n\n\n<div class=\"is-layout-flow wp-block-column\">\n<p class=\"has-small-font-size\">La Laiterie (St Juery 81)<\/p>\n<\/div>\n<\/div>\n<\/div>\n\n\n\n<div class=\"is-layout-flow wp-block-column\">\n<div class=\"is-layout-flex wp-container-15 wp-block-columns\">\n<div class=\"is-layout-flow wp-block-column\">\n<figure class=\"wp-block-image size-full\"><img decoding=\"async\" loading=\"lazy\" width=\"71\" height=\"71\" src=\"http:\/\/www.cie-ktalop.com\/wp-content\/uploads\/2024\/05\/Group.png\" alt=\"\" class=\"wp-image-1114\"\/><\/figure>\n<\/div>\n\n\n\n<div class=\"is-layout-flow wp-block-column\">\n<p class=\"has-vivid-red-color has-text-color has-small-font-size\">12 p<\/p>\n<\/div>\n<\/div>\n<\/div>\n<\/div>\n\n\n\n<p>Le Clown est une cr\u00e9ature sociale et organique propre \u00e0 chacun\u2026 lorsque plusieurs cr\u00e9atures Clowns se retrouvent ensemble, le groupe de Clowns ne devient plus qu\u2019un, tel un ch\u0153ur, avec la m\u00eame \u00e9nergie, la m\u00eame intention, le m\u00eame but\u2026 n\u2019ayant qu\u2019un seul et m\u00eame C\u0153ur tout en gardant son identit\u00e9, sa particularit\u00e9, son individualit\u00e9.<br>Un savoureux m\u00e9lange entre la coh\u00e9sion et la rupture, l\u2019empathie et la singularit\u00e9, entre le vivre ensemble et l\u2019\u00e9go\u00efsme.<\/p>\n\n\n\n<p class=\"has-medium-font-size\">Formateur: <a href=\"http:\/\/www.cie-ktalop.com\/index.php\/comediens\/mike-bureaux-alias-djo-chabbert\/\" data-type=\"page\" data-id=\"107\">Mike Bureaux<\/a> et <a href=\"http:\/\/www.cie-ktalop.com\/index.php\/comediens\/emilie-jehenne\/\" data-type=\"page\" data-id=\"567\">Emilie Jehenne<\/a><\/p>\n\n\n\n<div class=\"is-content-justification-center is-layout-flex wp-container-18 wp-block-buttons\">\n<div class=\"wp-block-button is-style-outline\"><a class=\"wp-block-button__link has-vivid-red-color has-text-color wp-element-button\" href=\"http:\/\/www.cie-ktalop.com\/index.php\/inscription-stage-clown\/\">JE M&rsquo;INSCRIS<\/a><\/div>\n<\/div>\n\n\n\n<p><strong>Informations&nbsp;compl\u00e9mentaires<\/strong><br>Frais d\u2019adh\u00e9sions 15\u20ac<br>Atelier adulte ouvert \u00e0 tous\u00b7tes ayant suivi au moins un stage cr\u00e9ature de la compagnie Ktalop ou exp\u00e9riment\u00e9\u00b7es (apr\u00e8s entretien t\u00e9l\u00e9phonique)<br>Venir avec des v\u00eatements sobres et d\u00e9contract\u00e9s<\/p>\n","protected":false},"excerpt":{"rendered":"<p>Multiple de Clown &#8211; Annul\u00e9 375\u20ac (R\u00e9duit 300\u20ac) Du 04\/02\/2026 au 07\/02\/2026 La Laiterie (St Juery 81) 12 p Le Clown est une cr\u00e9ature sociale et organique propre \u00e0 chacun\u2026 lorsque plusieurs cr\u00e9atures Clowns se retrouvent ensemble, le groupe de Clowns ne devient plus qu\u2019un, tel un ch\u0153ur, avec la m\u00eame \u00e9nergie, la m\u00eame intention, [&hellip;]<\/p>\n","protected":false},"author":1,"featured_media":0,"parent":677,"menu_order":2,"comment_status":"closed","ping_status":"closed","template":"","meta":{"_mi_skip_tracking":false},"_links":{"self":[{"href":"https:\/\/www.cie-ktalop.com\/index.php\/wp-json\/wp\/v2\/pages\/1122"}],"collection":[{"href":"https:\/\/www.cie-ktalop.com\/index.php\/wp-json\/wp\/v2\/pages"}],"about":[{"href":"https:\/\/www.cie-ktalop.com\/index.php\/wp-json\/wp\/v2\/types\/page"}],"author":[{"embeddable":true,"href":"https:\/\/www.cie-ktalop.com\/index.php\/wp-json\/wp\/v2\/users\/1"}],"replies":[{"embeddable":true,"href":"https:\/\/www.cie-ktalop.com\/index.php\/wp-json\/wp\/v2\/comments?post=1122"}],"version-history":[{"count":10,"href":"https:\/\/www.cie-ktalop.com\/index.php\/wp-json\/wp\/v2\/pages\/1122\/revisions"}],"predecessor-version":[{"id":1493,"href":"https:\/\/www.cie-ktalop.com\/index.php\/wp-json\/wp\/v2\/pages\/1122\/revisions\/1493"}],"up":[{"embeddable":true,"href":"https:\/\/www.cie-ktalop.com\/index.php\/wp-json\/wp\/v2\/pages\/677"}],"wp:attachment":[{"href":"https:\/\/www.cie-ktalop.com\/index.php\/wp-json\/wp\/v2\/media?parent=1122"}],"curies":[{"name":"wp","href":"https:\/\/api.w.org\/{rel}","templated":true}]}}