{"id":1124,"date":"2024-05-01T15:28:09","date_gmt":"2024-05-01T13:28:09","guid":{"rendered":"http:\/\/www.cie-ktalop.com\/?page_id=1124"},"modified":"2025-07-05T13:12:45","modified_gmt":"2025-07-05T11:12:45","slug":"ecriture-plateau","status":"publish","type":"page","link":"https:\/\/www.cie-ktalop.com\/index.php\/stages\/ecriture-plateau\/","title":{"rendered":"\u00c9criture plateau"},"content":{"rendered":"\n<p class=\"has-text-align-center has-large-font-size\">\u00c9criture Plateau<\/p>\n\n\n\n<div class=\"is-layout-flex wp-container-17 wp-block-columns\">\n<div class=\"is-layout-flow wp-block-column\">\n<div class=\"is-layout-flex wp-container-3 wp-block-columns\">\n<div class=\"is-layout-flow wp-block-column\">\n<figure class=\"wp-block-image size-full\"><img decoding=\"async\" loading=\"lazy\" width=\"71\" height=\"71\" src=\"http:\/\/www.cie-ktalop.com\/wp-content\/uploads\/2024\/05\/Price.png\" alt=\"\" class=\"wp-image-1116\"\/><\/figure>\n<\/div>\n\n\n\n<div class=\"is-layout-flow wp-block-column\">\n<p class=\"has-small-font-size\">450\u20ac (R\u00e9duit 360\u20ac)<\/p>\n<\/div>\n<\/div>\n<\/div>\n\n\n\n<div class=\"is-layout-flow wp-block-column\">\n<div class=\"is-layout-flex wp-container-7 wp-block-columns\">\n<div class=\"is-layout-flow wp-block-column\">\n<figure class=\"wp-block-image size-full\"><img decoding=\"async\" loading=\"lazy\" width=\"71\" height=\"71\" src=\"http:\/\/www.cie-ktalop.com\/wp-content\/uploads\/2024\/05\/Calendar.png\" alt=\"\" class=\"wp-image-1113\"\/><\/figure>\n<\/div>\n\n\n\n<div class=\"is-layout-flow wp-block-column\">\n<p class=\"has-small-font-size\">Du 27\/04\/2026 <\/p>\n\n\n\n<p class=\"has-small-font-size\">au 02\/05\/2026<\/p>\n<\/div>\n<\/div>\n<\/div>\n\n\n\n<div class=\"is-layout-flow wp-block-column\">\n<div class=\"is-layout-flex wp-container-11 wp-block-columns\">\n<div class=\"is-layout-flow wp-block-column\">\n<figure class=\"wp-block-image size-full\"><img decoding=\"async\" loading=\"lazy\" width=\"71\" height=\"71\" src=\"http:\/\/www.cie-ktalop.com\/wp-content\/uploads\/2024\/05\/Pin.png\" alt=\"\" class=\"wp-image-1115\"\/><\/figure>\n<\/div>\n\n\n\n<div class=\"is-layout-flow wp-block-column\">\n<p class=\"has-small-font-size\">Les Zatypik (Salvagnac)<\/p>\n<\/div>\n<\/div>\n<\/div>\n\n\n\n<div class=\"is-layout-flow wp-block-column\">\n<div class=\"is-layout-flex wp-container-15 wp-block-columns\">\n<div class=\"is-layout-flow wp-block-column\">\n<figure class=\"wp-block-image size-full\"><img decoding=\"async\" loading=\"lazy\" width=\"71\" height=\"71\" src=\"http:\/\/www.cie-ktalop.com\/wp-content\/uploads\/2024\/05\/Group.png\" alt=\"\" class=\"wp-image-1114\"\/><\/figure>\n<\/div>\n\n\n\n<div class=\"is-layout-flow wp-block-column\">\n<p class=\"has-text-align-center has-vivid-red-color has-text-color has-small-font-size\">6p<\/p>\n<\/div>\n<\/div>\n<\/div>\n<\/div>\n\n\n\n<p>Le clown est par essence un\u00b7e acteur\u00b7rice doubl\u00e9 d\u2019un\u00b7e auteur\u00b7rice. Par l\u2019improvisation, il\/elle \u00e9crit en direct en contact avec le public. Par ses num\u00e9ros ou spectacles, il\/elle structure son \u00e9criture, son r\u00e9cit dramaturgique, il\/elle l\u2019affine, l\u2019enrichit de surprises, de conflits, d\u2019exploits ou m\u00eame de gags, apprend \u00e0 reproduire, dans le but de tenir le public en haleine tout en le faisant rire.<br>Ce stage sur 6 jours vas permettre \u00e0 celle et ceux qui le souhaitent de faire leur premi\u00e8re exp\u00e9rience d\u2019\u00e9criture de num\u00e9ro qui pourra \u00eatre pr\u00e9sent\u00e9 \u00e0 un petit public.<\/p>\n\n\n\n<p><\/p>\n\n\n\n<p class=\"has-medium-font-size\">Formateur: <a href=\"http:\/\/www.cie-ktalop.com\/index.php\/comediens\/mike-bureaux-alias-djo-chabbert\/\" data-type=\"page\" data-id=\"107\">Mike Bureaux<\/a><\/p>\n\n\n\n<div class=\"is-content-justification-center is-layout-flex wp-container-18 wp-block-buttons\">\n<div class=\"wp-block-button is-style-outline\"><a class=\"wp-block-button__link has-vivid-red-color has-text-color wp-element-button\" href=\"http:\/\/www.cie-ktalop.com\/index.php\/inscription-stage-clown\/\">JE M&rsquo;INSCRIS<\/a><\/div>\n<\/div>\n\n\n\n<figure class=\"is-layout-flex wp-block-gallery-19 wp-block-gallery has-nested-images columns-default is-cropped\">\n<figure class=\"wp-block-image size-large\"><a href=\"https:\/\/www.cie-ktalop.com\/wp-content\/uploads\/2025\/07\/PHOTO-2025-05-03-15-05-35-1.jpeg\"><img decoding=\"async\" loading=\"lazy\" width=\"768\" height=\"1024\" data-id=\"1447\"  src=\"https:\/\/www.cie-ktalop.com\/wp-content\/uploads\/2025\/07\/PHOTO-2025-05-03-15-05-35-1-768x1024.jpeg\" alt=\"\" class=\"wp-image-1447\" srcset=\"https:\/\/www.cie-ktalop.com\/wp-content\/uploads\/2025\/07\/PHOTO-2025-05-03-15-05-35-1-768x1024.jpeg 768w, https:\/\/www.cie-ktalop.com\/wp-content\/uploads\/2025\/07\/PHOTO-2025-05-03-15-05-35-1-225x300.jpeg 225w, https:\/\/www.cie-ktalop.com\/wp-content\/uploads\/2025\/07\/PHOTO-2025-05-03-15-05-35-1-1152x1536.jpeg 1152w, https:\/\/www.cie-ktalop.com\/wp-content\/uploads\/2025\/07\/PHOTO-2025-05-03-15-05-35-1.jpeg 1536w\" sizes=\"(max-width: 768px) 100vw, 768px\" \/><\/a><\/figure>\n\n\n\n<figure class=\"wp-block-image size-large\"><a href=\"https:\/\/www.cie-ktalop.com\/wp-content\/uploads\/2025\/07\/PHOTO-2025-05-03-15-05-33-1.jpeg\"><img decoding=\"async\" loading=\"lazy\" width=\"768\" height=\"1024\" data-id=\"1446\"  src=\"https:\/\/www.cie-ktalop.com\/wp-content\/uploads\/2025\/07\/PHOTO-2025-05-03-15-05-33-1-768x1024.jpeg\" alt=\"\" class=\"wp-image-1446\" srcset=\"https:\/\/www.cie-ktalop.com\/wp-content\/uploads\/2025\/07\/PHOTO-2025-05-03-15-05-33-1-768x1024.jpeg 768w, https:\/\/www.cie-ktalop.com\/wp-content\/uploads\/2025\/07\/PHOTO-2025-05-03-15-05-33-1-225x300.jpeg 225w, https:\/\/www.cie-ktalop.com\/wp-content\/uploads\/2025\/07\/PHOTO-2025-05-03-15-05-33-1-1152x1536.jpeg 1152w, https:\/\/www.cie-ktalop.com\/wp-content\/uploads\/2025\/07\/PHOTO-2025-05-03-15-05-33-1.jpeg 1536w\" sizes=\"(max-width: 768px) 100vw, 768px\" \/><\/a><\/figure>\n\n\n\n<figure class=\"wp-block-image size-large\"><a href=\"https:\/\/www.cie-ktalop.com\/wp-content\/uploads\/2025\/07\/PHOTO-2025-05-03-15-05-32-1.jpeg\"><img decoding=\"async\" loading=\"lazy\" width=\"768\" height=\"1024\" data-id=\"1445\"  src=\"https:\/\/www.cie-ktalop.com\/wp-content\/uploads\/2025\/07\/PHOTO-2025-05-03-15-05-32-1-768x1024.jpeg\" alt=\"\" class=\"wp-image-1445\" srcset=\"https:\/\/www.cie-ktalop.com\/wp-content\/uploads\/2025\/07\/PHOTO-2025-05-03-15-05-32-1-768x1024.jpeg 768w, https:\/\/www.cie-ktalop.com\/wp-content\/uploads\/2025\/07\/PHOTO-2025-05-03-15-05-32-1-225x300.jpeg 225w, https:\/\/www.cie-ktalop.com\/wp-content\/uploads\/2025\/07\/PHOTO-2025-05-03-15-05-32-1-1152x1536.jpeg 1152w, https:\/\/www.cie-ktalop.com\/wp-content\/uploads\/2025\/07\/PHOTO-2025-05-03-15-05-32-1.jpeg 1536w\" sizes=\"(max-width: 768px) 100vw, 768px\" \/><\/a><\/figure>\n\n\n\n<figure class=\"wp-block-image size-large\"><a href=\"https:\/\/www.cie-ktalop.com\/wp-content\/uploads\/2025\/07\/PHOTO-2025-05-03-15-05-27-1.jpeg\"><img decoding=\"async\" loading=\"lazy\" width=\"768\" height=\"1024\" data-id=\"1444\"  src=\"https:\/\/www.cie-ktalop.com\/wp-content\/uploads\/2025\/07\/PHOTO-2025-05-03-15-05-27-1-768x1024.jpeg\" alt=\"\" class=\"wp-image-1444\" srcset=\"https:\/\/www.cie-ktalop.com\/wp-content\/uploads\/2025\/07\/PHOTO-2025-05-03-15-05-27-1-768x1024.jpeg 768w, https:\/\/www.cie-ktalop.com\/wp-content\/uploads\/2025\/07\/PHOTO-2025-05-03-15-05-27-1-225x300.jpeg 225w, https:\/\/www.cie-ktalop.com\/wp-content\/uploads\/2025\/07\/PHOTO-2025-05-03-15-05-27-1-1152x1536.jpeg 1152w, https:\/\/www.cie-ktalop.com\/wp-content\/uploads\/2025\/07\/PHOTO-2025-05-03-15-05-27-1.jpeg 1536w\" sizes=\"(max-width: 768px) 100vw, 768px\" \/><\/a><\/figure>\n\n\n\n<figure class=\"wp-block-image size-large\"><a href=\"https:\/\/www.cie-ktalop.com\/wp-content\/uploads\/2025\/07\/PHOTO-2025-05-02-22-59-28-4.jpeg\"><img decoding=\"async\" loading=\"lazy\" width=\"771\" height=\"1024\" data-id=\"1443\"  src=\"https:\/\/www.cie-ktalop.com\/wp-content\/uploads\/2025\/07\/PHOTO-2025-05-02-22-59-28-4-771x1024.jpeg\" alt=\"\" class=\"wp-image-1443\" srcset=\"https:\/\/www.cie-ktalop.com\/wp-content\/uploads\/2025\/07\/PHOTO-2025-05-02-22-59-28-4-771x1024.jpeg 771w, https:\/\/www.cie-ktalop.com\/wp-content\/uploads\/2025\/07\/PHOTO-2025-05-02-22-59-28-4-226x300.jpeg 226w, https:\/\/www.cie-ktalop.com\/wp-content\/uploads\/2025\/07\/PHOTO-2025-05-02-22-59-28-4-768x1020.jpeg 768w, https:\/\/www.cie-ktalop.com\/wp-content\/uploads\/2025\/07\/PHOTO-2025-05-02-22-59-28-4-1157x1536.jpeg 1157w, https:\/\/www.cie-ktalop.com\/wp-content\/uploads\/2025\/07\/PHOTO-2025-05-02-22-59-28-4.jpeg 1536w\" sizes=\"(max-width: 771px) 100vw, 771px\" \/><\/a><\/figure>\n\n\n\n<figure class=\"wp-block-image size-large\"><a href=\"https:\/\/www.cie-ktalop.com\/wp-content\/uploads\/2025\/07\/PHOTO-2025-05-02-22-59-25-3-1.jpeg\"><img decoding=\"async\" loading=\"lazy\" width=\"771\" height=\"1024\" data-id=\"1441\"  src=\"https:\/\/www.cie-ktalop.com\/wp-content\/uploads\/2025\/07\/PHOTO-2025-05-02-22-59-25-3-1-771x1024.jpeg\" alt=\"\" class=\"wp-image-1441\" srcset=\"https:\/\/www.cie-ktalop.com\/wp-content\/uploads\/2025\/07\/PHOTO-2025-05-02-22-59-25-3-1-771x1024.jpeg 771w, https:\/\/www.cie-ktalop.com\/wp-content\/uploads\/2025\/07\/PHOTO-2025-05-02-22-59-25-3-1-226x300.jpeg 226w, https:\/\/www.cie-ktalop.com\/wp-content\/uploads\/2025\/07\/PHOTO-2025-05-02-22-59-25-3-1-768x1020.jpeg 768w, https:\/\/www.cie-ktalop.com\/wp-content\/uploads\/2025\/07\/PHOTO-2025-05-02-22-59-25-3-1-1157x1536.jpeg 1157w, https:\/\/www.cie-ktalop.com\/wp-content\/uploads\/2025\/07\/PHOTO-2025-05-02-22-59-25-3-1.jpeg 1536w\" sizes=\"(max-width: 771px) 100vw, 771px\" \/><\/a><\/figure>\n<\/figure>\n\n\n\n<p><strong>Informations&nbsp;compl\u00e9mentaires<\/strong><br>Frais d\u2019adh\u00e9sions 15\u20ac<br>Frais d&rsquo;h\u00e9bergement 50\u20ac + repas midi (13\u20ac\/repas)<br>Atelier adulte ouvert \u00e0 tous\u00b7tes ayant d\u00e9j\u00e0 une certaine exp\u00e9rience du Clown ou de la sc\u00e8ne (sur dossier et entretien)<br>Venir avec des v\u00eatements sobres et d\u00e9contract\u00e9s<\/p>\n","protected":false},"excerpt":{"rendered":"<p>\u00c9criture Plateau 450\u20ac (R\u00e9duit 360\u20ac) Du 27\/04\/2026 au 02\/05\/2026 Les Zatypik (Salvagnac) 6p Le clown est par essence un\u00b7e acteur\u00b7rice doubl\u00e9 d\u2019un\u00b7e auteur\u00b7rice. Par l\u2019improvisation, il\/elle \u00e9crit en direct en contact avec le public. Par ses num\u00e9ros ou spectacles, il\/elle structure son \u00e9criture, son r\u00e9cit dramaturgique, il\/elle l\u2019affine, l\u2019enrichit de surprises, de conflits, d\u2019exploits ou [&hellip;]<\/p>\n","protected":false},"author":1,"featured_media":1438,"parent":677,"menu_order":3,"comment_status":"closed","ping_status":"closed","template":"","meta":{"_mi_skip_tracking":false},"_links":{"self":[{"href":"https:\/\/www.cie-ktalop.com\/index.php\/wp-json\/wp\/v2\/pages\/1124"}],"collection":[{"href":"https:\/\/www.cie-ktalop.com\/index.php\/wp-json\/wp\/v2\/pages"}],"about":[{"href":"https:\/\/www.cie-ktalop.com\/index.php\/wp-json\/wp\/v2\/types\/page"}],"author":[{"embeddable":true,"href":"https:\/\/www.cie-ktalop.com\/index.php\/wp-json\/wp\/v2\/users\/1"}],"replies":[{"embeddable":true,"href":"https:\/\/www.cie-ktalop.com\/index.php\/wp-json\/wp\/v2\/comments?post=1124"}],"version-history":[{"count":12,"href":"https:\/\/www.cie-ktalop.com\/index.php\/wp-json\/wp\/v2\/pages\/1124\/revisions"}],"predecessor-version":[{"id":1449,"href":"https:\/\/www.cie-ktalop.com\/index.php\/wp-json\/wp\/v2\/pages\/1124\/revisions\/1449"}],"up":[{"embeddable":true,"href":"https:\/\/www.cie-ktalop.com\/index.php\/wp-json\/wp\/v2\/pages\/677"}],"wp:featuredmedia":[{"embeddable":true,"href":"https:\/\/www.cie-ktalop.com\/index.php\/wp-json\/wp\/v2\/media\/1438"}],"wp:attachment":[{"href":"https:\/\/www.cie-ktalop.com\/index.php\/wp-json\/wp\/v2\/media?parent=1124"}],"curies":[{"name":"wp","href":"https:\/\/api.w.org\/{rel}","templated":true}]}}