{"id":1127,"date":"2024-05-01T15:32:09","date_gmt":"2024-05-01T13:32:09","guid":{"rendered":"http:\/\/www.cie-ktalop.com\/?page_id=1127"},"modified":"2025-12-07T19:10:15","modified_gmt":"2025-12-07T18:10:15","slug":"clown-en-rue","status":"publish","type":"page","link":"https:\/\/www.cie-ktalop.com\/index.php\/stages\/clown-en-rue\/","title":{"rendered":"Clown en Rue"},"content":{"rendered":"\n<p class=\"has-text-align-center has-large-font-size\">Clown en Rue<\/p>\n\n\n\n<div class=\"is-layout-flex wp-container-17 wp-block-columns\">\n<div class=\"is-layout-flow wp-block-column\">\n<div class=\"is-layout-flex wp-container-3 wp-block-columns\">\n<div class=\"is-layout-flow wp-block-column\">\n<figure class=\"wp-block-image size-full\"><img decoding=\"async\" loading=\"lazy\" width=\"71\" height=\"71\" src=\"http:\/\/www.cie-ktalop.com\/wp-content\/uploads\/2024\/05\/Price.png\" alt=\"\" class=\"wp-image-1116\"\/><\/figure>\n<\/div>\n\n\n\n<div class=\"is-layout-flow wp-block-column\">\n<p class=\"has-small-font-size\">225\u20ac (R\u00e9duit 180\u20ac)<\/p>\n<\/div>\n<\/div>\n<\/div>\n\n\n\n<div class=\"is-layout-flow wp-block-column\">\n<div class=\"is-layout-flex wp-container-7 wp-block-columns\">\n<div class=\"is-layout-flow wp-block-column\">\n<figure class=\"wp-block-image size-full\"><img decoding=\"async\" loading=\"lazy\" width=\"71\" height=\"71\" src=\"http:\/\/www.cie-ktalop.com\/wp-content\/uploads\/2024\/05\/Calendar.png\" alt=\"\" class=\"wp-image-1113\"\/><\/figure>\n<\/div>\n\n\n\n<div class=\"is-layout-flow wp-block-column\">\n<p class=\"has-vivid-red-color has-text-color\">Du 15 au 17 Mai 2026<\/p>\n\n\n\n<p class=\"has-small-font-size\"><s>Du 29\/05\/2026au 31\/05\/2026<\/s><\/p>\n<\/div>\n<\/div>\n<\/div>\n\n\n\n<div class=\"is-layout-flow wp-block-column\">\n<div class=\"is-layout-flex wp-container-11 wp-block-columns\">\n<div class=\"is-layout-flow wp-block-column\">\n<figure class=\"wp-block-image size-full\"><img decoding=\"async\" loading=\"lazy\" width=\"71\" height=\"71\" src=\"http:\/\/www.cie-ktalop.com\/wp-content\/uploads\/2024\/05\/Pin.png\" alt=\"\" class=\"wp-image-1115\"\/><\/figure>\n<\/div>\n\n\n\n<div class=\"is-layout-flow wp-block-column\">\n<p class=\"has-small-font-size\">Toulouse<\/p>\n<\/div>\n<\/div>\n<\/div>\n\n\n\n<div class=\"is-layout-flow wp-block-column\">\n<div class=\"is-layout-flex wp-container-15 wp-block-columns\">\n<div class=\"is-layout-flow wp-block-column\">\n<figure class=\"wp-block-image size-full\"><img decoding=\"async\" loading=\"lazy\" width=\"71\" height=\"71\" src=\"http:\/\/www.cie-ktalop.com\/wp-content\/uploads\/2024\/05\/Group.png\" alt=\"\" class=\"wp-image-1114\"\/><\/figure>\n<\/div>\n\n\n\n<div class=\"is-layout-flow wp-block-column\">\n<p class=\"has-vivid-red-color has-text-color has-small-font-size\">10 p<\/p>\n<\/div>\n<\/div>\n<\/div>\n<\/div>\n\n\n\n<p class=\"has-medium-font-size\"><strong>Descriptif d\u2019introduction<\/strong><\/p>\n\n\n\n<p>Le clown dans l\u2019espace public est un \u00eatre de passage qui rencontre des gens de passage. Au hasard des rencontres, des relations se nouent, des histoires s\u2019\u00e9crivent, des destins se r\u00e9alisent\u2026<br>Ils sont deux, trois, quatre, cinq, six\u2026 De part leurs comportements d\u00e9cal\u00e9s et impertinents, ils questionnent la place de l\u2019individu dans le collectif et viennent mettre du sable dans les rouages de cette soci\u00e9t\u00e9 d\u00e9cadente\u2026 ou pas !<\/p>\n\n\n\n<p class=\"has-medium-font-size\"><strong>Objectifs<\/strong><\/p>\n\n\n\n<ul>\n<li>D\u00e9couvrir l&rsquo;art d&rsquo;interagir avec des passants qui ne nous attendent pas<\/li>\n\n\n\n<li>Ouvrir une interaction au public qui observe la situation<\/li>\n\n\n\n<li>Improviser sur l&rsquo;instant pr\u00e9sent<\/li>\n\n\n\n<li>Jouer en m\u00eame temps avec l&rsquo;\u00eatre primitif (la cr\u00e9ature) et le strat\u00e8ge (le\u00b7a com\u00e9dien\u00b7ne)<\/li>\n\n\n\n<li>Rester en jeu permanent et prendre chaque opportunit\u00e9 comme un cadeau de jeu<\/li>\n<\/ul>\n\n\n\n<p class=\"has-medium-font-size\"><strong>Programme<\/strong><\/p>\n\n\n\n<ul>\n<li>\u00c9chauffement et revu du Clown de base<\/li>\n\n\n\n<li>Partage du temps de travail entre temps plateau et temps rue<\/li>\n\n\n\n<li>Sorties en Ch\u0153ur, Duo et Solo<\/li>\n\n\n\n<li>Retour d&rsquo;exp\u00e9rience et reprise de r\u00f4le au plateau<\/li>\n<\/ul>\n\n\n\n<p class=\"has-medium-font-size\">Formateur: <a href=\"http:\/\/www.cie-ktalop.com\/index.php\/comediens\/mike-bureaux-alias-djo-chabbert\/\" data-type=\"page\" data-id=\"107\">Mike Bureaux<\/a><\/p>\n\n\n\n<div class=\"is-content-justification-center is-layout-flex wp-container-18 wp-block-buttons\">\n<div class=\"wp-block-button is-style-outline\"><a class=\"wp-block-button__link has-vivid-red-color has-text-color wp-element-button\" href=\"http:\/\/www.cie-ktalop.com\/index.php\/inscription-stage-clown\/\">JE M&rsquo;INSCRIS<\/a><\/div>\n<\/div>\n\n\n\n<figure class=\"is-layout-flex wp-block-gallery-19 wp-block-gallery has-nested-images columns-default is-cropped\">\n<figure class=\"wp-block-image size-large\"><a href=\"https:\/\/www.cie-ktalop.com\/wp-content\/uploads\/2025\/07\/IMG_8062-scaled.jpg\"><img decoding=\"async\" loading=\"lazy\" width=\"1024\" height=\"768\" data-id=\"1453\"  src=\"https:\/\/www.cie-ktalop.com\/wp-content\/uploads\/2025\/07\/IMG_8062-1024x768.jpg\" alt=\"\" class=\"wp-image-1453\" srcset=\"https:\/\/www.cie-ktalop.com\/wp-content\/uploads\/2025\/07\/IMG_8062-1024x768.jpg 1024w, https:\/\/www.cie-ktalop.com\/wp-content\/uploads\/2025\/07\/IMG_8062-300x225.jpg 300w, https:\/\/www.cie-ktalop.com\/wp-content\/uploads\/2025\/07\/IMG_8062-768x576.jpg 768w, https:\/\/www.cie-ktalop.com\/wp-content\/uploads\/2025\/07\/IMG_8062-1536x1152.jpg 1536w, https:\/\/www.cie-ktalop.com\/wp-content\/uploads\/2025\/07\/IMG_8062-2048x1536.jpg 2048w\" sizes=\"(max-width: 1024px) 100vw, 1024px\" \/><\/a><\/figure>\n\n\n\n<figure class=\"wp-block-image size-large\"><a href=\"https:\/\/www.cie-ktalop.com\/wp-content\/uploads\/2025\/07\/Rue_8083-scaled.jpg\"><img decoding=\"async\" loading=\"lazy\" width=\"1024\" height=\"768\" data-id=\"1456\"  src=\"https:\/\/www.cie-ktalop.com\/wp-content\/uploads\/2025\/07\/Rue_8083-1024x768.jpg\" alt=\"\" class=\"wp-image-1456\" srcset=\"https:\/\/www.cie-ktalop.com\/wp-content\/uploads\/2025\/07\/Rue_8083-1024x768.jpg 1024w, https:\/\/www.cie-ktalop.com\/wp-content\/uploads\/2025\/07\/Rue_8083-300x225.jpg 300w, https:\/\/www.cie-ktalop.com\/wp-content\/uploads\/2025\/07\/Rue_8083-768x576.jpg 768w, https:\/\/www.cie-ktalop.com\/wp-content\/uploads\/2025\/07\/Rue_8083-1536x1152.jpg 1536w, https:\/\/www.cie-ktalop.com\/wp-content\/uploads\/2025\/07\/Rue_8083-2048x1536.jpg 2048w\" sizes=\"(max-width: 1024px) 100vw, 1024px\" \/><\/a><\/figure>\n\n\n\n<figure class=\"wp-block-image size-large\"><a href=\"https:\/\/www.cie-ktalop.com\/wp-content\/uploads\/2025\/07\/Rue_8090-scaled.jpg\"><img decoding=\"async\" loading=\"lazy\" width=\"768\" height=\"1024\" data-id=\"1457\"  src=\"https:\/\/www.cie-ktalop.com\/wp-content\/uploads\/2025\/07\/Rue_8090-768x1024.jpg\" alt=\"\" class=\"wp-image-1457\" srcset=\"https:\/\/www.cie-ktalop.com\/wp-content\/uploads\/2025\/07\/Rue_8090-768x1024.jpg 768w, https:\/\/www.cie-ktalop.com\/wp-content\/uploads\/2025\/07\/Rue_8090-225x300.jpg 225w, https:\/\/www.cie-ktalop.com\/wp-content\/uploads\/2025\/07\/Rue_8090-1152x1536.jpg 1152w, https:\/\/www.cie-ktalop.com\/wp-content\/uploads\/2025\/07\/Rue_8090-1536x2048.jpg 1536w, https:\/\/www.cie-ktalop.com\/wp-content\/uploads\/2025\/07\/Rue_8090-scaled.jpg 1920w\" sizes=\"(max-width: 768px) 100vw, 768px\" \/><\/a><\/figure>\n\n\n\n<figure class=\"wp-block-image size-large\"><a href=\"https:\/\/www.cie-ktalop.com\/wp-content\/uploads\/2025\/07\/Rue_8112.jpg\"><img decoding=\"async\" loading=\"lazy\" width=\"576\" height=\"1024\" data-id=\"1458\"  src=\"https:\/\/www.cie-ktalop.com\/wp-content\/uploads\/2025\/07\/Rue_8112-576x1024.jpg\" alt=\"\" class=\"wp-image-1458\" srcset=\"https:\/\/www.cie-ktalop.com\/wp-content\/uploads\/2025\/07\/Rue_8112-576x1024.jpg 576w, https:\/\/www.cie-ktalop.com\/wp-content\/uploads\/2025\/07\/Rue_8112-169x300.jpg 169w, https:\/\/www.cie-ktalop.com\/wp-content\/uploads\/2025\/07\/Rue_8112-768x1365.jpg 768w, https:\/\/www.cie-ktalop.com\/wp-content\/uploads\/2025\/07\/Rue_8112-864x1536.jpg 864w, https:\/\/www.cie-ktalop.com\/wp-content\/uploads\/2025\/07\/Rue_8112-1152x2048.jpg 1152w, https:\/\/www.cie-ktalop.com\/wp-content\/uploads\/2025\/07\/Rue_8112.jpg 1208w\" sizes=\"(max-width: 576px) 100vw, 576px\" \/><\/a><\/figure>\n\n\n\n<figure class=\"wp-block-image size-large\"><a href=\"https:\/\/www.cie-ktalop.com\/wp-content\/uploads\/2025\/07\/Rue_8125-scaled.jpg\"><img decoding=\"async\" loading=\"lazy\" width=\"1024\" height=\"768\" data-id=\"1459\"  src=\"https:\/\/www.cie-ktalop.com\/wp-content\/uploads\/2025\/07\/Rue_8125-1024x768.jpg\" alt=\"\" class=\"wp-image-1459\" srcset=\"https:\/\/www.cie-ktalop.com\/wp-content\/uploads\/2025\/07\/Rue_8125-1024x768.jpg 1024w, https:\/\/www.cie-ktalop.com\/wp-content\/uploads\/2025\/07\/Rue_8125-300x225.jpg 300w, https:\/\/www.cie-ktalop.com\/wp-content\/uploads\/2025\/07\/Rue_8125-768x576.jpg 768w, https:\/\/www.cie-ktalop.com\/wp-content\/uploads\/2025\/07\/Rue_8125-1536x1152.jpg 1536w, https:\/\/www.cie-ktalop.com\/wp-content\/uploads\/2025\/07\/Rue_8125-2048x1536.jpg 2048w\" sizes=\"(max-width: 1024px) 100vw, 1024px\" \/><\/a><\/figure>\n<\/figure>\n\n\n\n<p><strong>Informations&nbsp;compl\u00e9mentaires<\/strong><br>Frais d\u2019adh\u00e9sions 15\u20ac<br>Frais p\u00e9dagogiques 225\u20ac (Tarif r\u00e9duit 180\u20ac)<br>Atelier adulte ouvert \u00e0 tous\u00b7tes ayant d\u00e9j\u00e0 une certaine exp\u00e9rience du Clown ou de la sc\u00e8ne (sur dossier)<br>Venir avec des v\u00eatements sobres et d\u00e9contract\u00e9s<\/p>\n","protected":false},"excerpt":{"rendered":"<p>Clown en Rue 225\u20ac (R\u00e9duit 180\u20ac) Du 15 au 17 Mai 2026 Du 29\/05\/2026au 31\/05\/2026 Toulouse 10 p Descriptif d\u2019introduction Le clown dans l\u2019espace public est un \u00eatre de passage qui rencontre des gens de passage. Au hasard des rencontres, des relations se nouent, des histoires s\u2019\u00e9crivent, des destins se r\u00e9alisent\u2026Ils sont deux, trois, quatre, [&hellip;]<\/p>\n","protected":false},"author":1,"featured_media":0,"parent":677,"menu_order":4,"comment_status":"closed","ping_status":"closed","template":"","meta":{"_mi_skip_tracking":false},"_links":{"self":[{"href":"https:\/\/www.cie-ktalop.com\/index.php\/wp-json\/wp\/v2\/pages\/1127"}],"collection":[{"href":"https:\/\/www.cie-ktalop.com\/index.php\/wp-json\/wp\/v2\/pages"}],"about":[{"href":"https:\/\/www.cie-ktalop.com\/index.php\/wp-json\/wp\/v2\/types\/page"}],"author":[{"embeddable":true,"href":"https:\/\/www.cie-ktalop.com\/index.php\/wp-json\/wp\/v2\/users\/1"}],"replies":[{"embeddable":true,"href":"https:\/\/www.cie-ktalop.com\/index.php\/wp-json\/wp\/v2\/comments?post=1127"}],"version-history":[{"count":13,"href":"https:\/\/www.cie-ktalop.com\/index.php\/wp-json\/wp\/v2\/pages\/1127\/revisions"}],"predecessor-version":[{"id":1520,"href":"https:\/\/www.cie-ktalop.com\/index.php\/wp-json\/wp\/v2\/pages\/1127\/revisions\/1520"}],"up":[{"embeddable":true,"href":"https:\/\/www.cie-ktalop.com\/index.php\/wp-json\/wp\/v2\/pages\/677"}],"wp:attachment":[{"href":"https:\/\/www.cie-ktalop.com\/index.php\/wp-json\/wp\/v2\/media?parent=1127"}],"curies":[{"name":"wp","href":"https:\/\/api.w.org\/{rel}","templated":true}]}}