{"id":1276,"date":"2024-10-04T16:12:20","date_gmt":"2024-10-04T14:12:20","guid":{"rendered":"https:\/\/www.cie-ktalop.com\/?page_id=1276"},"modified":"2024-10-04T16:14:11","modified_gmt":"2024-10-04T14:14:11","slug":"cecile-mauclair","status":"publish","type":"page","link":"https:\/\/www.cie-ktalop.com\/index.php\/comediens\/cecile-mauclair\/","title":{"rendered":"C\u00e9cile Mauclair"},"content":{"rendered":"\n<p class=\"has-medium-font-size\"><strong>C\u00e9cile Mauclair (Alias Com\u00e8te)<\/strong><\/p>\n\n\n\n<p>Amoureuse du clown depuis toujours, danseuse depuis l&rsquo;enfance, form\u00e9e \u00e0 la relation d&rsquo;aide ( \u00e9ducatrice sp\u00e9cialis\u00e9e), elle tisse des liens entre l&rsquo;art et le soin.<br>Depuis 10 ans, elle navigue comme clowne, essentiellement en milieu de soin, et comme com\u00e9dienne pour plusieurs cr\u00e9ations.&nbsp;<\/p>\n\n\n\n<p>Apr\u00e8s de multiples stages clown, elle suit en parall\u00e8le la Formation professionnelle de com\u00e9dienne au Th\u00e9\u00e2tre de l\u2019Acte et la formation Clown en milieu de soin de la Cie du Bout du Nez. Elle poursuit au CNAC, Clown \u00e0 l\u2019\u00e9preuve de la piste (avec Ludor Citrik, Paola Rizza, Gilles Defacques et Adell Nod\u00e9-Langlois).&nbsp;<\/p>\n\n\n\n<p>Pendant quelques ann\u00e9es, elle travaille avec la Cie de th\u00e9\u00e2tre Demain il fera jour et cr\u00e9e plusieurs spectacles, le solo MAGDALENA et le duo VIVRE !<\/p>\n\n\n\n<p>Sa derni\u00e8re cr\u00e9ation KomUn vient de voir le jour, un duo danse th\u00e9\u00e2tre autour de la relation port\u00e9 par Humanum Dance Company.&nbsp;<\/p>\n\n\n\n<p>Elle aime cr\u00e9er et accompagner\u2026.<\/p>\n\n\n\n<p>Que ce soit lors de ses stages clown ou aupr\u00e8s des com\u00e9diens dans leur recherche artistique.<\/p>\n","protected":false},"excerpt":{"rendered":"<p>C\u00e9cile Mauclair (Alias Com\u00e8te) Amoureuse du clown depuis toujours, danseuse depuis l&rsquo;enfance, form\u00e9e \u00e0 la relation d&rsquo;aide ( \u00e9ducatrice sp\u00e9cialis\u00e9e), elle tisse des liens entre l&rsquo;art et le soin.Depuis 10 ans, elle navigue comme clowne, essentiellement en milieu de soin, et comme com\u00e9dienne pour plusieurs cr\u00e9ations.&nbsp; Apr\u00e8s de multiples stages clown, elle suit en parall\u00e8le [&hellip;]<\/p>\n","protected":false},"author":1,"featured_media":1277,"parent":111,"menu_order":4,"comment_status":"closed","ping_status":"closed","template":"","meta":{"_mi_skip_tracking":false},"_links":{"self":[{"href":"https:\/\/www.cie-ktalop.com\/index.php\/wp-json\/wp\/v2\/pages\/1276"}],"collection":[{"href":"https:\/\/www.cie-ktalop.com\/index.php\/wp-json\/wp\/v2\/pages"}],"about":[{"href":"https:\/\/www.cie-ktalop.com\/index.php\/wp-json\/wp\/v2\/types\/page"}],"author":[{"embeddable":true,"href":"https:\/\/www.cie-ktalop.com\/index.php\/wp-json\/wp\/v2\/users\/1"}],"replies":[{"embeddable":true,"href":"https:\/\/www.cie-ktalop.com\/index.php\/wp-json\/wp\/v2\/comments?post=1276"}],"version-history":[{"count":3,"href":"https:\/\/www.cie-ktalop.com\/index.php\/wp-json\/wp\/v2\/pages\/1276\/revisions"}],"predecessor-version":[{"id":1281,"href":"https:\/\/www.cie-ktalop.com\/index.php\/wp-json\/wp\/v2\/pages\/1276\/revisions\/1281"}],"up":[{"embeddable":true,"href":"https:\/\/www.cie-ktalop.com\/index.php\/wp-json\/wp\/v2\/pages\/111"}],"wp:featuredmedia":[{"embeddable":true,"href":"https:\/\/www.cie-ktalop.com\/index.php\/wp-json\/wp\/v2\/media\/1277"}],"wp:attachment":[{"href":"https:\/\/www.cie-ktalop.com\/index.php\/wp-json\/wp\/v2\/media?parent=1276"}],"curies":[{"name":"wp","href":"https:\/\/api.w.org\/{rel}","templated":true}]}}