{"id":1376,"date":"2025-05-06T19:07:24","date_gmt":"2025-05-06T17:07:24","guid":{"rendered":"https:\/\/www.cie-ktalop.com\/?page_id=1376"},"modified":"2025-12-19T09:49:52","modified_gmt":"2025-12-19T08:49:52","slug":"les-tocccs","status":"publish","type":"page","link":"https:\/\/www.cie-ktalop.com\/index.php\/performances\/les-tocccs\/","title":{"rendered":"Les TOCCC&rsquo;S"},"content":{"rendered":"\n<p class=\"has-large-font-size\">La <strong>Brigade des TOCCC&rsquo;S<\/strong><\/p>\n\n\n\n<p>La <strong>Brigade des TOCCC&rsquo;S<\/strong> (Les Toqu\u00e9s Officiel des Congr\u00e8s, Colloques, Conf\u00e9rences et S\u00e9minaires) vient lib\u00e9rer les particules d&rsquo;oxyg\u00e8ne des cerveaux concentr\u00e9s, pour vivre un instant de d\u00e9calage du congr\u00e8s, de la conf\u00e9rence, du colloque ou du s\u00e9minaire. Rien n&rsquo;est s\u00e9rieux dans leur proposition, sauf le rire. Tout n&rsquo;est qu&rsquo;une alchimie de verbes et de corps. Les clowns surgissent sur la piste, au milieu des d\u00e9bats pour dire les non dits, pour surprendre la pens\u00e9e, pour susurrer les po\u00e9sies, pour faire jaillir le feu des sens cach\u00e9s. Impr\u00e9visible, tout autant que sensible, la brigade des TOCCCS ouvre les portes. Alors, laissez-vous tenter par l&rsquo;inattendu !<\/p>\n\n\n\n<p><strong>Notre champs lexical<\/strong>: Bouff\u00e9e d&rsquo;air, Oxyg\u00e8ne, soupape, improvisation, d\u00e9calage, compl\u00e9mentaire, impr\u00e9vu, inattendu, surprise, po\u00e9sie, touchant, audace<\/p>\n\n\n\n<p> <\/p>\n\n\n\n<h2>Qu&rsquo;est ce qu&rsquo;iels font ?<\/h2>\n\n\n\n<p>La brigade des TOCCC\u2019S est un l\u00e2ch\u00e9 de clowns en plein s\u00e9minaire, \u00e0 la fin d\u2019un colloque, \u00e0 la pause d\u2019un congr\u00e8s, apr\u00e8s un temps d\u2019intense r\u00e9flexion. Les clowns surgissent \u00e0 ce moment pr\u00e9cis o\u00f9 la respiration devient n\u00e9cessaire, o\u00f9 l\u2019\u00e9bullition est \u00e0 son paroxysme et o\u00f9 l\u2019assembl\u00e9e esp\u00e8re une respiration.<\/p>\n\n\n\n<p>En duo ou en trio, La brigade intervient pour allumer le feu sacr\u00e9 de l\u2019enthousiasme. Ces clowns ne sont pas savants, ni m\u00eame experts. Ils arrivent comme par inadvertance pour faire na\u00eetre le sourire, peut-\u00eatre le rire, en tout cas pour insuffler l\u2019\u00e9nergie du vivant.<\/p>\n\n\n\n<p>Pas de synth\u00e8se ou de d\u00e9tournement construit, \u00e0 la rigueur un d\u00e9calage du propos, na\u00eff et sinc\u00e8re, un regard d\u00e9plac\u00e9, un angle de vue contraire, invers\u00e9, un poirier alambiqu\u00e9. Les clowns ne sont pas l\u00e0 pour dire ce qu\u2019il faudrait clamer ou pas, ils ne sont pas l\u00e0 pour \u00e9noncer les v\u00e9rit\u00e9s ou expliquer la juste pens\u00e9e. Ils ne savent pas, puisqu\u2019ils ne sont d\u2019aucun des mondes connus. Par contre, les mots et les corps de ces \u00e9tranges cr\u00e9atures racontent l\u2019humanit\u00e9 perceptible dans l\u2019Assembl\u00e9e r\u00e9unie. N\u2019est-ce pas l\u00e0 l\u2019essentiel.<\/p>\n\n\n\n<p>Pour chaque intervention, tout sera improvis\u00e9. Mais, la brigade des TOCCC\u2019S en professionnel aura \u00e9couter avec la plus grande attention les propos relat\u00e9s. Aura-t-elle tout saisi&nbsp;?<\/p>\n\n\n\n<h2>Iels parlent de nous<\/h2>\n\n\n\n<blockquote class=\"wp-block-quote\">\n<p>Journ\u00e9e R\u00e9gionale Annuelle des EMPP &#8211; 18 Nov. 2025<\/p>\n\n\n\n<p>J&rsquo;ai fait appel aux clowns de Ktalop pour la journ\u00e9e r\u00e9gionale annuelle \u00e0 destination d&rsquo;\u00e9quipes de professionnels hospitaliers que j&rsquo;ai organis\u00e9e le 18 novembre dernier. Mon but \u00e9tait d&rsquo;apporter une dimension artistique \u00e0 cet \u00e9v\u00e9nement et offrir une touche de d\u00e9calage par rapport aux sujets autour de la sant\u00e9 mentale et sa prise en charge qui ont fait l&rsquo;objet de cette rencontre.<br>Ce fut une r\u00e9ussite incontestable.<\/p>\n\n\n\n<p><br>Les clowns ont apport\u00e9 un souffle de l\u00e9g\u00e8ret\u00e9 et d&rsquo;humour qui a permis aux participants de rire jusqu&rsquo;aux larmes et se d\u00e9tendre pendant les pauses et en fin de matin\u00e9e et d&rsquo;apr\u00e8s midi.<br>En plus, le fait de rester \u00e0 l&rsquo;\u00e9coute tout le long de la journ\u00e9e o\u00f9 des interventions th\u00e9oriques et des tables rondes se sont succ\u00e9d\u00e9, a permis \u00e0 nos clowns d&rsquo;\u00eatre tr\u00e8s pertinents dans les improvisations, en plus de leur effervescence cr\u00e9ative ! Il faut dire qu&rsquo;ils ont \u00e9galement effectu\u00e9 un travail s\u00e9rieux de pr\u00e9paration en amont sur des supports en lien avec la journ\u00e9e.<\/p>\n\n\n\n<p><br>Les participants de la rencontre ont \u00e9t\u00e9 vraiment ravis avec de tr\u00e8s nombreux retours enthousiastes.<br>Je recommande vivement la compagnie Ktalop, car leur performance marque les esprits et apporte une vraie valeur ajout\u00e9e \u00e0 une journ\u00e9e ou colloque professionnel.<\/p>\n<cite>Do\u00efna Zgureanu &#8211; CH Perens de Bordeaux<\/cite><\/blockquote>\n\n\n\n<blockquote class=\"wp-block-quote\">\n<p>Journ\u00e9e du SISM le 07 oct. 2025 par l&rsquo;UNAFAM 81<\/p>\n\n\n\n<p>Excellentes interventions toniques et dr\u00f4les pendant et en fin de conf\u00e9rence , bien coll\u00e9es au sujet de la soir\u00e9e<br>De mani\u00e8re humoristique , par les costumes, le maquillage,les expressions corporelles , les expressions orales, les besoins des adolescents, leur mal \u00eatre, ont bien \u00e9t\u00e9 mis en sc\u00e8ne.<br>Ainsi que les messages des conf\u00e9renciers .<br>Beaucoup de proximit\u00e9 avec les auditeurs<br>Un finish \u00e9blouissant, combien d&rsquo;actualit\u00e9<br>Bravo \u00e0 vous deux.<br>Une \u00e9quipe de com\u00e9diens \u00e0 recommander autour de soi<\/p>\n<cite>Sylvette<br><strong>UNAFAM D\u00e9l\u00e9gation d\u00e9partementale du Tarn&nbsp;<\/strong><\/cite><\/blockquote>\n\n\n\n<figure class=\"wp-block-pullquote\"><blockquote><p><strong>L&rsquo;AUDACE DE KTALOP CONQUIERT 400 PERSONNES \u00c0 CHAMPOLLION !<\/strong><br><br>\u00c0 l&rsquo;initiative du p\u00f4le m\u00e9dico-social albigeois, L&rsquo;\u00c9chapp\u00e9e Verte et l&rsquo;ensemble des \u00e9tablissements de la fili\u00e8re m\u00e9dico-sociale ANRAS ont fait appel \u00e0 la compagnie Ktalop le 2 avril 2025.&nbsp;<br>Leur intervention s&rsquo;est d\u00e9roul\u00e9e dans le cadre de la Journ\u00e9e mondiale de sensibilisation \u00e0 l&rsquo;autisme, lors d&rsquo;une conf\u00e9rence organis\u00e9e \u00e0 l&rsquo;Universit\u00e9 Champollion, Albi.<br>Cette rencontre a r\u00e9uni un public vari\u00e9 d&rsquo;acteurs institutionnels, professionnels du secteur social et m\u00e9dico-social, familles&#8230; Succ\u00e9dant \u00e0 des t\u00e9moignages \u00e9mouvants de parents, leur d\u00e9ambulation clownesque audacieuse a apport\u00e9 l\u00e9g\u00e8ret\u00e9 et sourires, tout en abordant avec justesse et sensibilit\u00e9 les enjeux \u00e9voqu\u00e9s.<\/p><cite><strong>Claude MESSAGER-NGUYEN<\/strong><br><strong>Directrice de l\u2019Echapp\u00e9e Verte<\/strong><br><strong>P\u00f4le m\u00e9dico-social de l\u2019Albigeois<\/strong><\/cite><\/blockquote><\/figure>\n\n\n\n<figure class=\"is-layout-flex wp-block-gallery-1 wp-block-gallery has-nested-images columns-5 is-cropped\">\n<figure class=\"wp-block-image size-large\"><a href=\"https:\/\/www.cie-ktalop.com\/wp-content\/uploads\/2025\/07\/IMG_8298.jpg\"><img decoding=\"async\" loading=\"lazy\" width=\"768\" height=\"1024\" data-id=\"1469\"  src=\"https:\/\/www.cie-ktalop.com\/wp-content\/uploads\/2025\/07\/IMG_8298-768x1024.jpg\" alt=\"\" class=\"wp-image-1469\" srcset=\"https:\/\/www.cie-ktalop.com\/wp-content\/uploads\/2025\/07\/IMG_8298-768x1024.jpg 768w, https:\/\/www.cie-ktalop.com\/wp-content\/uploads\/2025\/07\/IMG_8298-225x300.jpg 225w, https:\/\/www.cie-ktalop.com\/wp-content\/uploads\/2025\/07\/IMG_8298-1152x1536.jpg 1152w, https:\/\/www.cie-ktalop.com\/wp-content\/uploads\/2025\/07\/IMG_8298.jpg 1200w\" sizes=\"(max-width: 768px) 100vw, 768px\" \/><\/a><\/figure>\n\n\n\n<figure class=\"wp-block-image size-large\"><a href=\"https:\/\/www.cie-ktalop.com\/wp-content\/uploads\/2025\/07\/IMG_8290.jpg\"><img decoding=\"async\" loading=\"lazy\" width=\"768\" height=\"1024\" data-id=\"1470\"  src=\"https:\/\/www.cie-ktalop.com\/wp-content\/uploads\/2025\/07\/IMG_8290-768x1024.jpg\" alt=\"\" class=\"wp-image-1470\" srcset=\"https:\/\/www.cie-ktalop.com\/wp-content\/uploads\/2025\/07\/IMG_8290-768x1024.jpg 768w, https:\/\/www.cie-ktalop.com\/wp-content\/uploads\/2025\/07\/IMG_8290-225x300.jpg 225w, https:\/\/www.cie-ktalop.com\/wp-content\/uploads\/2025\/07\/IMG_8290-1152x1536.jpg 1152w, https:\/\/www.cie-ktalop.com\/wp-content\/uploads\/2025\/07\/IMG_8290.jpg 1200w\" sizes=\"(max-width: 768px) 100vw, 768px\" \/><\/a><\/figure>\n\n\n\n<figure class=\"wp-block-image size-large\"><a href=\"https:\/\/www.cie-ktalop.com\/wp-content\/uploads\/2025\/07\/IMG_8284.jpg\"><img decoding=\"async\" loading=\"lazy\" width=\"768\" height=\"1024\" data-id=\"1471\"  src=\"https:\/\/www.cie-ktalop.com\/wp-content\/uploads\/2025\/07\/IMG_8284-768x1024.jpg\" alt=\"\" class=\"wp-image-1471\" srcset=\"https:\/\/www.cie-ktalop.com\/wp-content\/uploads\/2025\/07\/IMG_8284-768x1023.jpg 768w, https:\/\/www.cie-ktalop.com\/wp-content\/uploads\/2025\/07\/IMG_8284-225x300.jpg 225w, https:\/\/www.cie-ktalop.com\/wp-content\/uploads\/2025\/07\/IMG_8284-1153x1536.jpg 1153w, https:\/\/www.cie-ktalop.com\/wp-content\/uploads\/2025\/07\/IMG_8284.jpg 1200w\" sizes=\"(max-width: 768px) 100vw, 768px\" \/><\/a><\/figure>\n\n\n\n<figure class=\"wp-block-image size-large\"><a href=\"https:\/\/www.cie-ktalop.com\/wp-content\/uploads\/2025\/07\/IMG_8280.jpg\"><img decoding=\"async\" loading=\"lazy\" width=\"1024\" height=\"768\" data-id=\"1472\"  src=\"https:\/\/www.cie-ktalop.com\/wp-content\/uploads\/2025\/07\/IMG_8280-1024x768.jpg\" alt=\"\" class=\"wp-image-1472\" srcset=\"https:\/\/www.cie-ktalop.com\/wp-content\/uploads\/2025\/07\/IMG_8280-1024x768.jpg 1024w, https:\/\/www.cie-ktalop.com\/wp-content\/uploads\/2025\/07\/IMG_8280-300x225.jpg 300w, https:\/\/www.cie-ktalop.com\/wp-content\/uploads\/2025\/07\/IMG_8280-768x576.jpg 768w, https:\/\/www.cie-ktalop.com\/wp-content\/uploads\/2025\/07\/IMG_8280-1536x1152.jpg 1536w, https:\/\/www.cie-ktalop.com\/wp-content\/uploads\/2025\/07\/IMG_8280.jpg 1600w\" sizes=\"(max-width: 1024px) 100vw, 1024px\" \/><\/a><\/figure>\n\n\n\n<figure class=\"wp-block-image size-large\"><a href=\"https:\/\/www.cie-ktalop.com\/wp-content\/uploads\/2025\/10\/Unafam-07102025-CC-02.jpeg\"><img decoding=\"async\" loading=\"lazy\" width=\"768\" height=\"1024\" data-id=\"1499\"  src=\"https:\/\/www.cie-ktalop.com\/wp-content\/uploads\/2025\/10\/Unafam-07102025-CC-02-768x1024.jpeg\" alt=\"\" class=\"wp-image-1499\" srcset=\"https:\/\/www.cie-ktalop.com\/wp-content\/uploads\/2025\/10\/Unafam-07102025-CC-02-768x1023.jpeg 768w, https:\/\/www.cie-ktalop.com\/wp-content\/uploads\/2025\/10\/Unafam-07102025-CC-02-225x300.jpeg 225w, https:\/\/www.cie-ktalop.com\/wp-content\/uploads\/2025\/10\/Unafam-07102025-CC-02-1153x1536.jpeg 1153w, https:\/\/www.cie-ktalop.com\/wp-content\/uploads\/2025\/10\/Unafam-07102025-CC-02.jpeg 1200w\" sizes=\"(max-width: 768px) 100vw, 768px\" \/><\/a><\/figure>\n\n\n\n<figure class=\"wp-block-image size-large\"><a href=\"https:\/\/www.cie-ktalop.com\/wp-content\/uploads\/2025\/10\/Unafam-07102025-CC-04.jpeg\"><img decoding=\"async\" loading=\"lazy\" width=\"768\" height=\"1024\" data-id=\"1501\"  src=\"https:\/\/www.cie-ktalop.com\/wp-content\/uploads\/2025\/10\/Unafam-07102025-CC-04-768x1024.jpeg\" alt=\"\" class=\"wp-image-1501\" srcset=\"https:\/\/www.cie-ktalop.com\/wp-content\/uploads\/2025\/10\/Unafam-07102025-CC-04-768x1023.jpeg 768w, https:\/\/www.cie-ktalop.com\/wp-content\/uploads\/2025\/10\/Unafam-07102025-CC-04-225x300.jpeg 225w, https:\/\/www.cie-ktalop.com\/wp-content\/uploads\/2025\/10\/Unafam-07102025-CC-04-1153x1536.jpeg 1153w, https:\/\/www.cie-ktalop.com\/wp-content\/uploads\/2025\/10\/Unafam-07102025-CC-04.jpeg 1200w\" sizes=\"(max-width: 768px) 100vw, 768px\" \/><\/a><\/figure>\n\n\n\n<figure class=\"wp-block-image size-large\"><a href=\"https:\/\/www.cie-ktalop.com\/wp-content\/uploads\/2025\/11\/Unafam-07102025-CC-02.jpeg\"><img decoding=\"async\" loading=\"lazy\" width=\"768\" height=\"1024\" data-id=\"1510\"  src=\"https:\/\/www.cie-ktalop.com\/wp-content\/uploads\/2025\/11\/Unafam-07102025-CC-02-768x1024.jpeg\" alt=\"\" class=\"wp-image-1510\" srcset=\"https:\/\/www.cie-ktalop.com\/wp-content\/uploads\/2025\/11\/Unafam-07102025-CC-02-768x1023.jpeg 768w, https:\/\/www.cie-ktalop.com\/wp-content\/uploads\/2025\/11\/Unafam-07102025-CC-02-225x300.jpeg 225w, https:\/\/www.cie-ktalop.com\/wp-content\/uploads\/2025\/11\/Unafam-07102025-CC-02-1153x1536.jpeg 1153w, https:\/\/www.cie-ktalop.com\/wp-content\/uploads\/2025\/11\/Unafam-07102025-CC-02.jpeg 1200w\" sizes=\"(max-width: 768px) 100vw, 768px\" \/><\/a><\/figure>\n\n\n\n<figure class=\"wp-block-image size-large\"><a href=\"https:\/\/www.cie-ktalop.com\/wp-content\/uploads\/2025\/11\/Unafam-07102025-CC-04.jpeg\"><img decoding=\"async\" loading=\"lazy\" width=\"768\" height=\"1024\" data-id=\"1511\"  src=\"https:\/\/www.cie-ktalop.com\/wp-content\/uploads\/2025\/11\/Unafam-07102025-CC-04-768x1024.jpeg\" alt=\"\" class=\"wp-image-1511\" srcset=\"https:\/\/www.cie-ktalop.com\/wp-content\/uploads\/2025\/11\/Unafam-07102025-CC-04-768x1023.jpeg 768w, https:\/\/www.cie-ktalop.com\/wp-content\/uploads\/2025\/11\/Unafam-07102025-CC-04-225x300.jpeg 225w, https:\/\/www.cie-ktalop.com\/wp-content\/uploads\/2025\/11\/Unafam-07102025-CC-04-1153x1536.jpeg 1153w, https:\/\/www.cie-ktalop.com\/wp-content\/uploads\/2025\/11\/Unafam-07102025-CC-04.jpeg 1200w\" sizes=\"(max-width: 768px) 100vw, 768px\" \/><\/a><\/figure>\n\n\n\n<figure class=\"wp-block-image size-large\"><a href=\"https:\/\/www.cie-ktalop.com\/wp-content\/uploads\/2025\/11\/IMG_9345-scaled.jpg\"><img decoding=\"async\" loading=\"lazy\" width=\"1024\" height=\"769\" data-id=\"1514\"  src=\"https:\/\/www.cie-ktalop.com\/wp-content\/uploads\/2025\/11\/IMG_9345-1024x769.jpg\" alt=\"\" class=\"wp-image-1514\" srcset=\"https:\/\/www.cie-ktalop.com\/wp-content\/uploads\/2025\/11\/IMG_9345-1024x769.jpg 1024w, https:\/\/www.cie-ktalop.com\/wp-content\/uploads\/2025\/11\/IMG_9345-300x225.jpg 300w, https:\/\/www.cie-ktalop.com\/wp-content\/uploads\/2025\/11\/IMG_9345-768x577.jpg 768w, https:\/\/www.cie-ktalop.com\/wp-content\/uploads\/2025\/11\/IMG_9345-1536x1154.jpg 1536w, https:\/\/www.cie-ktalop.com\/wp-content\/uploads\/2025\/11\/IMG_9345-2048x1539.jpg 2048w\" sizes=\"(max-width: 1024px) 100vw, 1024px\" \/><\/a><\/figure>\n\n\n\n<figure class=\"wp-block-image size-large\"><a href=\"https:\/\/www.cie-ktalop.com\/wp-content\/uploads\/2025\/11\/342c1118-ed7c-4108-844f-ed89df5e1381.jpg\"><img decoding=\"async\" loading=\"lazy\" width=\"1024\" height=\"768\" data-id=\"1513\"  src=\"https:\/\/www.cie-ktalop.com\/wp-content\/uploads\/2025\/11\/342c1118-ed7c-4108-844f-ed89df5e1381-1024x768.jpg\" alt=\"\" class=\"wp-image-1513\" srcset=\"https:\/\/www.cie-ktalop.com\/wp-content\/uploads\/2025\/11\/342c1118-ed7c-4108-844f-ed89df5e1381-1024x768.jpg 1024w, https:\/\/www.cie-ktalop.com\/wp-content\/uploads\/2025\/11\/342c1118-ed7c-4108-844f-ed89df5e1381-300x225.jpg 300w, https:\/\/www.cie-ktalop.com\/wp-content\/uploads\/2025\/11\/342c1118-ed7c-4108-844f-ed89df5e1381-768x576.jpg 768w, https:\/\/www.cie-ktalop.com\/wp-content\/uploads\/2025\/11\/342c1118-ed7c-4108-844f-ed89df5e1381-1536x1152.jpg 1536w, https:\/\/www.cie-ktalop.com\/wp-content\/uploads\/2025\/11\/342c1118-ed7c-4108-844f-ed89df5e1381.jpg 2048w\" sizes=\"(max-width: 1024px) 100vw, 1024px\" \/><\/a><\/figure>\n\n\n\n<figure class=\"wp-block-image size-large\"><a href=\"https:\/\/www.cie-ktalop.com\/wp-content\/uploads\/2025\/11\/IMG_20251118_110914-scaled.jpg\"><img decoding=\"async\" loading=\"lazy\" width=\"1024\" height=\"771\" data-id=\"1516\"  src=\"https:\/\/www.cie-ktalop.com\/wp-content\/uploads\/2025\/11\/IMG_20251118_110914-1024x771.jpg\" alt=\"\" class=\"wp-image-1516\" srcset=\"https:\/\/www.cie-ktalop.com\/wp-content\/uploads\/2025\/11\/IMG_20251118_110914-1024x771.jpg 1024w, https:\/\/www.cie-ktalop.com\/wp-content\/uploads\/2025\/11\/IMG_20251118_110914-300x226.jpg 300w, https:\/\/www.cie-ktalop.com\/wp-content\/uploads\/2025\/11\/IMG_20251118_110914-768x578.jpg 768w, https:\/\/www.cie-ktalop.com\/wp-content\/uploads\/2025\/11\/IMG_20251118_110914-1536x1157.jpg 1536w, https:\/\/www.cie-ktalop.com\/wp-content\/uploads\/2025\/11\/IMG_20251118_110914-2048x1542.jpg 2048w\" sizes=\"(max-width: 1024px) 100vw, 1024px\" \/><\/a><\/figure>\n\n\n\n<figure class=\"wp-block-image size-large\"><a href=\"https:\/\/www.cie-ktalop.com\/wp-content\/uploads\/2025\/11\/IMG_20251118_124533-scaled.jpg\"><img decoding=\"async\" loading=\"lazy\" width=\"1024\" height=\"771\" data-id=\"1515\"  src=\"https:\/\/www.cie-ktalop.com\/wp-content\/uploads\/2025\/11\/IMG_20251118_124533-1024x771.jpg\" alt=\"\" class=\"wp-image-1515\" srcset=\"https:\/\/www.cie-ktalop.com\/wp-content\/uploads\/2025\/11\/IMG_20251118_124533-1024x771.jpg 1024w, https:\/\/www.cie-ktalop.com\/wp-content\/uploads\/2025\/11\/IMG_20251118_124533-300x226.jpg 300w, https:\/\/www.cie-ktalop.com\/wp-content\/uploads\/2025\/11\/IMG_20251118_124533-768x578.jpg 768w, https:\/\/www.cie-ktalop.com\/wp-content\/uploads\/2025\/11\/IMG_20251118_124533-1536x1157.jpg 1536w, https:\/\/www.cie-ktalop.com\/wp-content\/uploads\/2025\/11\/IMG_20251118_124533-2048x1542.jpg 2048w\" sizes=\"(max-width: 1024px) 100vw, 1024px\" \/><\/a><\/figure>\n<\/figure>\n","protected":false},"excerpt":{"rendered":"<p>La Brigade des TOCCC&rsquo;S La Brigade des TOCCC&rsquo;S (Les Toqu\u00e9s Officiel des Congr\u00e8s, Colloques, Conf\u00e9rences et S\u00e9minaires) vient lib\u00e9rer les particules d&rsquo;oxyg\u00e8ne des cerveaux concentr\u00e9s, pour vivre un instant de d\u00e9calage du congr\u00e8s, de la conf\u00e9rence, du colloque ou du s\u00e9minaire. Rien n&rsquo;est s\u00e9rieux dans leur proposition, sauf le rire. Tout n&rsquo;est qu&rsquo;une alchimie de [&hellip;]<\/p>\n","protected":false},"author":1,"featured_media":1472,"parent":299,"menu_order":0,"comment_status":"closed","ping_status":"closed","template":"","meta":{"_mi_skip_tracking":false},"_links":{"self":[{"href":"https:\/\/www.cie-ktalop.com\/index.php\/wp-json\/wp\/v2\/pages\/1376"}],"collection":[{"href":"https:\/\/www.cie-ktalop.com\/index.php\/wp-json\/wp\/v2\/pages"}],"about":[{"href":"https:\/\/www.cie-ktalop.com\/index.php\/wp-json\/wp\/v2\/types\/page"}],"author":[{"embeddable":true,"href":"https:\/\/www.cie-ktalop.com\/index.php\/wp-json\/wp\/v2\/users\/1"}],"replies":[{"embeddable":true,"href":"https:\/\/www.cie-ktalop.com\/index.php\/wp-json\/wp\/v2\/comments?post=1376"}],"version-history":[{"count":21,"href":"https:\/\/www.cie-ktalop.com\/index.php\/wp-json\/wp\/v2\/pages\/1376\/revisions"}],"predecessor-version":[{"id":1525,"href":"https:\/\/www.cie-ktalop.com\/index.php\/wp-json\/wp\/v2\/pages\/1376\/revisions\/1525"}],"up":[{"embeddable":true,"href":"https:\/\/www.cie-ktalop.com\/index.php\/wp-json\/wp\/v2\/pages\/299"}],"wp:featuredmedia":[{"embeddable":true,"href":"https:\/\/www.cie-ktalop.com\/index.php\/wp-json\/wp\/v2\/media\/1472"}],"wp:attachment":[{"href":"https:\/\/www.cie-ktalop.com\/index.php\/wp-json\/wp\/v2\/media?parent=1376"}],"curies":[{"name":"wp","href":"https:\/\/api.w.org\/{rel}","templated":true}]}}