{"id":1535,"date":"2026-02-25T16:24:25","date_gmt":"2026-02-25T15:24:25","guid":{"rendered":"https:\/\/www.cie-ktalop.com\/?page_id=1535"},"modified":"2026-02-25T16:26:26","modified_gmt":"2026-02-25T15:26:26","slug":"desiree-bachelin-alias-madame","status":"publish","type":"page","link":"https:\/\/www.cie-ktalop.com\/index.php\/comediens\/desiree-bachelin-alias-madame\/","title":{"rendered":"D\u00e9sir\u00e9e Bachelin (Alias Madame)"},"content":{"rendered":"\n<p class=\"has-large-font-size\"><strong>D\u00e9sir\u00e9e Bachelin (Alias Madame)<\/strong><\/p>\n\n\n\n<p>Traverse les ann\u00e9es en cherchant obstin\u00e9ment \u201cComment survivre \u00e0 la vie?\u201d<\/p>\n\n\n\n<p>Des \u00e9tudes de psychologie, des ann\u00e9es dans les m\u00e9tiers de bouche , dix ans en cabinet&nbsp; de massage, lui permettent de rencontrer, nourrir et \u00eatre nourrie, par cette esp\u00e8ce \u00e9trange: les humain.e.s.<\/p>\n\n\n\n<p>Apr\u00e8s un cursus de facilitatrice en Life Art Process\u00ae en France et aux Etats Unis, elle anime des stages d\u2019ateliers expressifs \u00e0 Toulouse.&nbsp;<\/p>\n\n\n\n<p>En&nbsp; 2021, elle&nbsp; d\u00e9couvre le clown \u00e0 travers plusieurs stages et ateliers.&nbsp;<\/p>\n\n\n\n<p>Elle tombe amoureuse de cette cr\u00e9ature qui peut tout embrasser du vivant, humain et non humain, et commence des&nbsp; explorations solo en rue.<\/p>\n\n\n\n<p>En 2023, elle se forme avec le Th\u00e9\u00e2tre de l\u2019Acte, puis rejoint la compagnie A\u00ef\u00f4n, pour des d\u00e9ambulations po\u00e9tiques masqu\u00e9es.<\/p>\n\n\n\n<p>En parall\u00e8le elle intervient en bin\u00f4me avec Pascal Castello en th\u00e9\u00e2tre forum avec la compagnie Arc En Ciel Th\u00e9\u00e2tre.<\/p>\n\n\n\n<p>Elle rencontre la compagnie Ktalop dans son parcours de formation et l&rsquo;int\u00e8gre en 2025.<\/p>\n","protected":false},"excerpt":{"rendered":"<p>D\u00e9sir\u00e9e Bachelin (Alias Madame) Traverse les ann\u00e9es en cherchant obstin\u00e9ment \u201cComment survivre \u00e0 la vie?\u201d Des \u00e9tudes de psychologie, des ann\u00e9es dans les m\u00e9tiers de bouche , dix ans en cabinet&nbsp; de massage, lui permettent de rencontrer, nourrir et \u00eatre nourrie, par cette esp\u00e8ce \u00e9trange: les humain.e.s. Apr\u00e8s un cursus de facilitatrice en Life Art [&hellip;]<\/p>\n","protected":false},"author":1,"featured_media":1536,"parent":111,"menu_order":0,"comment_status":"closed","ping_status":"closed","template":"","meta":{"_mi_skip_tracking":false},"_links":{"self":[{"href":"https:\/\/www.cie-ktalop.com\/index.php\/wp-json\/wp\/v2\/pages\/1535"}],"collection":[{"href":"https:\/\/www.cie-ktalop.com\/index.php\/wp-json\/wp\/v2\/pages"}],"about":[{"href":"https:\/\/www.cie-ktalop.com\/index.php\/wp-json\/wp\/v2\/types\/page"}],"author":[{"embeddable":true,"href":"https:\/\/www.cie-ktalop.com\/index.php\/wp-json\/wp\/v2\/users\/1"}],"replies":[{"embeddable":true,"href":"https:\/\/www.cie-ktalop.com\/index.php\/wp-json\/wp\/v2\/comments?post=1535"}],"version-history":[{"count":2,"href":"https:\/\/www.cie-ktalop.com\/index.php\/wp-json\/wp\/v2\/pages\/1535\/revisions"}],"predecessor-version":[{"id":1539,"href":"https:\/\/www.cie-ktalop.com\/index.php\/wp-json\/wp\/v2\/pages\/1535\/revisions\/1539"}],"up":[{"embeddable":true,"href":"https:\/\/www.cie-ktalop.com\/index.php\/wp-json\/wp\/v2\/pages\/111"}],"wp:featuredmedia":[{"embeddable":true,"href":"https:\/\/www.cie-ktalop.com\/index.php\/wp-json\/wp\/v2\/media\/1536"}],"wp:attachment":[{"href":"https:\/\/www.cie-ktalop.com\/index.php\/wp-json\/wp\/v2\/media?parent=1535"}],"curies":[{"name":"wp","href":"https:\/\/api.w.org\/{rel}","templated":true}]}}