{"id":250,"date":"2021-05-14T10:37:57","date_gmt":"2021-05-14T08:37:57","guid":{"rendered":"http:\/\/www.cie-ktalop.com\/?page_id=250"},"modified":"2026-02-25T16:19:16","modified_gmt":"2026-02-25T15:19:16","slug":"le-dard","status":"publish","type":"page","link":"https:\/\/www.cie-ktalop.com\/index.php\/performances\/le-dard\/","title":{"rendered":"Le DARD"},"content":{"rendered":"\n<p class=\"has-huge-font-size\">Le DARD<\/p>\n\n\n\n<p>Trois faux-bordons plus vrais que nature, d\u00e9ambulent \u00e0 la recherche de la reine, pour la f\u00e9conder, pour perp\u00e9tuer l\u2019esp\u00e8ce\u2026<\/p>\n\n\n\n<p>La compagnie Ktalop jette sur la voie publique sa brigade d\u2019intervention clownesque, le DARD, D\u00e9l\u00e9gation des Apis R\u00e9sistantes et Dysfonctionnelles. Butineur, pollinisateur, le DARD fait son miel de tous les glyphosates, gaz \u00e0 effet de serre et autres mercures. Il virevolte sous les fen\u00eatres fleuries, dans les rues sinueuses, les jardins fourrag\u00e9s ou les places sauvages.<\/p>\n\n\n\n<p>Des clowns en impro, comme r\u00e9v\u00e9lateurs des \u00e9motions, comme amplificateurs des esp\u00e9rances, des jours heureux et des communs enfin partag\u00e9s.<\/p>\n\n\n\n<p><strong>Note d\u2019intention :<\/strong><br><\/p>\n\n\n\n<p>Les abeilles ne sont-elles pas les lanceurs d\u2019alerte du changement climatique et de la destruction de la biodiversit\u00e9 ? Pesticides, glyphosates, n\u00e9onicotino\u00efdes\u2026 L\u2019extinction inqui\u00e9tante de nombreuses colonies d\u2019abeilles obligent \u00e0 regarder en face l\u2019action de l\u2019Homme sur l\u2019environnement.<\/p>\n\n\n\n<p>Mais, tout n\u2019est pas que d\u00e9solation dans ce monde\u2026<\/p>\n\n\n\n<p>Ce duo de clowns na\u00eff et transgressif offre le d\u00e9calage n\u00e9cessaire aux analyses anxiog\u00e8nes des scientifiques. Il ouvre sur une po\u00e9sie porteuse d\u2019espoir.<\/p>\n\n\n\n<p>Et le sexe, dans tout \u00e7a ? Car, faut-il le rappeler, les faux-bourdons ont pour fonction principale de f\u00e9conder la reine. Mais, une fois l\u2019acte commis, la mort est au rendez-vous. Le sexe fort n\u2019est pas celui qu\u2019on croit. Aussi, la ruche, organis\u00e9e en soci\u00e9t\u00e9 matriarcale, nous interroge simplement sur la place du patriarcat dans les soci\u00e9t\u00e9s humaines.<\/p>\n\n\n\n<p>Ce spectacle d\u00e9ambulatoire de deux cr\u00e9atures \u00e9tranges s\u2019adressent \u00e0 tous, petits et grands, et joue du sensible autant que du r\u00e9flexif.<\/p>\n\n\n\n<p><strong>Com\u00e9dien\u00b7nes<\/strong><br> &#8211; <a href=\"http:\/\/www.cie-ktalop.com\/index.php\/comediens\/mike-bureaux-alias-djo-chabbert\/\">Mike Bureaux (D&rsquo;jo Chabbert)<\/a><br> &#8211; <a href=\"http:\/\/www.cie-ktalop.com\/index.php\/christophe-abramovsky\/\">Christophe Abramovsky<\/a><br> &#8211; D\u00e9sir\u00e9e Bachelin<\/p>\n\n\n\n<p><strong>D\u00e9tail technique:<\/strong><br> -En ext\u00e9rieur ou en int\u00e9rieur<br> -Intervention \u00e0 la demi-journ\u00e9e (2h max)<br> -Une loge avec un point d\u2019eau<\/p>\n\n\n\n<p><strong>Lieux d&rsquo;intervention:<\/strong><br>Sur des festivals, en rue, lors de march\u00e9 ou tout \u00e9v\u00e8nements avec un public mouvant. Nous nous d\u00e9pla\u00e7ons dans l&rsquo;Occitanie et la France enti\u00e8re<br><\/p>\n\n\n\n<p><strong>Prochaines Dates:<\/strong><\/p>\n\n\n\n<ul>\n<li>03\/07\/2021 \u2013 Festi\u2019Famille \u2013 Albi(81)<\/li>\n\n\n\n<li>25\/09\/2021 &#8211; Festival des Petits Cailloux (81)<\/li>\n<\/ul>\n\n\n\n<p><strong>Dates Pass\u00e9es:<\/strong><\/p>\n\n\n\n<ul>\n<li>23-24\/05\/2021 &#8211; Biocybele &#8211; Graulhet (81)<\/li>\n\n\n\n<li>08\/05\/2021 \u2013 Flor\u00e9ales &#8211; Gaillac (81)<\/li>\n<\/ul>\n\n\n\n<figure class=\"is-layout-flex wp-block-gallery-1 wp-block-gallery has-nested-images columns-default is-cropped\">\n<figure class=\"wp-block-image\"><a href=\"https:\/\/www.cie-ktalop.com\/wp-content\/uploads\/2025\/07\/bourdon-scaled.jpg\"><img decoding=\"async\" loading=\"lazy\" width=\"1024\" height=\"683\" data-id=\"1476\"  src=\"https:\/\/www.cie-ktalop.com\/wp-content\/uploads\/2025\/07\/bourdon-1024x683.jpg\" alt=\"\" class=\"wp-image-1476\" srcset=\"https:\/\/www.cie-ktalop.com\/wp-content\/uploads\/2025\/07\/bourdon-1024x683.jpg 1024w, https:\/\/www.cie-ktalop.com\/wp-content\/uploads\/2025\/07\/bourdon-300x200.jpg 300w, https:\/\/www.cie-ktalop.com\/wp-content\/uploads\/2025\/07\/bourdon-768x512.jpg 768w, https:\/\/www.cie-ktalop.com\/wp-content\/uploads\/2025\/07\/bourdon-1536x1024.jpg 1536w, https:\/\/www.cie-ktalop.com\/wp-content\/uploads\/2025\/07\/bourdon-2048x1365.jpg 2048w\" sizes=\"(max-width: 1024px) 100vw, 1024px\" \/><\/a><\/figure>\n\n\n\n<figure class=\"wp-block-image\"><a href=\"https:\/\/www.cie-ktalop.com\/wp-content\/uploads\/2025\/07\/bourdon1-scaled.jpg\"><img decoding=\"async\" loading=\"lazy\" width=\"1024\" height=\"683\" data-id=\"1477\"  src=\"https:\/\/www.cie-ktalop.com\/wp-content\/uploads\/2025\/07\/bourdon1-1024x683.jpg\" alt=\"\" class=\"wp-image-1477\" srcset=\"https:\/\/www.cie-ktalop.com\/wp-content\/uploads\/2025\/07\/bourdon1-1024x683.jpg 1024w, https:\/\/www.cie-ktalop.com\/wp-content\/uploads\/2025\/07\/bourdon1-300x200.jpg 300w, https:\/\/www.cie-ktalop.com\/wp-content\/uploads\/2025\/07\/bourdon1-768x512.jpg 768w, https:\/\/www.cie-ktalop.com\/wp-content\/uploads\/2025\/07\/bourdon1-1536x1024.jpg 1536w, https:\/\/www.cie-ktalop.com\/wp-content\/uploads\/2025\/07\/bourdon1-2048x1365.jpg 2048w\" sizes=\"(max-width: 1024px) 100vw, 1024px\" \/><\/a><\/figure>\n\n\n\n<figure class=\"wp-block-image\"><a href=\"https:\/\/www.cie-ktalop.com\/wp-content\/uploads\/2021\/05\/IMG_3874.jpg\"><img decoding=\"async\" loading=\"lazy\" width=\"683\" height=\"1024\" data-id=\"260\"  src=\"https:\/\/www.cie-ktalop.com\/wp-content\/uploads\/2021\/05\/IMG_3874-683x1024.jpg\" alt=\"\" class=\"wp-image-260\" srcset=\"https:\/\/www.cie-ktalop.com\/wp-content\/uploads\/2021\/05\/IMG_3874-683x1024.jpg 683w, https:\/\/www.cie-ktalop.com\/wp-content\/uploads\/2021\/05\/IMG_3874-200x300.jpg 200w, https:\/\/www.cie-ktalop.com\/wp-content\/uploads\/2021\/05\/IMG_3874-768x1152.jpg 768w, https:\/\/www.cie-ktalop.com\/wp-content\/uploads\/2021\/05\/IMG_3874.jpg 1365w\" sizes=\"(max-width: 683px) 100vw, 683px\" \/><\/a><\/figure>\n\n\n\n<figure class=\"wp-block-image\"><a href=\"https:\/\/www.cie-ktalop.com\/wp-content\/uploads\/2021\/05\/IMG_3977.jpg\"><img decoding=\"async\" loading=\"lazy\" width=\"683\" height=\"1024\" data-id=\"258\"  src=\"https:\/\/www.cie-ktalop.com\/wp-content\/uploads\/2021\/05\/IMG_3977-683x1024.jpg\" alt=\"\" class=\"wp-image-258\" srcset=\"https:\/\/www.cie-ktalop.com\/wp-content\/uploads\/2021\/05\/IMG_3977-683x1024.jpg 683w, https:\/\/www.cie-ktalop.com\/wp-content\/uploads\/2021\/05\/IMG_3977-200x300.jpg 200w, https:\/\/www.cie-ktalop.com\/wp-content\/uploads\/2021\/05\/IMG_3977-768x1152.jpg 768w, https:\/\/www.cie-ktalop.com\/wp-content\/uploads\/2021\/05\/IMG_3977.jpg 1365w\" sizes=\"(max-width: 683px) 100vw, 683px\" \/><\/a><\/figure>\n\n\n\n<figure class=\"wp-block-image\"><a href=\"https:\/\/www.cie-ktalop.com\/wp-content\/uploads\/2021\/05\/IMG_3961.jpg\"><img decoding=\"async\" loading=\"lazy\" width=\"683\" height=\"1024\" data-id=\"256\"  src=\"https:\/\/www.cie-ktalop.com\/wp-content\/uploads\/2021\/05\/IMG_3961-683x1024.jpg\" alt=\"\" class=\"wp-image-256\" srcset=\"https:\/\/www.cie-ktalop.com\/wp-content\/uploads\/2021\/05\/IMG_3961-683x1024.jpg 683w, https:\/\/www.cie-ktalop.com\/wp-content\/uploads\/2021\/05\/IMG_3961-200x300.jpg 200w, https:\/\/www.cie-ktalop.com\/wp-content\/uploads\/2021\/05\/IMG_3961-768x1152.jpg 768w, https:\/\/www.cie-ktalop.com\/wp-content\/uploads\/2021\/05\/IMG_3961.jpg 1365w\" sizes=\"(max-width: 683px) 100vw, 683px\" \/><\/a><\/figure>\n\n\n\n<figure class=\"wp-block-image\"><a href=\"https:\/\/www.cie-ktalop.com\/wp-content\/uploads\/2021\/05\/IMG_3844.jpg\"><img decoding=\"async\" loading=\"lazy\" width=\"683\" height=\"1024\" data-id=\"255\"  src=\"https:\/\/www.cie-ktalop.com\/wp-content\/uploads\/2021\/05\/IMG_3844-683x1024.jpg\" alt=\"\" class=\"wp-image-255\" srcset=\"https:\/\/www.cie-ktalop.com\/wp-content\/uploads\/2021\/05\/IMG_3844-683x1024.jpg 683w, https:\/\/www.cie-ktalop.com\/wp-content\/uploads\/2021\/05\/IMG_3844-200x300.jpg 200w, https:\/\/www.cie-ktalop.com\/wp-content\/uploads\/2021\/05\/IMG_3844-768x1152.jpg 768w, https:\/\/www.cie-ktalop.com\/wp-content\/uploads\/2021\/05\/IMG_3844.jpg 1365w\" sizes=\"(max-width: 683px) 100vw, 683px\" \/><\/a><\/figure>\n\n\n\n<figure class=\"wp-block-image\"><a href=\"https:\/\/www.cie-ktalop.com\/wp-content\/uploads\/2021\/05\/IMG_3809.jpg\"><img decoding=\"async\" loading=\"lazy\" width=\"683\" height=\"1024\" data-id=\"254\"  src=\"https:\/\/www.cie-ktalop.com\/wp-content\/uploads\/2021\/05\/IMG_3809-683x1024.jpg\" alt=\"\" class=\"wp-image-254\" srcset=\"https:\/\/www.cie-ktalop.com\/wp-content\/uploads\/2021\/05\/IMG_3809-683x1024.jpg 683w, https:\/\/www.cie-ktalop.com\/wp-content\/uploads\/2021\/05\/IMG_3809-200x300.jpg 200w, https:\/\/www.cie-ktalop.com\/wp-content\/uploads\/2021\/05\/IMG_3809-768x1152.jpg 768w, https:\/\/www.cie-ktalop.com\/wp-content\/uploads\/2021\/05\/IMG_3809.jpg 1365w\" sizes=\"(max-width: 683px) 100vw, 683px\" \/><\/a><\/figure>\n\n\n\n<figure class=\"wp-block-image\"><a href=\"https:\/\/www.cie-ktalop.com\/wp-content\/uploads\/2021\/05\/IMG_3813.jpg\"><img decoding=\"async\" loading=\"lazy\" width=\"683\" height=\"1024\" data-id=\"253\"  src=\"https:\/\/www.cie-ktalop.com\/wp-content\/uploads\/2021\/05\/IMG_3813-683x1024.jpg\" alt=\"\" class=\"wp-image-253\" srcset=\"https:\/\/www.cie-ktalop.com\/wp-content\/uploads\/2021\/05\/IMG_3813-683x1024.jpg 683w, https:\/\/www.cie-ktalop.com\/wp-content\/uploads\/2021\/05\/IMG_3813-200x300.jpg 200w, https:\/\/www.cie-ktalop.com\/wp-content\/uploads\/2021\/05\/IMG_3813-768x1152.jpg 768w, https:\/\/www.cie-ktalop.com\/wp-content\/uploads\/2021\/05\/IMG_3813.jpg 1365w\" sizes=\"(max-width: 683px) 100vw, 683px\" \/><\/a><\/figure>\n\n\n\n<figure class=\"wp-block-image\"><a href=\"https:\/\/www.cie-ktalop.com\/wp-content\/uploads\/2021\/05\/IMG_3790.jpg\"><img decoding=\"async\" loading=\"lazy\" width=\"1024\" height=\"683\" data-id=\"251\"  src=\"https:\/\/www.cie-ktalop.com\/wp-content\/uploads\/2021\/05\/IMG_3790-1024x683.jpg\" alt=\"\" class=\"wp-image-251\" srcset=\"https:\/\/www.cie-ktalop.com\/wp-content\/uploads\/2021\/05\/IMG_3790-1024x683.jpg 1024w, https:\/\/www.cie-ktalop.com\/wp-content\/uploads\/2021\/05\/IMG_3790-300x200.jpg 300w, https:\/\/www.cie-ktalop.com\/wp-content\/uploads\/2021\/05\/IMG_3790-768x512.jpg 768w, https:\/\/www.cie-ktalop.com\/wp-content\/uploads\/2021\/05\/IMG_3790.jpg 2048w\" sizes=\"(max-width: 1024px) 100vw, 1024px\" \/><\/a><\/figure>\n<\/figure>\n","protected":false},"excerpt":{"rendered":"<p>Le DARD Trois faux-bordons plus vrais que nature, d\u00e9ambulent \u00e0 la recherche de la reine, pour la f\u00e9conder, pour perp\u00e9tuer l\u2019esp\u00e8ce\u2026 La compagnie Ktalop jette sur la voie publique sa brigade d\u2019intervention clownesque, le DARD, D\u00e9l\u00e9gation des Apis R\u00e9sistantes et Dysfonctionnelles. Butineur, pollinisateur, le DARD fait son miel de tous les glyphosates, gaz \u00e0 effet [&hellip;]<\/p>\n","protected":false},"author":1,"featured_media":1477,"parent":299,"menu_order":0,"comment_status":"closed","ping_status":"closed","template":"","meta":{"_mi_skip_tracking":false},"_links":{"self":[{"href":"https:\/\/www.cie-ktalop.com\/index.php\/wp-json\/wp\/v2\/pages\/250"}],"collection":[{"href":"https:\/\/www.cie-ktalop.com\/index.php\/wp-json\/wp\/v2\/pages"}],"about":[{"href":"https:\/\/www.cie-ktalop.com\/index.php\/wp-json\/wp\/v2\/types\/page"}],"author":[{"embeddable":true,"href":"https:\/\/www.cie-ktalop.com\/index.php\/wp-json\/wp\/v2\/users\/1"}],"replies":[{"embeddable":true,"href":"https:\/\/www.cie-ktalop.com\/index.php\/wp-json\/wp\/v2\/comments?post=250"}],"version-history":[{"count":10,"href":"https:\/\/www.cie-ktalop.com\/index.php\/wp-json\/wp\/v2\/pages\/250\/revisions"}],"predecessor-version":[{"id":1534,"href":"https:\/\/www.cie-ktalop.com\/index.php\/wp-json\/wp\/v2\/pages\/250\/revisions\/1534"}],"up":[{"embeddable":true,"href":"https:\/\/www.cie-ktalop.com\/index.php\/wp-json\/wp\/v2\/pages\/299"}],"wp:featuredmedia":[{"embeddable":true,"href":"https:\/\/www.cie-ktalop.com\/index.php\/wp-json\/wp\/v2\/media\/1477"}],"wp:attachment":[{"href":"https:\/\/www.cie-ktalop.com\/index.php\/wp-json\/wp\/v2\/media?parent=250"}],"curies":[{"name":"wp","href":"https:\/\/api.w.org\/{rel}","templated":true}]}}