{"id":268,"date":"2021-06-07T16:11:24","date_gmt":"2021-06-07T14:11:24","guid":{"rendered":"http:\/\/www.cie-ktalop.com\/?page_id=268"},"modified":"2023-03-15T11:06:32","modified_gmt":"2023-03-15T10:06:32","slug":"christophe-abramovsky","status":"publish","type":"page","link":"https:\/\/www.cie-ktalop.com\/index.php\/comediens\/christophe-abramovsky\/","title":{"rendered":"Christophe Abramovsky"},"content":{"rendered":"\n<p class=\"has-large-font-size\"><strong>Christophe Abramovsky (Alias Witssis)<\/strong><\/p>\n\n\n\n<p>Il commence son parcours par la g\u00e9ographie, puis l\u2019ergonomie au Conservatoire National des Arts et M\u00e9tiers, \u00e0 Paris. Il apprend \u00e0 observer les travailleurs, afin d\u2019am\u00e9liorer leurs conditions de travail. Son envie de conna\u00eetre le monde l\u2019am\u00e8ne \u00e0 voyager en Am\u00e9rique Latine \u00e0 de nombreuses reprises.<\/p>\n\n\n\n<p>Il devient enseignant en lyc\u00e9e professionnel, un autre sc\u00e8ne. Jouer devient un art, celui d\u2019\u00e9veiller, de susciter l\u2019envie, l\u2019espoir, parfois la r\u00e9volte. En parall\u00e8le, il anime diverses \u00e9missions de radio, dont une qui s\u2019enregistre dans les bistrots toulousains, devant un public en vrai. A nouveau une sc\u00e8ne vivante, \u00e9clectique, non contr\u00f4l\u00e9e. Sont distill\u00e9es des chroniques satiriques, caustiques, impertinentes et irr\u00e9v\u00e9rencieuses. Libre ! Cette \u00e9mission deviendra \u00e0 quatre reprises un spectacle th\u00e9\u00e2tral, sorte de cabaret satirique.<\/p>\n\n\n\n<p>Puis, il d\u00e9couvre l\u2019\u00e9ducation populaire et les conf\u00e9rences gesticul\u00e9es. Aller sur sc\u00e8ne pour raconter son histoire de vie et en faire un propos politique. Depuis, il a \u00e9crit et joue deux conf\u00e9rences gesticul\u00e9es sur la th\u00e9matique du Travail.<\/p>\n\n\n\n<p>Et la figure du clown arriva. L\u00e0 aussi, une nouvelle d\u00e9couverte, un choc, une r\u00e9v\u00e9lation. Le clown, dans son infini na\u00efvet\u00e9 ne serait-il pas l\u2019essence de l\u2019humanit\u00e9 ? Alors, il va se former, avec Jo\u00ebl Roth, autour du Bouffon, \u00e0 la Cascade avec Gabriel Cham\u00e9 Buendia, Ami Hattab, au CNAC avec C\u00e9dric Paga (alias Ludor Citrick), Paola Rizza, Ad\u00e8ll Nod\u00e9 Langlois, Gilles Defacque.<\/p>\n\n\n\n<p>Aujourd\u2019hui, il est sur de nombreux projets autour du clown qui s\u2019\u00e9crivent dans la chaleur moite du d\u00e9sir.<\/p>\n","protected":false},"excerpt":{"rendered":"<p>Christophe Abramovsky (Alias Witssis) Il commence son parcours par la g\u00e9ographie, puis l\u2019ergonomie au Conservatoire National des Arts et M\u00e9tiers, \u00e0 Paris. Il apprend \u00e0 observer les travailleurs, afin d\u2019am\u00e9liorer leurs conditions de travail. Son envie de conna\u00eetre le monde l\u2019am\u00e8ne \u00e0 voyager en Am\u00e9rique Latine \u00e0 de nombreuses reprises. Il devient enseignant en lyc\u00e9e [&hellip;]<\/p>\n","protected":false},"author":1,"featured_media":272,"parent":111,"menu_order":0,"comment_status":"closed","ping_status":"closed","template":"","meta":{"_mi_skip_tracking":false},"_links":{"self":[{"href":"https:\/\/www.cie-ktalop.com\/index.php\/wp-json\/wp\/v2\/pages\/268"}],"collection":[{"href":"https:\/\/www.cie-ktalop.com\/index.php\/wp-json\/wp\/v2\/pages"}],"about":[{"href":"https:\/\/www.cie-ktalop.com\/index.php\/wp-json\/wp\/v2\/types\/page"}],"author":[{"embeddable":true,"href":"https:\/\/www.cie-ktalop.com\/index.php\/wp-json\/wp\/v2\/users\/1"}],"replies":[{"embeddable":true,"href":"https:\/\/www.cie-ktalop.com\/index.php\/wp-json\/wp\/v2\/comments?post=268"}],"version-history":[{"count":2,"href":"https:\/\/www.cie-ktalop.com\/index.php\/wp-json\/wp\/v2\/pages\/268\/revisions"}],"predecessor-version":[{"id":293,"href":"https:\/\/www.cie-ktalop.com\/index.php\/wp-json\/wp\/v2\/pages\/268\/revisions\/293"}],"up":[{"embeddable":true,"href":"https:\/\/www.cie-ktalop.com\/index.php\/wp-json\/wp\/v2\/pages\/111"}],"wp:featuredmedia":[{"embeddable":true,"href":"https:\/\/www.cie-ktalop.com\/index.php\/wp-json\/wp\/v2\/media\/272"}],"wp:attachment":[{"href":"https:\/\/www.cie-ktalop.com\/index.php\/wp-json\/wp\/v2\/media?parent=268"}],"curies":[{"name":"wp","href":"https:\/\/api.w.org\/{rel}","templated":true}]}}