{"id":345,"date":"2021-10-11T12:37:25","date_gmt":"2021-10-11T10:37:25","guid":{"rendered":"http:\/\/www.cie-ktalop.com\/?page_id=345"},"modified":"2024-05-01T13:55:06","modified_gmt":"2024-05-01T11:55:06","slug":"au-caillou-qui-pleuve","status":"publish","type":"page","link":"https:\/\/www.cie-ktalop.com\/index.php\/spectacles\/clown-noel-disruptif\/au-caillou-qui-pleuve\/","title":{"rendered":"Au Caillou qui pleuve"},"content":{"rendered":"\n<p class=\"has-text-align-center has-x-large-font-size\">\u00ab\u00a0Au caillou qui pleuve\u00a0\u00bb<\/p>\n\n\n\n<div class=\"is-layout-flex wp-container-2 wp-block-columns\">\n<div class=\"is-layout-flow wp-block-column\" style=\"flex-basis:100%\">\n<p class=\"has-medium-font-size\"><em>Un personnage onirique arrive avec sa grande valise en nuage. Son contenu: un po\u00e8me tout en d\u00e9licatesse, en l\u00e9g\u00e8ret\u00e9 et en douceur.<br> Les tr\u00e8s jeunes enfants et les personnes \u00e2g\u00e9es auront l&rsquo;occasion de vivre un instant de po\u00e9sie saupoudr\u00e9 de r\u00eaves et de l\u00e9g\u00e8ret\u00e9. <\/em><\/p>\n\n\n\n<p class=\"has-medium-font-size\">Spectacle visuel et sonore sans parole adaptable en fonction de l\u2019espace de jeu. Nous nous d\u00e9pla\u00e7ons dans toute l&rsquo;Occitanie<\/p>\n\n\n\n<p class=\"has-medium-font-size\">Spectacle jeune public de 30-35min.<\/p>\n\n\n\n<p class=\"has-medium-font-size\">Spectacle pour cr\u00e8che, maternelle, primaire et centre de loisir<\/p>\n<\/div>\n<\/div>\n\n\n\n<div class=\"is-layout-flex wp-container-5 wp-block-columns\">\n<div class=\"is-layout-flow wp-block-column\">\n<figure class=\"wp-block-image size-large\"><img decoding=\"async\" loading=\"lazy\" width=\"742\" height=\"1024\" src=\"http:\/\/www.cie-ktalop.com\/wp-content\/uploads\/2023\/07\/Affiche-V0.2-742x1024.jpg\" alt=\"\" class=\"wp-image-902\" srcset=\"https:\/\/www.cie-ktalop.com\/wp-content\/uploads\/2023\/07\/Affiche-V0.2-742x1024.jpg 742w, https:\/\/www.cie-ktalop.com\/wp-content\/uploads\/2023\/07\/Affiche-V0.2-217x300.jpg 217w, https:\/\/www.cie-ktalop.com\/wp-content\/uploads\/2023\/07\/Affiche-V0.2-768x1060.jpg 768w, https:\/\/www.cie-ktalop.com\/wp-content\/uploads\/2023\/07\/Affiche-V0.2-1113x1536.jpg 1113w, https:\/\/www.cie-ktalop.com\/wp-content\/uploads\/2023\/07\/Affiche-V0.2-1483x2048.jpg 1483w, https:\/\/www.cie-ktalop.com\/wp-content\/uploads\/2023\/07\/Affiche-V0.2-scaled.jpg 1854w\" sizes=\"(max-width: 742px) 100vw, 742px\" \/><\/figure>\n<\/div>\n\n\n\n<div class=\"is-layout-flow wp-block-column\">\n<figure class=\"wp-block-embed is-type-video is-provider-youtube wp-block-embed-youtube wp-embed-aspect-16-9 wp-has-aspect-ratio\"><div class=\"wp-block-embed__wrapper\">\n<iframe loading=\"lazy\" title=\"Au Caillou qui Pleuve - Cie Ktalop - Extrait spectacle\" width=\"1170\" height=\"658\" src=\"https:\/\/www.youtube.com\/embed\/OBXompwadOw?feature=oembed\" frameborder=\"0\" allow=\"accelerometer; autoplay; clipboard-write; encrypted-media; gyroscope; picture-in-picture; web-share\" allowfullscreen><\/iframe>\n<\/div><\/figure>\n<\/div>\n<\/div>\n\n\n\n<figure class=\"is-layout-flex wp-block-gallery-6 wp-block-gallery has-nested-images columns-default is-cropped\">\n<figure class=\"wp-block-image\"><img decoding=\"async\" loading=\"lazy\" width=\"400\" height=\"576\" data-id=\"577\"  src=\"http:\/\/www.cie-ktalop.com\/wp-content\/uploads\/2023\/03\/Crins-1.jpg\" alt=\"\" class=\"wp-image-577\" srcset=\"https:\/\/www.cie-ktalop.com\/wp-content\/uploads\/2023\/03\/Crins-1.jpg 400w, https:\/\/www.cie-ktalop.com\/wp-content\/uploads\/2023\/03\/Crins-1-208x300.jpg 208w\" sizes=\"(max-width: 400px) 100vw, 400px\" \/><\/figure>\n\n\n\n<figure class=\"wp-block-image\"><img decoding=\"async\" loading=\"lazy\" width=\"400\" height=\"866\" data-id=\"578\"  src=\"http:\/\/www.cie-ktalop.com\/wp-content\/uploads\/2023\/03\/Crins-2.jpg\" alt=\"\" class=\"wp-image-578\" srcset=\"https:\/\/www.cie-ktalop.com\/wp-content\/uploads\/2023\/03\/Crins-2.jpg 400w, https:\/\/www.cie-ktalop.com\/wp-content\/uploads\/2023\/03\/Crins-2-139x300.jpg 139w\" sizes=\"(max-width: 400px) 100vw, 400px\" \/><\/figure>\n\n\n\n<figure class=\"wp-block-image\"><img decoding=\"async\" loading=\"lazy\" width=\"400\" height=\"640\" data-id=\"579\"  src=\"http:\/\/www.cie-ktalop.com\/wp-content\/uploads\/2023\/03\/Crins-3.jpg\" alt=\"\" class=\"wp-image-579\" srcset=\"https:\/\/www.cie-ktalop.com\/wp-content\/uploads\/2023\/03\/Crins-3.jpg 400w, https:\/\/www.cie-ktalop.com\/wp-content\/uploads\/2023\/03\/Crins-3-188x300.jpg 188w\" sizes=\"(max-width: 400px) 100vw, 400px\" \/><\/figure>\n\n\n\n<figure class=\"wp-block-image\"><img decoding=\"async\" loading=\"lazy\" width=\"768\" height=\"1024\" data-id=\"386\"  src=\"http:\/\/www.cie-ktalop.com\/wp-content\/uploads\/2022\/01\/DSCN0518-768x1024.jpg\" alt=\"\" class=\"wp-image-386\" srcset=\"https:\/\/www.cie-ktalop.com\/wp-content\/uploads\/2022\/01\/DSCN0518-768x1024.jpg 768w, https:\/\/www.cie-ktalop.com\/wp-content\/uploads\/2022\/01\/DSCN0518-225x300.jpg 225w\" sizes=\"(max-width: 768px) 100vw, 768px\" \/><\/figure>\n\n\n\n<figure class=\"wp-block-image\"><img decoding=\"async\" data-id=\"391\"  src=\"http:\/\/www.cie-ktalop.com\/wp-content\/uploads\/2022\/01\/PC120156-1024x768.jpg\" alt=\"\" class=\"wp-image-391\"\/><figcaption class=\"wp-element-caption\">OLYMPUS DIGITAL CAMERA<\/figcaption><\/figure>\n\n\n\n<figure class=\"wp-block-image\"><img decoding=\"async\" data-id=\"393\"  src=\"http:\/\/www.cie-ktalop.com\/wp-content\/uploads\/2022\/01\/PC120199-1024x768.jpg\" alt=\"\" class=\"wp-image-393\"\/><figcaption class=\"wp-element-caption\">OLYMPUS DIGITAL CAMERA<\/figcaption><\/figure>\n<\/figure>\n","protected":false},"excerpt":{"rendered":"<p>\u00ab\u00a0Au caillou qui pleuve\u00a0\u00bb Un personnage onirique arrive avec sa grande valise en nuage. Son contenu: un po\u00e8me tout en d\u00e9licatesse, en l\u00e9g\u00e8ret\u00e9 et en douceur. Les tr\u00e8s jeunes enfants et les personnes \u00e2g\u00e9es auront l&rsquo;occasion de vivre un instant de po\u00e9sie saupoudr\u00e9 de r\u00eaves et de l\u00e9g\u00e8ret\u00e9. Spectacle visuel et sonore sans parole adaptable [&hellip;]<\/p>\n","protected":false},"author":1,"featured_media":0,"parent":409,"menu_order":0,"comment_status":"closed","ping_status":"closed","template":"","meta":{"_mi_skip_tracking":false},"_links":{"self":[{"href":"https:\/\/www.cie-ktalop.com\/index.php\/wp-json\/wp\/v2\/pages\/345"}],"collection":[{"href":"https:\/\/www.cie-ktalop.com\/index.php\/wp-json\/wp\/v2\/pages"}],"about":[{"href":"https:\/\/www.cie-ktalop.com\/index.php\/wp-json\/wp\/v2\/types\/page"}],"author":[{"embeddable":true,"href":"https:\/\/www.cie-ktalop.com\/index.php\/wp-json\/wp\/v2\/users\/1"}],"replies":[{"embeddable":true,"href":"https:\/\/www.cie-ktalop.com\/index.php\/wp-json\/wp\/v2\/comments?post=345"}],"version-history":[{"count":17,"href":"https:\/\/www.cie-ktalop.com\/index.php\/wp-json\/wp\/v2\/pages\/345\/revisions"}],"predecessor-version":[{"id":1064,"href":"https:\/\/www.cie-ktalop.com\/index.php\/wp-json\/wp\/v2\/pages\/345\/revisions\/1064"}],"up":[{"embeddable":true,"href":"https:\/\/www.cie-ktalop.com\/index.php\/wp-json\/wp\/v2\/pages\/409"}],"wp:attachment":[{"href":"https:\/\/www.cie-ktalop.com\/index.php\/wp-json\/wp\/v2\/media?parent=345"}],"curies":[{"name":"wp","href":"https:\/\/api.w.org\/{rel}","templated":true}]}}