{"id":508,"date":"2022-11-14T12:56:39","date_gmt":"2022-11-14T11:56:39","guid":{"rendered":"http:\/\/www.cie-ktalop.com\/?page_id=508"},"modified":"2026-01-15T12:02:21","modified_gmt":"2026-01-15T11:02:21","slug":"monique-razorback","status":"publish","type":"page","link":"https:\/\/www.cie-ktalop.com\/index.php\/spectacles\/monique-razorback\/","title":{"rendered":"MOnique Razorback"},"content":{"rendered":"\n<h2 class=\"has-text-align-center\"><strong>MOnique Razorback<\/strong><\/h2>\n\n\n\n<p class=\"has-text-align-center has-luminous-vivid-amber-color has-text-color\"><em>Tragico-clowne \u2013 Cr\u00e9ature clownesque- Clowne nouveau <\/em><\/p>\n\n\n\n<p>Venez vivre une tranche de vie de \u00ab La MOnique \u00bb \u2013<\/p>\n\n\n\n<p><strong>Mais Pourquoi, MOnique est devenue MOnique ?<\/strong><\/p>\n\n\n\n<p>\u00ab La MOnique \u00bb revient chaque soir pr\u00e8s d\u2019un Bar, \u00ab Le Terminus \u00bb apr\u00e8s sa tourn\u00e9e de R\u00e9cup pour y retrouver<br> son \u00ab&nbsp;Pierrot&nbsp;\u00bb..<br> La solitude tu connais ?<br> Venez, entrez\u2026 dans les cicatrices de son \u00e2me et de son c\u0153ur, et traversons avec elle des \u00e9motions fortes,<br> profondes.<br> Cr\u00e9ature ancr\u00e9s \u00e0 la terre, lourde et en m\u00eame temps fragile, m\u00e9lancolique, dr\u00f4le et enti\u00e8re, MOnique nous fait<br> rire et pleurer \u00e0 la fois\u2026<\/p>\n\n\n\n<p> Ce spectacle nous interpelle, il renvoie \u00e0 des questions de soci\u00e9t\u00e9 : la  peur de la mort , le d\u00e9ni de la mort, la perte de nos \u00eatres chers.<\/p>\n\n\n\n<p>Tous ces questionnements qui sont encore des sujets tabous dans notre soci\u00e9t\u00e9.<\/p>\n\n\n\n<blockquote class=\"wp-block-quote\">\n<p><em>\u00ab&nbsp;Seuls les fous et les solitaires peuvent se permettre d\u2019\u00eatre eux-m\u00eames.<br> Les solitaires n\u2019ont personne \u00e0 qui plaire et les fous s\u2019en foutent compl\u00e8tement de plaire ou pas.&nbsp;\u00bb<\/em><\/p>\n<cite> <em> Charles Bukowski<\/em> <\/cite><\/blockquote>\n\n\n\n<p><strong><a href=\"http:\/\/www.cie-ktalop.com\/wp-content\/uploads\/2023\/01\/Dossier-de-presentation-MOnique-Razorb-ack-.format-word.odt-janvier-2023.pdf\">T\u00e9l\u00e9charger le dossier de diffusion<\/a><\/strong><\/p>\n\n\n\n<div class=\"is-layout-flex wp-container-3 wp-block-columns has-2-columns\">\n<div class=\"is-layout-flow wp-block-column\">\n<p><strong><em>Com\u00e9dienne<\/em><\/strong><br>  Emilie Jehenne &#8211; <a href=\"https:\/\/emilie-jehenne.fr\/\">https:\/\/emilie-jehenne.fr\/<\/a><\/p>\n\n\n\n<p><strong><em>Mise en sc\u00e8ne<\/em><br> <\/strong>Mike Bureaux<\/p>\n\n\n\n<p><strong><em>Costumi\u00e8re<\/em><br> <\/strong>Steffie Bayer<\/p>\n\n\n\n<p><br><strong><em>Sc\u00e9nographe<\/em><br> <\/strong>Caroline Blin<\/p>\n\n\n\n<p><strong><em>R\u00e9gie<\/em><br> <\/strong>Marion M\u00e9ric<\/p>\n<\/div>\n\n\n\n<div class=\"is-layout-flow wp-block-column\">\n<p><strong><em>Accompagnement d\u00e9veloppement<\/em><br> <\/strong>Sylvie Koutsikid\u00e8s<br> \u00ab&nbsp;Cie Th\u00e9\u00e2tre de la terre&nbsp;\u00bb <\/p>\n\n\n\n<p><strong><em>Musique<\/em><\/strong><\/p>\n\n\n\n<p>L\u00e9a Jamilloux &#8211; Cr\u00e9ation sonore<strong><br> <\/strong>Les Fr\u00e8res Jacquard &#8211; \u00ab&nbsp;Kesta Monique&nbsp;\u00bb<\/p>\n\n\n\n<p><strong><em>Dur\u00e9e<\/em><\/strong> 1h<\/p>\n<\/div>\n<\/div>\n\n\n\n<p><\/p>\n\n\n\n<p><strong>Charg\u00e9e de diffusion<\/strong><br>Mathilda Martial &#8211; <a href=\"mailto:mathildamartial.prod@gmail.com\">mathildamartial.prod@gmail.com<\/a>&nbsp;&#8211; tel: 06.68.12.86.44&nbsp;<\/p>\n\n\n\n<p><strong>Prochaines dates:<\/strong><\/p>\n\n\n\n<ul>\n<li>Dimanche 11 mai 2025 &#8211; Avancez Culture &#8211; 31220 Caz\u00e8re &#8211; 16h30<\/li>\n\n\n\n<li>Jeudi 10 juillet 20h30 : festival \u00ab\u00a0tongs et espadrilles\u00a0\u00bb &#8211;&nbsp; centre culturel de Mondeville 14120<\/li>\n\n\n\n<li>du 14 au 17 ao\u00fbt \u00e0 20h50 &#8211; Festival \u00c9clat &#8211; Aurillac &#8211; avec le collectif de \u00ab\u00a0La grande famille des&nbsp;<a rel=\"noreferrer noopener\" href=\"http:\/\/clown.es\/\" target=\"_blank\">clown.es<\/a>\u00a0\u00bb&nbsp;<\/li>\n\n\n\n<li>Les 30 janvier et 31 Janvier 2026 : Le Papillon Noir\u00a0Th\u00e9\u00e2tre\u00a0&#8211;\u00a0<a href=\"https:\/\/www.google.com\/maps\/place\/\/data=!4m2!3m1!1s0x480a68269054fe27:0xc92e4a6e4bba9feb?sa=X&amp;ved=1t:8290&amp;ictx=111\">33 Rte de Trouville, 14000 Caen<\/a><\/li>\n<\/ul>\n\n\n\n<p><strong>Dates pass\u00e9es<\/strong>:<\/p>\n\n\n\n<ul>\n<li>15 novembre 2024: <a href=\"https:\/\/www.facebook.com\/lestockagecordes\/\">Le Stockage<\/a> &#8211; 81170 Cordes sur ciel &#8211; 20h<\/li>\n\n\n\n<li>du 14 au 17 ao\u00fbt 2024: festival de rue d&rsquo;Aurillac &#8211; la Toulousaine qui Claque (Belbex)<\/li>\n\n\n\n<li>28 juillet 2024: <a rel=\"noreferrer noopener\" href=\"http:\/\/www.suisse-normande-tourisme.com\/sports-loisirs\/loisirs\/agenda\/le-festival-des-arts-vivants-fete-ses-10-ans-4229214\" target=\"_blank\">festival des arts vivants de Cl\u00e9cy (14)<\/a> &#8211; 15h&nbsp;<\/li>\n\n\n\n<li>27 juillet 2024: <a rel=\"noreferrer noopener\" href=\"http:\/\/www.suisse-normande-tourisme.com\/sports-loisirs\/loisirs\/agenda\/le-festival-des-arts-vivants-fete-ses-10-ans-4229214\" target=\"_blank\">festival des arts vivants de Cl\u00e9cy (14)<\/a> &#8211; 17h30&nbsp;<\/li>\n\n\n\n<li>10 Mai 2024 : festival Cultiv&rsquo;arts &#8211;&nbsp;Anlhiac&nbsp;(24) &#8211; 19h15<\/li>\n\n\n\n<li>30\/09\/2023 &#8211; Festival \u00ab\u00a0Le Cri du Hibou\u00a0\u00bb &#8211; Castelnau de Montmirail (81)<\/li>\n\n\n\n<li>03\/05\/2023 au 06\/05\/2023 &#8211; Th\u00e9\u00e2tre du Fil \u00e0 Plomb &#8211; Toulouse(31) &#8211; <a rel=\"noreferrer noopener\" href=\"https:\/\/theatrelefilaplomb.fr\/monique-razorback-du-mercredi-3-au-samedi-6-mai-2023-a-21h\/\" target=\"_blank\">https:\/\/theatrelefilaplomb.fr\/monique-razorback-du-mercredi-3-au-samedi-6-mai-2023-a-21h<\/a><\/li>\n\n\n\n<li>16\/02\/2023 au 18\/02\/2023 &#8211; Th\u00e9\u00e2tre du Chien Blanc  &#8211; Toulouse(31) &#8211; <a href=\"https:\/\/www.theatreduchienblanc.fr\/\">https:\/\/www.theatreduchienblanc.fr\/<\/a><\/li>\n\n\n\n<li>20\/01\/2023 &#8211; M\u00e9diath\u00e8que La Bastide de Serou (09) &#8211; Nuit de la lecture<\/li>\n\n\n\n<li>12\/01\/2023 au 14\/01\/2023 &#8211; Th\u00e9\u00e2tre de la violette &#8211; Toulouse (31) &#8211; <a href=\"https:\/\/www.theatredelaviolette.com\/monique_razorbach-182.html\">https:\/\/www.theatredelaviolette.com\/monique_razorbach-182.html<\/a><\/li>\n<\/ul>\n\n\n\n<figure class=\"wp-block-embed is-type-video is-provider-youtube wp-block-embed-youtube wp-embed-aspect-16-9 wp-has-aspect-ratio\"><div class=\"wp-block-embed__wrapper\">\n<iframe loading=\"lazy\" title=\"Teaser Monique Razorback\" width=\"1170\" height=\"658\" src=\"https:\/\/www.youtube.com\/embed\/sFs1ejBnE9M?feature=oembed\" frameborder=\"0\" allow=\"accelerometer; autoplay; clipboard-write; encrypted-media; gyroscope; picture-in-picture; web-share\" referrerpolicy=\"strict-origin-when-cross-origin\" allowfullscreen><\/iframe>\n<\/div><\/figure>\n\n\n\n<figure class=\"is-layout-flex wp-block-gallery-4 wp-block-gallery has-nested-images columns-3 is-cropped foobox\">\n<figure class=\"wp-block-image size-large\"><a href=\"http:\/\/www.cie-ktalop.com\/wp-content\/uploads\/2023\/04\/affiche-monique_web.jpg\"><img decoding=\"async\" loading=\"lazy\" width=\"727\" height=\"1024\" data-id=\"673\"  src=\"http:\/\/www.cie-ktalop.com\/wp-content\/uploads\/2023\/04\/affiche-monique_web-727x1024.jpg\" alt=\"\" class=\"wp-image-673\" srcset=\"https:\/\/www.cie-ktalop.com\/wp-content\/uploads\/2023\/04\/affiche-monique_web-727x1024.jpg 727w, https:\/\/www.cie-ktalop.com\/wp-content\/uploads\/2023\/04\/affiche-monique_web-213x300.jpg 213w, https:\/\/www.cie-ktalop.com\/wp-content\/uploads\/2023\/04\/affiche-monique_web-768x1082.jpg 768w, https:\/\/www.cie-ktalop.com\/wp-content\/uploads\/2023\/04\/affiche-monique_web.jpg 800w\" sizes=\"(max-width: 727px) 100vw, 727px\" \/><\/a><\/figure>\n\n\n\n<figure class=\"wp-block-image\"><a href=\"http:\/\/www.cie-ktalop.com\/wp-content\/uploads\/2022\/11\/super-1-1-1200x1197.jpg\"><img decoding=\"async\" loading=\"lazy\" width=\"1024\" height=\"1021\" data-id=\"515\"  src=\"http:\/\/www.cie-ktalop.com\/wp-content\/uploads\/2022\/11\/super-1-1-1200x1197-1024x1021.jpg\" alt=\"\" class=\"wp-image-515\" srcset=\"https:\/\/www.cie-ktalop.com\/wp-content\/uploads\/2022\/11\/super-1-1-1200x1197-1024x1021.jpg 1024w, https:\/\/www.cie-ktalop.com\/wp-content\/uploads\/2022\/11\/super-1-1-1200x1197-150x150.jpg 150w, https:\/\/www.cie-ktalop.com\/wp-content\/uploads\/2022\/11\/super-1-1-1200x1197-300x300.jpg 300w, https:\/\/www.cie-ktalop.com\/wp-content\/uploads\/2022\/11\/super-1-1-1200x1197-768x766.jpg 768w, https:\/\/www.cie-ktalop.com\/wp-content\/uploads\/2022\/11\/super-1-1-1200x1197.jpg 1200w\" sizes=\"(max-width: 1024px) 100vw, 1024px\" \/><\/a><\/figure>\n\n\n\n<figure class=\"wp-block-image\"><a href=\"http:\/\/www.cie-ktalop.com\/wp-content\/uploads\/2022\/11\/monique-razorback-theatre-de-la-terre-imper-nb.jpg\"><img decoding=\"async\" loading=\"lazy\" width=\"450\" height=\"399\" data-id=\"512\"  src=\"http:\/\/www.cie-ktalop.com\/wp-content\/uploads\/2022\/11\/monique-razorback-theatre-de-la-terre-imper-nb.jpg\" alt=\"\" class=\"wp-image-512\" srcset=\"https:\/\/www.cie-ktalop.com\/wp-content\/uploads\/2022\/11\/monique-razorback-theatre-de-la-terre-imper-nb.jpg 450w, https:\/\/www.cie-ktalop.com\/wp-content\/uploads\/2022\/11\/monique-razorback-theatre-de-la-terre-imper-nb-300x266.jpg 300w\" sizes=\"(max-width: 450px) 100vw, 450px\" \/><\/a><\/figure>\n\n\n\n<figure class=\"wp-block-image size-large\"><a href=\"https:\/\/www.cie-ktalop.com\/wp-content\/uploads\/2025\/03\/MG_0203-scaled.jpg\"><img decoding=\"async\" loading=\"lazy\" width=\"1024\" height=\"683\" data-id=\"1368\"  src=\"https:\/\/www.cie-ktalop.com\/wp-content\/uploads\/2025\/03\/MG_0203-1024x683.jpg\" alt=\"\" class=\"wp-image-1368\" srcset=\"https:\/\/www.cie-ktalop.com\/wp-content\/uploads\/2025\/03\/MG_0203-1024x683.jpg 1024w, https:\/\/www.cie-ktalop.com\/wp-content\/uploads\/2025\/03\/MG_0203-300x200.jpg 300w, https:\/\/www.cie-ktalop.com\/wp-content\/uploads\/2025\/03\/MG_0203-768x512.jpg 768w, https:\/\/www.cie-ktalop.com\/wp-content\/uploads\/2025\/03\/MG_0203-1536x1024.jpg 1536w, https:\/\/www.cie-ktalop.com\/wp-content\/uploads\/2025\/03\/MG_0203-2048x1365.jpg 2048w\" sizes=\"(max-width: 1024px) 100vw, 1024px\" \/><\/a><\/figure>\n\n\n\n<figure class=\"wp-block-image size-large\"><a href=\"https:\/\/www.cie-ktalop.com\/wp-content\/uploads\/2025\/03\/MOnique-Razorback-septembre-2023-scaled.jpg\"><img decoding=\"async\" loading=\"lazy\" width=\"1024\" height=\"683\" data-id=\"1367\"  src=\"https:\/\/www.cie-ktalop.com\/wp-content\/uploads\/2025\/03\/MOnique-Razorback-septembre-2023-1024x683.jpg\" alt=\"\" class=\"wp-image-1367\" srcset=\"https:\/\/www.cie-ktalop.com\/wp-content\/uploads\/2025\/03\/MOnique-Razorback-septembre-2023-1024x683.jpg 1024w, https:\/\/www.cie-ktalop.com\/wp-content\/uploads\/2025\/03\/MOnique-Razorback-septembre-2023-300x200.jpg 300w, https:\/\/www.cie-ktalop.com\/wp-content\/uploads\/2025\/03\/MOnique-Razorback-septembre-2023-768x512.jpg 768w, https:\/\/www.cie-ktalop.com\/wp-content\/uploads\/2025\/03\/MOnique-Razorback-septembre-2023-1536x1024.jpg 1536w, https:\/\/www.cie-ktalop.com\/wp-content\/uploads\/2025\/03\/MOnique-Razorback-septembre-2023-2048x1365.jpg 2048w\" sizes=\"(max-width: 1024px) 100vw, 1024px\" \/><\/a><\/figure>\n\n\n\n<figure class=\"wp-block-image size-large\"><a href=\"https:\/\/www.cie-ktalop.com\/wp-content\/uploads\/2025\/03\/MG_0182-scaled.jpg\"><img decoding=\"async\" loading=\"lazy\" width=\"1024\" height=\"683\" data-id=\"1370\"  src=\"https:\/\/www.cie-ktalop.com\/wp-content\/uploads\/2025\/03\/MG_0182-1024x683.jpg\" alt=\"\" class=\"wp-image-1370\" srcset=\"https:\/\/www.cie-ktalop.com\/wp-content\/uploads\/2025\/03\/MG_0182-1024x683.jpg 1024w, https:\/\/www.cie-ktalop.com\/wp-content\/uploads\/2025\/03\/MG_0182-300x200.jpg 300w, https:\/\/www.cie-ktalop.com\/wp-content\/uploads\/2025\/03\/MG_0182-768x512.jpg 768w, https:\/\/www.cie-ktalop.com\/wp-content\/uploads\/2025\/03\/MG_0182-1536x1024.jpg 1536w, https:\/\/www.cie-ktalop.com\/wp-content\/uploads\/2025\/03\/MG_0182-2048x1365.jpg 2048w\" sizes=\"(max-width: 1024px) 100vw, 1024px\" \/><\/a><\/figure>\n\n\n\n<figure class=\"wp-block-image size-large\"><a href=\"https:\/\/www.cie-ktalop.com\/wp-content\/uploads\/2025\/03\/P1011273-scaled.jpg\"><img decoding=\"async\" loading=\"lazy\" width=\"768\" height=\"1024\" data-id=\"1366\"  src=\"https:\/\/www.cie-ktalop.com\/wp-content\/uploads\/2025\/03\/P1011273-768x1024.jpg\" alt=\"\" class=\"wp-image-1366\" srcset=\"https:\/\/www.cie-ktalop.com\/wp-content\/uploads\/2025\/03\/P1011273-768x1024.jpg 768w, https:\/\/www.cie-ktalop.com\/wp-content\/uploads\/2025\/03\/P1011273-225x300.jpg 225w, https:\/\/www.cie-ktalop.com\/wp-content\/uploads\/2025\/03\/P1011273-1152x1536.jpg 1152w, https:\/\/www.cie-ktalop.com\/wp-content\/uploads\/2025\/03\/P1011273-1536x2048.jpg 1536w, https:\/\/www.cie-ktalop.com\/wp-content\/uploads\/2025\/03\/P1011273-scaled.jpg 1920w\" sizes=\"(max-width: 768px) 100vw, 768px\" \/><\/a><\/figure>\n<\/figure>\n","protected":false},"excerpt":{"rendered":"<p>MOnique Razorback Tragico-clowne \u2013 Cr\u00e9ature clownesque- Clowne nouveau Venez vivre une tranche de vie de \u00ab La MOnique \u00bb \u2013 Mais Pourquoi, MOnique est devenue MOnique ? \u00ab La MOnique \u00bb revient chaque soir pr\u00e8s d\u2019un Bar, \u00ab Le Terminus \u00bb apr\u00e8s sa tourn\u00e9e de R\u00e9cup pour y retrouver son \u00ab&nbsp;Pierrot&nbsp;\u00bb.. La solitude tu connais [&hellip;]<\/p>\n","protected":false},"author":1,"featured_media":625,"parent":92,"menu_order":0,"comment_status":"closed","ping_status":"closed","template":"","meta":{"_mi_skip_tracking":false},"_links":{"self":[{"href":"https:\/\/www.cie-ktalop.com\/index.php\/wp-json\/wp\/v2\/pages\/508"}],"collection":[{"href":"https:\/\/www.cie-ktalop.com\/index.php\/wp-json\/wp\/v2\/pages"}],"about":[{"href":"https:\/\/www.cie-ktalop.com\/index.php\/wp-json\/wp\/v2\/types\/page"}],"author":[{"embeddable":true,"href":"https:\/\/www.cie-ktalop.com\/index.php\/wp-json\/wp\/v2\/users\/1"}],"replies":[{"embeddable":true,"href":"https:\/\/www.cie-ktalop.com\/index.php\/wp-json\/wp\/v2\/comments?post=508"}],"version-history":[{"count":33,"href":"https:\/\/www.cie-ktalop.com\/index.php\/wp-json\/wp\/v2\/pages\/508\/revisions"}],"predecessor-version":[{"id":1527,"href":"https:\/\/www.cie-ktalop.com\/index.php\/wp-json\/wp\/v2\/pages\/508\/revisions\/1527"}],"up":[{"embeddable":true,"href":"https:\/\/www.cie-ktalop.com\/index.php\/wp-json\/wp\/v2\/pages\/92"}],"wp:featuredmedia":[{"embeddable":true,"href":"https:\/\/www.cie-ktalop.com\/index.php\/wp-json\/wp\/v2\/media\/625"}],"wp:attachment":[{"href":"https:\/\/www.cie-ktalop.com\/index.php\/wp-json\/wp\/v2\/media?parent=508"}],"curies":[{"name":"wp","href":"https:\/\/api.w.org\/{rel}","templated":true}]}}