{"id":567,"date":"2023-03-07T14:35:34","date_gmt":"2023-03-07T13:35:34","guid":{"rendered":"http:\/\/www.cie-ktalop.com\/?page_id=567"},"modified":"2025-05-27T11:08:50","modified_gmt":"2025-05-27T09:08:50","slug":"emilie-jehenne","status":"publish","type":"page","link":"https:\/\/www.cie-ktalop.com\/index.php\/comediens\/emilie-jehenne\/","title":{"rendered":"Emilie Jehenne"},"content":{"rendered":"\n<h3>Emilie Jehenne &#8211; <a href=\"https:\/\/emilie-jehenne.fr\/\">https:\/\/emilie-jehenne.fr\/<\/a><\/h3>\n\n\n\n<p>Com\u00e9dienne clowne<\/p>\n\n\n\n<p>Formation: A.C.T.E.A compagnie dans la cit\u00e9 \u00e0 Caen (14):<br>formation de com\u00e9dienne, du masque neutre, clown et danse.<br>B.A.F.A<br>Bataclown: formation de clowne th\u00e9\u00e2tre<br>Stages de clown: Carole Tallec, Christine Rossignol Dallaire, Adell Nod\u00e9 Langlois, Mike<br>Bureaux.<br>2009 &#8211; Cie\u00ab la Sk\u00e9na \u00bb Paris<br>2015 &#8211; Cie \u00ab Arlequin des \u00c9toiles \u00bb(09)<br>2016 &#8211; Cie et association \u00abTh\u00e9\u00e2tre de la Terre \u00bb (09)<br>2017- Cie \u00ab Entracteur \u00bb (66) et l\u2019Association Artatouille (09)<br>2020 \u2013 Cie \u00abKoikadi\u00bb (31)<br>2021 \u2013 Cie \u00abLa Voli\u00e8re\u00bb (31)<br>2022 \u2013 Cie \u00abKtalop\u00bb (81)<\/p>\n\n\n\n<p><br><strong>Actuellement<\/strong>:<br>Elle joue un seule en sc\u00e8ne de clowne-th\u00e9\u00e2tre avec la Cie \u00abTh\u00e9\u00e2tre de la Terre \u00bb (09):<br>un spectacle jeune public \u00abMinute, le temps d\u2019un souvenir\u00bb &#8211; adaptation d\u2019un album<br>jeunesse cr\u00e9e en 2017.<br>Elle joue avec la Cie \u00abKoikadi\u00bb (31) le spectacle \u00abWanted loup myth\u00e9\u00bb en duo de clowns et<br>l\u2019atelier spectacle \u00abla famille grain d\u2019sel et son g\u00e2teau g\u00e9ant\u00bb avec l\u2019Association Artatouille.<br>Elle joue un spectacle adulte: \u00abMOnique Razorback\u00bb \u2013 cr\u00e9ation 2020 qui vient de<br>d\u00e9m\u00e9nager dans la Cie Ktalop -Tarn.<br>Elle propose \u00e9galement des ateliers th\u00e9\u00e2tre et clown pour les jeunes.<br>En parall\u00e8le, elle aime \u00e0 s\u2019exercer aux arts du cirque : jonglerie, accord\u00e9on et clarinette.<\/p>\n","protected":false},"excerpt":{"rendered":"<p>Emilie Jehenne &#8211; https:\/\/emilie-jehenne.fr\/ Com\u00e9dienne clowne Formation: A.C.T.E.A compagnie dans la cit\u00e9 \u00e0 Caen (14):formation de com\u00e9dienne, du masque neutre, clown et danse.B.A.F.ABataclown: formation de clowne th\u00e9\u00e2treStages de clown: Carole Tallec, Christine Rossignol Dallaire, Adell Nod\u00e9 Langlois, MikeBureaux.2009 &#8211; Cie\u00ab la Sk\u00e9na \u00bb Paris2015 &#8211; Cie \u00ab Arlequin des \u00c9toiles \u00bb(09)2016 &#8211; Cie et association [&hellip;]<\/p>\n","protected":false},"author":1,"featured_media":568,"parent":111,"menu_order":0,"comment_status":"closed","ping_status":"closed","template":"","meta":{"_mi_skip_tracking":false},"_links":{"self":[{"href":"https:\/\/www.cie-ktalop.com\/index.php\/wp-json\/wp\/v2\/pages\/567"}],"collection":[{"href":"https:\/\/www.cie-ktalop.com\/index.php\/wp-json\/wp\/v2\/pages"}],"about":[{"href":"https:\/\/www.cie-ktalop.com\/index.php\/wp-json\/wp\/v2\/types\/page"}],"author":[{"embeddable":true,"href":"https:\/\/www.cie-ktalop.com\/index.php\/wp-json\/wp\/v2\/users\/1"}],"replies":[{"embeddable":true,"href":"https:\/\/www.cie-ktalop.com\/index.php\/wp-json\/wp\/v2\/comments?post=567"}],"version-history":[{"count":3,"href":"https:\/\/www.cie-ktalop.com\/index.php\/wp-json\/wp\/v2\/pages\/567\/revisions"}],"predecessor-version":[{"id":1410,"href":"https:\/\/www.cie-ktalop.com\/index.php\/wp-json\/wp\/v2\/pages\/567\/revisions\/1410"}],"up":[{"embeddable":true,"href":"https:\/\/www.cie-ktalop.com\/index.php\/wp-json\/wp\/v2\/pages\/111"}],"wp:featuredmedia":[{"embeddable":true,"href":"https:\/\/www.cie-ktalop.com\/index.php\/wp-json\/wp\/v2\/media\/568"}],"wp:attachment":[{"href":"https:\/\/www.cie-ktalop.com\/index.php\/wp-json\/wp\/v2\/media?parent=567"}],"curies":[{"name":"wp","href":"https:\/\/api.w.org\/{rel}","templated":true}]}}