{"id":677,"date":"2023-05-09T16:05:40","date_gmt":"2023-05-09T14:05:40","guid":{"rendered":"http:\/\/www.cie-ktalop.com\/?page_id=677"},"modified":"2025-12-07T19:15:42","modified_gmt":"2025-12-07T18:15:42","slug":"stages","status":"publish","type":"page","link":"https:\/\/www.cie-ktalop.com\/index.php\/stages\/","title":{"rendered":"Nos Stages"},"content":{"rendered":"\n<p class=\"has-medium-font-size\"><a href=\"http:\/\/www.cie-ktalop.com\/index.php\/stages\/initiation-et-decouverte\/\">Stages D\u00e9couverte<\/a><br><a href=\"http:\/\/www.cie-ktalop.com\/index.php\/stages\/la-creature-clownesque\/\">La Cr\u00e9ature clownesque<\/a><strong> <\/strong><br><a href=\"http:\/\/www.cie-ktalop.com\/index.php\/stages\/choeur-de-clown-et-duo-trio\/\">Multiple de Clown<\/a> &nbsp; <br><a href=\"http:\/\/www.cie-ktalop.com\/index.php\/stages\/ecriture-plateau\/\">Ecriture plateau <\/a><br><a href=\"http:\/\/www.cie-ktalop.com\/index.php\/stages\/clown-en-rue\/\">Clown dans la Rue<br><\/a><a href=\"https:\/\/www.cie-ktalop.com\/index.php\/stages\/immersion-clown-en-milieu-de-soin\/\">Immersion Clown en Milieu de Soin<\/a><\/p>\n\n\n\n<p>Lors de nos stages, des nez de Clowns en cuir de 3 tailles diff\u00e9rentes vous seront mis \u00e0 disposition. Il vous sera aussi possible de vous en procurer. Voici les tarifs:<\/p>\n\n\n\n<ul>\n<li>Petit nez: 16\u20ac<\/li>\n\n\n\n<li>Moyen nez: 18\u20ac<\/li>\n\n\n\n<li>Gros nez: 20\u20ac<\/li>\n<\/ul>\n\n\n\n<p><strong>Animateur\u00b7ices: <\/strong><\/p>\n\n\n\n<p><strong>Mike Bureaux (D&rsquo;jo Chabbert)<\/strong><\/p>\n\n\n\n<p>Com\u00e9dien Clown depuis 2011 et Com\u00e9dien Clown en milieu de soin depuis 2014, Mike \u00e0 suivi un parcours de stage Clown (avec Emmanuel Gil (Typhus Bronx)Emmanuel Sembely, C\u00e9dric Paga (Ludor Citrik), Ad\u00e8l Nod\u00e9 Langlois, Gilles Defaque, Vincent Rouch, Daniel Gulko, Elise Ouvrier Buffet, Paola Rizza, Estelle Beugin, Marie Gallot) ainsi que du Th\u00e9\u00e2tre Masqu\u00e9 (Patrick P\u00e9zin) et du Mime.<br>Il \u00e9crit et met en sc\u00e8ne plusieurs spectacles dont les derniers: \u00ab Vraaaaaaaac \u00bb et \u00ab\u00a0MOnique\u00a0\u00bb.<br>Il d\u00e9ambule (Le DARD, La f\u00e9e des Gueux) et va \u00e0 la rencontre des badauds, il intervient en milieu de soin aupr\u00e8s de personnes \u00e0 troubles cognitifs avanc\u00e9s (EHPAD) ainsi qu&rsquo;aupr\u00e8s d&rsquo;enfants malades (H\u00f4pital des Enfants de Toulouse).<br>Il initie adultes et enfants \u00e0 l\u2019art du clown, et il aide des compagnies dans leur mise en sc\u00e8ne.&nbsp;<br><\/p>\n\n\n\n<p><strong>Emilie Jehenne (MOnique Razorback)<\/strong><br>Elle joue un seule en sc\u00e8ne de clowne-th\u00e9\u00e2tre avec la Cie \u00abTh\u00e9\u00e2tre de la Terre \u00bb (09):<br>un spectacle jeune public \u00abMinute, le temps d\u2019un souvenir\u00bb &#8211; adaptation d\u2019un album<br>jeunesse cr\u00e9e en 2017.<br>Elle joue avec la Cie \u00abKoikadi\u00bb (31) le spectacle \u00abWanted loup myth\u00e9\u00bb en duo de clowns et<br>l\u2019atelier spectacle \u00abla famille grain d\u2019sel et son g\u00e2teau g\u00e9ant\u00bb avec l\u2019Association Artatouille.<br>Elle joue un spectacle adulte: \u00abMonique Razorback\u00bb \u2013 cr\u00e9ation 2020 qui vient de<br>d\u00e9m\u00e9nager dans la Cie Ktalop -Tarn.<br>Elle propose \u00e9galement des ateliers th\u00e9\u00e2tre et clown pour les jeunes.<br>En parall\u00e8le, elle aime \u00e0 s\u2019exercer aux arts du cirque : jonglerie, accord\u00e9on et clarinette.<\/p>\n\n\n\n<p><strong>C\u00e9cile Mauclair<\/strong><br>Amoureuse du clown depuis toujours, danseuse depuis l\u2019enfance, form\u00e9e \u00e0 la relation d\u2019aide ( \u00e9ducatrice sp\u00e9cialis\u00e9e), elle tisse des liens entre l\u2019art et le soin.<br>Depuis 10 ans, elle navigue comme clowne, essentiellement en milieu de soin, et comme com\u00e9dienne pour plusieurs cr\u00e9ations.&nbsp;<br>Apr\u00e8s de multiples stages clown, elle suit en parall\u00e8le la Formation professionnelle de com\u00e9dienne au Th\u00e9\u00e2tre de l\u2019Acte et la formation Clown en milieu de soin de la Cie du Bout du Nez. Elle poursuit au CNAC, Clown \u00e0 l\u2019\u00e9preuve de la piste (avec Ludor Citrik, Paola Rizza, Gilles Defacques et Adell Nod\u00e9-Langlois).&nbsp;<br>Pendant quelques ann\u00e9es, elle travaille avec la Cie de th\u00e9\u00e2tre Demain il fera jour et cr\u00e9e plusieurs spectacles, le solo MAGDALENA et le duo VIVRE !<br>Sa derni\u00e8re cr\u00e9ation KomUn vient de voir le jour, un duo danse th\u00e9\u00e2tre autour de la relation port\u00e9 par Humanum Dance Company.&nbsp;<br>Elle aime cr\u00e9er et accompagner\u2026.<br>Que ce soit lors de ses stages clown ou aupr\u00e8s des com\u00e9diens dans leur recherche artistique.<\/p>\n","protected":false},"excerpt":{"rendered":"<p>Stages D\u00e9couverteLa Cr\u00e9ature clownesque Multiple de Clown &nbsp; Ecriture plateau Clown dans la RueImmersion Clown en Milieu de Soin Lors de nos stages, des nez de Clowns en cuir de 3 tailles diff\u00e9rentes vous seront mis \u00e0 disposition. Il vous sera aussi possible de vous en procurer. Voici les tarifs: Animateur\u00b7ices: Mike Bureaux (D&rsquo;jo Chabbert) [&hellip;]<\/p>\n","protected":false},"author":1,"featured_media":1521,"parent":0,"menu_order":1,"comment_status":"closed","ping_status":"closed","template":"","meta":{"_mi_skip_tracking":false},"_links":{"self":[{"href":"https:\/\/www.cie-ktalop.com\/index.php\/wp-json\/wp\/v2\/pages\/677"}],"collection":[{"href":"https:\/\/www.cie-ktalop.com\/index.php\/wp-json\/wp\/v2\/pages"}],"about":[{"href":"https:\/\/www.cie-ktalop.com\/index.php\/wp-json\/wp\/v2\/types\/page"}],"author":[{"embeddable":true,"href":"https:\/\/www.cie-ktalop.com\/index.php\/wp-json\/wp\/v2\/users\/1"}],"replies":[{"embeddable":true,"href":"https:\/\/www.cie-ktalop.com\/index.php\/wp-json\/wp\/v2\/comments?post=677"}],"version-history":[{"count":46,"href":"https:\/\/www.cie-ktalop.com\/index.php\/wp-json\/wp\/v2\/pages\/677\/revisions"}],"predecessor-version":[{"id":1522,"href":"https:\/\/www.cie-ktalop.com\/index.php\/wp-json\/wp\/v2\/pages\/677\/revisions\/1522"}],"wp:featuredmedia":[{"embeddable":true,"href":"https:\/\/www.cie-ktalop.com\/index.php\/wp-json\/wp\/v2\/media\/1521"}],"wp:attachment":[{"href":"https:\/\/www.cie-ktalop.com\/index.php\/wp-json\/wp\/v2\/media?parent=677"}],"curies":[{"name":"wp","href":"https:\/\/api.w.org\/{rel}","templated":true}]}}