{"id":8,"date":"2020-03-02T16:36:52","date_gmt":"2020-03-02T15:36:52","guid":{"rendered":"http:\/\/cie-ktalop.com\/?page_id=8"},"modified":"2021-10-08T15:33:12","modified_gmt":"2021-10-08T13:33:12","slug":"la-fee-des-gueux","status":"publish","type":"page","link":"https:\/\/www.cie-ktalop.com\/index.php\/performances\/la-fee-des-gueux\/","title":{"rendered":"La F\u00e9e des Gueux"},"content":{"rendered":"\n<p style=\"text-align:left\" class=\"has-medium-font-size\"><strong>La F\u00e9e des Gueux<\/strong><\/p>\n\n\n\n<p>Une f\u00e9e d\u00e9ambule dans les rues, elle cherche son chemin, elle cherche ses coll\u00e8gues\u2026<br> Son nom ? <strong>La f\u00e9e des Gueux<\/strong>.<br> C\u2019est une f\u00e9e qui ne sort pas des contes mais plut\u00f4t de la pl\u00e8be.<\/p>\n\n\n\n<p>Elle vient du peuple, elle l\u2019aime le peuple et le peuple le lui rend \nbien. Elle a le pouvoir de d\u00e9ranger et de faire sourire en m\u00eame temps\u2026 \ndr\u00f4le de pouvoir!<\/p>\n\n\n\n<p>Demain, c\u2019est le jour de la grande r\u00e9union des f\u00e9es inconnues, des \nf\u00e9es oubli\u00e9es, des f\u00e9es cach\u00e9es\u2026 Et c\u2019est dans votre ville qu\u2019elles se \nsont donn\u00e9es rendez vous pour c\u00e9l\u00e9brer ce grand jour. Elles ont pr\u00e9vus \nde lancer des sorts, de discuter, et de faire la f\u00eate\u2026 la grosse f\u00eate. \nVaste programme.<\/p>\n\n\n\n<p>Mais la f\u00eate c\u2019est demain et aujourd\u2019hui les f\u00e9es n\u2019ont pas mis leurs apparats et ressemblent encore \u00e0 de simples humains.<br>\nAfin qu\u2019aucune f\u00e9e ne reste sur le carreau et que la f\u00eate puisse battre \nson plein, notre f\u00e9e des Gueux s\u2019est donn\u00e9e pour mission de toutes les \nretrouver dans les rue de votre ville, tout en restant discr\u00e8te \u2026 enfin \nautant que possible accompagn\u00e9 ou non de son acolyte le crapaud \n\u00ab&nbsp;Kroaaa&nbsp;\u00bb transform\u00e9 en presque-humain pour l\u2019occasion.\n<\/p>\n\n\n\n<p><strong>Com\u00e9diens<\/strong><br> &#8211; Mike Bureaux (D&rsquo;jo Chabbert)<br> &#8211; Maxime Landon (Gaston l&rsquo;\u00e9ton&rsquo;nez)<\/p>\n\n\n\n<p><strong>D\u00e9tail technique:<\/strong><br> -En ext\u00e9rieur ou en int\u00e9rieur<br> -Intervention \u00e0 la demi-journ\u00e9e (2h max)<br> -Une loge avec un point d\u2019eau<\/p>\n\n\n\n<p><strong>Lieux d&rsquo;intervention:<\/strong><br>Sur des festivals, en rue, lors de march\u00e9 ou tout \u00e9v\u00e8nements avec un public mouvant. Nous nous d\u00e9pla\u00e7ons dans le Tarn, l&rsquo;Aveyron, l&rsquo;H\u00e9rault, la Loz\u00e8re, le Gard, l&rsquo;Ard\u00e8che, la Dr\u00f4me, le Vaucluse, les Bouches du Rh\u00f4ne<br><\/p>\n\n\n\n<p><strong>Prochaines Dates:<\/strong><\/p>\n\n\n\n<ul><li>30\/05\/2020 \u2013 Festi\u2019Famille \u2013 Albi(81)<\/li><\/ul>\n\n\n\n<p><strong>Dates Pass\u00e9es:<\/strong><\/p>\n\n\n\n<ul><li>11\/01\/2020 \u2013 Soir\u00e9e Bal du Caf\u00e9 \u00ab&nbsp;Causes Toujours&nbsp;\u00bb (26)<\/li><li>23\/11\/2019 \u2013 La soupe des Monstres \u2013 Vacquiers (31)<\/li><li>31\/10\/19 \u2013 Soir\u00e9e Halloween chez Safari Kids \u2013 Toulouse (31)<\/li><li>28\/11\/18 \u2013 Matin\u00e9e BNI \u2013 St Sulpice sur Tarn (81)<\/li><li>Aout 2018 \u2013 Soir\u00e9e festive \u2013 Pezenas (34)<\/li><li>Juillet et Aout 2018 \u2013 Sortie multiple en Rue \u2013 Gaillac et Rabastens (81)<\/li><\/ul>\n\n\n\n<ul class=\"is-layout-flex wp-block-gallery-1 wp-block-gallery columns-3 is-cropped\"><li class=\"blocks-gallery-item\"><figure><img decoding=\"async\" loading=\"lazy\" width=\"1024\" height=\"683\" src=\"http:\/\/www.cie-ktalop.com\/wp-content\/uploads\/2020\/03\/IMG_2825-1-1024x683.jpg\" alt=\"\" data-id=\"11\" data-link=\"http:\/\/www.cie-ktalop.com\/index.php\/la-fee-des-gueux\/img_2825-2\/\" class=\"wp-image-11\" srcset=\"https:\/\/www.cie-ktalop.com\/wp-content\/uploads\/2020\/03\/IMG_2825-1-1024x683.jpg 1024w, https:\/\/www.cie-ktalop.com\/wp-content\/uploads\/2020\/03\/IMG_2825-1-300x200.jpg 300w, https:\/\/www.cie-ktalop.com\/wp-content\/uploads\/2020\/03\/IMG_2825-1-768x512.jpg 768w\" sizes=\"(max-width: 1024px) 100vw, 1024px\" \/><\/figure><\/li><li class=\"blocks-gallery-item\"><figure><img decoding=\"async\" loading=\"lazy\" width=\"640\" height=\"960\" src=\"http:\/\/www.cie-ktalop.com\/wp-content\/uploads\/2020\/03\/39402071_321553268591967_1058067400982790144_n.jpeg\" alt=\"\" data-id=\"17\" data-link=\"http:\/\/www.cie-ktalop.com\/index.php\/la-fee-des-gueux\/39402071_321553268591967_1058067400982790144_n\/\" class=\"wp-image-17\" srcset=\"https:\/\/www.cie-ktalop.com\/wp-content\/uploads\/2020\/03\/39402071_321553268591967_1058067400982790144_n.jpeg 640w, https:\/\/www.cie-ktalop.com\/wp-content\/uploads\/2020\/03\/39402071_321553268591967_1058067400982790144_n-200x300.jpeg 200w\" sizes=\"(max-width: 640px) 100vw, 640px\" \/><\/figure><\/li><li class=\"blocks-gallery-item\"><figure><img decoding=\"async\" loading=\"lazy\" width=\"640\" height=\"960\" src=\"http:\/\/www.cie-ktalop.com\/wp-content\/uploads\/2020\/03\/39500020_2177187482524880_7106966982662029312_n.jpeg\" alt=\"\" data-id=\"18\" data-link=\"http:\/\/www.cie-ktalop.com\/index.php\/la-fee-des-gueux\/39500020_2177187482524880_7106966982662029312_n\/\" class=\"wp-image-18\" srcset=\"https:\/\/www.cie-ktalop.com\/wp-content\/uploads\/2020\/03\/39500020_2177187482524880_7106966982662029312_n.jpeg 640w, https:\/\/www.cie-ktalop.com\/wp-content\/uploads\/2020\/03\/39500020_2177187482524880_7106966982662029312_n-200x300.jpeg 200w\" sizes=\"(max-width: 640px) 100vw, 640px\" \/><\/figure><\/li><li class=\"blocks-gallery-item\"><figure><img decoding=\"async\" loading=\"lazy\" width=\"1024\" height=\"683\" src=\"http:\/\/www.cie-ktalop.com\/wp-content\/uploads\/2020\/03\/39504512_472443336567699_2106723910144753664_n-1024x683.jpeg\" alt=\"\" data-id=\"19\" data-link=\"http:\/\/www.cie-ktalop.com\/index.php\/la-fee-des-gueux\/39504512_472443336567699_2106723910144753664_n\/\" class=\"wp-image-19\" srcset=\"https:\/\/www.cie-ktalop.com\/wp-content\/uploads\/2020\/03\/39504512_472443336567699_2106723910144753664_n-1024x683.jpeg 1024w, https:\/\/www.cie-ktalop.com\/wp-content\/uploads\/2020\/03\/39504512_472443336567699_2106723910144753664_n-300x200.jpeg 300w, https:\/\/www.cie-ktalop.com\/wp-content\/uploads\/2020\/03\/39504512_472443336567699_2106723910144753664_n-768x512.jpeg 768w, https:\/\/www.cie-ktalop.com\/wp-content\/uploads\/2020\/03\/39504512_472443336567699_2106723910144753664_n.jpeg 2000w\" sizes=\"(max-width: 1024px) 100vw, 1024px\" \/><\/figure><\/li><li class=\"blocks-gallery-item\"><figure><img decoding=\"async\" loading=\"lazy\" width=\"1024\" height=\"682\" src=\"http:\/\/www.cie-ktalop.com\/wp-content\/uploads\/2020\/03\/39569798_269265900346197_9103434667092082688_n-1024x682.jpeg\" alt=\"\" data-id=\"20\" data-link=\"http:\/\/www.cie-ktalop.com\/index.php\/la-fee-des-gueux\/39569798_269265900346197_9103434667092082688_n\/\" class=\"wp-image-20\" srcset=\"https:\/\/www.cie-ktalop.com\/wp-content\/uploads\/2020\/03\/39569798_269265900346197_9103434667092082688_n-1024x682.jpeg 1024w, https:\/\/www.cie-ktalop.com\/wp-content\/uploads\/2020\/03\/39569798_269265900346197_9103434667092082688_n-300x200.jpeg 300w, https:\/\/www.cie-ktalop.com\/wp-content\/uploads\/2020\/03\/39569798_269265900346197_9103434667092082688_n-768x512.jpeg 768w, https:\/\/www.cie-ktalop.com\/wp-content\/uploads\/2020\/03\/39569798_269265900346197_9103434667092082688_n.jpeg 2000w\" sizes=\"(max-width: 1024px) 100vw, 1024px\" \/><\/figure><\/li><li class=\"blocks-gallery-item\"><figure><img decoding=\"async\" loading=\"lazy\" width=\"1024\" height=\"683\" src=\"http:\/\/www.cie-ktalop.com\/wp-content\/uploads\/2020\/03\/IMG_1550-1024x683.jpg\" alt=\"\" data-id=\"21\" data-link=\"http:\/\/www.cie-ktalop.com\/index.php\/la-fee-des-gueux\/img_1550\/\" class=\"wp-image-21\" srcset=\"https:\/\/www.cie-ktalop.com\/wp-content\/uploads\/2020\/03\/IMG_1550-1024x683.jpg 1024w, https:\/\/www.cie-ktalop.com\/wp-content\/uploads\/2020\/03\/IMG_1550-300x200.jpg 300w, https:\/\/www.cie-ktalop.com\/wp-content\/uploads\/2020\/03\/IMG_1550-768x512.jpg 768w\" sizes=\"(max-width: 1024px) 100vw, 1024px\" \/><\/figure><\/li><li class=\"blocks-gallery-item\"><figure><img decoding=\"async\" loading=\"lazy\" width=\"1024\" height=\"683\" src=\"http:\/\/www.cie-ktalop.com\/wp-content\/uploads\/2020\/03\/IMG_1686-1024x683.jpg\" alt=\"\" data-id=\"22\" data-link=\"http:\/\/www.cie-ktalop.com\/index.php\/la-fee-des-gueux\/img_1686\/\" class=\"wp-image-22\" srcset=\"https:\/\/www.cie-ktalop.com\/wp-content\/uploads\/2020\/03\/IMG_1686-1024x683.jpg 1024w, https:\/\/www.cie-ktalop.com\/wp-content\/uploads\/2020\/03\/IMG_1686-300x200.jpg 300w, https:\/\/www.cie-ktalop.com\/wp-content\/uploads\/2020\/03\/IMG_1686-768x512.jpg 768w\" sizes=\"(max-width: 1024px) 100vw, 1024px\" \/><\/figure><\/li><li class=\"blocks-gallery-item\"><figure><img decoding=\"async\" loading=\"lazy\" width=\"1024\" height=\"683\" src=\"http:\/\/www.cie-ktalop.com\/wp-content\/uploads\/2020\/03\/IMG_1632-1024x683.jpg\" alt=\"\" data-id=\"24\" data-link=\"http:\/\/www.cie-ktalop.com\/index.php\/la-fee-des-gueux\/img_1632\/\" class=\"wp-image-24\" srcset=\"https:\/\/www.cie-ktalop.com\/wp-content\/uploads\/2020\/03\/IMG_1632-1024x683.jpg 1024w, https:\/\/www.cie-ktalop.com\/wp-content\/uploads\/2020\/03\/IMG_1632-300x200.jpg 300w, https:\/\/www.cie-ktalop.com\/wp-content\/uploads\/2020\/03\/IMG_1632-768x512.jpg 768w\" sizes=\"(max-width: 1024px) 100vw, 1024px\" \/><\/figure><\/li><li class=\"blocks-gallery-item\"><figure><img decoding=\"async\" loading=\"lazy\" width=\"1024\" height=\"683\" src=\"http:\/\/www.cie-ktalop.com\/wp-content\/uploads\/2020\/03\/IMG_1525-1024x683.jpg\" alt=\"\" data-id=\"25\" data-link=\"http:\/\/www.cie-ktalop.com\/index.php\/la-fee-des-gueux\/img_1525\/\" class=\"wp-image-25\" srcset=\"https:\/\/www.cie-ktalop.com\/wp-content\/uploads\/2020\/03\/IMG_1525-1024x683.jpg 1024w, https:\/\/www.cie-ktalop.com\/wp-content\/uploads\/2020\/03\/IMG_1525-300x200.jpg 300w, https:\/\/www.cie-ktalop.com\/wp-content\/uploads\/2020\/03\/IMG_1525-768x512.jpg 768w\" sizes=\"(max-width: 1024px) 100vw, 1024px\" \/><\/figure><\/li><li class=\"blocks-gallery-item\"><figure><img decoding=\"async\" loading=\"lazy\" width=\"1024\" height=\"683\" src=\"http:\/\/www.cie-ktalop.com\/wp-content\/uploads\/2020\/03\/IMG_1528-1024x683.jpg\" alt=\"\" data-id=\"26\" data-link=\"http:\/\/www.cie-ktalop.com\/index.php\/la-fee-des-gueux\/img_1528\/\" class=\"wp-image-26\" srcset=\"https:\/\/www.cie-ktalop.com\/wp-content\/uploads\/2020\/03\/IMG_1528-1024x683.jpg 1024w, https:\/\/www.cie-ktalop.com\/wp-content\/uploads\/2020\/03\/IMG_1528-300x200.jpg 300w, https:\/\/www.cie-ktalop.com\/wp-content\/uploads\/2020\/03\/IMG_1528-768x512.jpg 768w\" sizes=\"(max-width: 1024px) 100vw, 1024px\" \/><\/figure><\/li><li class=\"blocks-gallery-item\"><figure><img decoding=\"async\" loading=\"lazy\" width=\"1024\" height=\"683\" src=\"http:\/\/www.cie-ktalop.com\/wp-content\/uploads\/2020\/03\/IMG_1634-1024x683.jpg\" alt=\"\" data-id=\"27\" data-link=\"http:\/\/www.cie-ktalop.com\/index.php\/la-fee-des-gueux\/img_1634\/\" class=\"wp-image-27\" srcset=\"https:\/\/www.cie-ktalop.com\/wp-content\/uploads\/2020\/03\/IMG_1634-1024x683.jpg 1024w, https:\/\/www.cie-ktalop.com\/wp-content\/uploads\/2020\/03\/IMG_1634-300x200.jpg 300w, https:\/\/www.cie-ktalop.com\/wp-content\/uploads\/2020\/03\/IMG_1634-768x512.jpg 768w\" sizes=\"(max-width: 1024px) 100vw, 1024px\" \/><\/figure><\/li><\/ul>\n","protected":false},"excerpt":{"rendered":"<p>La F\u00e9e des Gueux Une f\u00e9e d\u00e9ambule dans les rues, elle cherche son chemin, elle cherche ses coll\u00e8gues\u2026 Son nom ? La f\u00e9e des Gueux. C\u2019est une f\u00e9e qui ne sort pas des contes mais plut\u00f4t de la pl\u00e8be. Elle vient du peuple, elle l\u2019aime le peuple et le peuple le lui rend bien. Elle [&hellip;]<\/p>\n","protected":false},"author":1,"featured_media":71,"parent":299,"menu_order":0,"comment_status":"closed","ping_status":"closed","template":"","meta":{"_mi_skip_tracking":false},"_links":{"self":[{"href":"https:\/\/www.cie-ktalop.com\/index.php\/wp-json\/wp\/v2\/pages\/8"}],"collection":[{"href":"https:\/\/www.cie-ktalop.com\/index.php\/wp-json\/wp\/v2\/pages"}],"about":[{"href":"https:\/\/www.cie-ktalop.com\/index.php\/wp-json\/wp\/v2\/types\/page"}],"author":[{"embeddable":true,"href":"https:\/\/www.cie-ktalop.com\/index.php\/wp-json\/wp\/v2\/users\/1"}],"replies":[{"embeddable":true,"href":"https:\/\/www.cie-ktalop.com\/index.php\/wp-json\/wp\/v2\/comments?post=8"}],"version-history":[{"count":10,"href":"https:\/\/www.cie-ktalop.com\/index.php\/wp-json\/wp\/v2\/pages\/8\/revisions"}],"predecessor-version":[{"id":226,"href":"https:\/\/www.cie-ktalop.com\/index.php\/wp-json\/wp\/v2\/pages\/8\/revisions\/226"}],"up":[{"embeddable":true,"href":"https:\/\/www.cie-ktalop.com\/index.php\/wp-json\/wp\/v2\/pages\/299"}],"wp:featuredmedia":[{"embeddable":true,"href":"https:\/\/www.cie-ktalop.com\/index.php\/wp-json\/wp\/v2\/media\/71"}],"wp:attachment":[{"href":"https:\/\/www.cie-ktalop.com\/index.php\/wp-json\/wp\/v2\/media?parent=8"}],"curies":[{"name":"wp","href":"https:\/\/api.w.org\/{rel}","templated":true}]}}