{"id":92,"date":"2020-03-19T11:43:19","date_gmt":"2020-03-19T10:43:19","guid":{"rendered":"http:\/\/www.cie-ktalop.com\/?page_id=92"},"modified":"2025-01-21T17:20:46","modified_gmt":"2025-01-21T16:20:46","slug":"spectacles","status":"publish","type":"page","link":"https:\/\/www.cie-ktalop.com\/index.php\/spectacles\/","title":{"rendered":"Nos Spectacles"},"content":{"rendered":"\n<p><\/p>\n\n\n\n<div class=\"is-layout-flex wp-container-3 wp-block-columns\">\n<div class=\"is-layout-flow wp-block-column\">\n<figure class=\"wp-block-image size-large\"><a href=\"https:\/\/www.cie-ktalop.com\/index.php\/spectacles\/monique-razorback\/\"><img decoding=\"async\" loading=\"lazy\" width=\"727\" height=\"1024\" src=\"http:\/\/www.cie-ktalop.com\/wp-content\/uploads\/2023\/04\/affiche-monique_web-727x1024.jpg\" alt=\"\" class=\"wp-image-673\" srcset=\"https:\/\/www.cie-ktalop.com\/wp-content\/uploads\/2023\/04\/affiche-monique_web-727x1024.jpg 727w, https:\/\/www.cie-ktalop.com\/wp-content\/uploads\/2023\/04\/affiche-monique_web-213x300.jpg 213w, https:\/\/www.cie-ktalop.com\/wp-content\/uploads\/2023\/04\/affiche-monique_web-768x1082.jpg 768w, https:\/\/www.cie-ktalop.com\/wp-content\/uploads\/2023\/04\/affiche-monique_web.jpg 800w\" sizes=\"(max-width: 727px) 100vw, 727px\" \/><\/a><figcaption class=\"wp-element-caption\"><a href=\"http:\/\/www.cie-ktalop.com\/index.php\/spectacles\/monique-razorback\/\" data-type=\"page\" data-id=\"508\">MOnique Razorback<\/a><\/figcaption><\/figure>\n<\/div>\n\n\n\n<div class=\"is-layout-flow wp-block-column\"><div class=\"wp-block-image\">\n<figure class=\"aligncenter size-large\"><a href=\"https:\/\/www.cie-ktalop.com\/index.php\/spectacles\/clown-noel-disruptif\/l-ile-de-tous-les-possibles\/\"><img decoding=\"async\" loading=\"lazy\" width=\"688\" height=\"1024\" src=\"http:\/\/www.cie-ktalop.com\/wp-content\/uploads\/2024\/11\/Affiche-Final-688x1024.jpeg\" alt=\"\" class=\"wp-image-1324\" srcset=\"https:\/\/www.cie-ktalop.com\/wp-content\/uploads\/2024\/11\/Affiche-Final-688x1024.jpeg 688w, https:\/\/www.cie-ktalop.com\/wp-content\/uploads\/2024\/11\/Affiche-Final-202x300.jpeg 202w, https:\/\/www.cie-ktalop.com\/wp-content\/uploads\/2024\/11\/Affiche-Final-768x1143.jpeg 768w, https:\/\/www.cie-ktalop.com\/wp-content\/uploads\/2024\/11\/Affiche-Final-1032x1536.jpeg 1032w, https:\/\/www.cie-ktalop.com\/wp-content\/uploads\/2024\/11\/Affiche-Final-1376x2048.jpeg 1376w, https:\/\/www.cie-ktalop.com\/wp-content\/uploads\/2024\/11\/Affiche-Final.jpeg 1500w\" sizes=\"(max-width: 688px) 100vw, 688px\" \/><\/a><figcaption class=\"wp-element-caption\"><a href=\"https:\/\/www.cie-ktalop.com\/index.php\/spectacles\/clown-noel-disruptif\/l-ile-de-tous-les-possibles\/\" data-type=\"page\" data-id=\"1077\">L&rsquo;\u00eele de tous les possibles (Jeune public)<\/a><\/figcaption><\/figure><\/div><\/div>\n<\/div>\n\n\n\n<div class=\"is-layout-flex wp-container-6 wp-block-columns\">\n<div class=\"is-layout-flow wp-block-column\">\n<figure class=\"wp-block-image size-large\"><a href=\"https:\/\/www.cie-ktalop.com\/index.php\/spectacles\/clown-noel-disruptif\/au-caillou-qui-pleuve\/\"><img decoding=\"async\" loading=\"lazy\" width=\"742\" height=\"1024\" src=\"http:\/\/www.cie-ktalop.com\/wp-content\/uploads\/2023\/07\/Affiche-V0.2-742x1024.jpg\" alt=\"\" class=\"wp-image-902\" srcset=\"https:\/\/www.cie-ktalop.com\/wp-content\/uploads\/2023\/07\/Affiche-V0.2-742x1024.jpg 742w, https:\/\/www.cie-ktalop.com\/wp-content\/uploads\/2023\/07\/Affiche-V0.2-217x300.jpg 217w, https:\/\/www.cie-ktalop.com\/wp-content\/uploads\/2023\/07\/Affiche-V0.2-768x1060.jpg 768w, https:\/\/www.cie-ktalop.com\/wp-content\/uploads\/2023\/07\/Affiche-V0.2-1113x1536.jpg 1113w, https:\/\/www.cie-ktalop.com\/wp-content\/uploads\/2023\/07\/Affiche-V0.2-1483x2048.jpg 1483w, https:\/\/www.cie-ktalop.com\/wp-content\/uploads\/2023\/07\/Affiche-V0.2-scaled.jpg 1854w\" sizes=\"(max-width: 742px) 100vw, 742px\" \/><\/a><figcaption class=\"wp-element-caption\"><a href=\"http:\/\/www.cie-ktalop.com\/index.php\/clown-noel-disruptif\/au-caillou-qui-pleuve\/\" data-type=\"page\" data-id=\"345\">Au Caillou qui pleuve<\/a>(Jeune public)<\/figcaption><\/figure>\n<\/div>\n\n\n\n<div class=\"is-layout-flow wp-block-column\">\n<figure class=\"wp-block-image size-large\"><img decoding=\"async\" loading=\"lazy\" width=\"979\" height=\"1024\" src=\"https:\/\/www.cie-ktalop.com\/wp-content\/uploads\/2024\/11\/Affiche-V1-3-979x1024.jpg\" alt=\"\" class=\"wp-image-1334\" srcset=\"https:\/\/www.cie-ktalop.com\/wp-content\/uploads\/2024\/11\/Affiche-V1-3-979x1024.jpg 979w, https:\/\/www.cie-ktalop.com\/wp-content\/uploads\/2024\/11\/Affiche-V1-3-287x300.jpg 287w, https:\/\/www.cie-ktalop.com\/wp-content\/uploads\/2024\/11\/Affiche-V1-3-768x803.jpg 768w, https:\/\/www.cie-ktalop.com\/wp-content\/uploads\/2024\/11\/Affiche-V1-3-1469x1536.jpg 1469w, https:\/\/www.cie-ktalop.com\/wp-content\/uploads\/2024\/11\/Affiche-V1-3-1959x2048.jpg 1959w\" sizes=\"(max-width: 979px) 100vw, 979px\" \/><figcaption class=\"wp-element-caption\"><a href=\"http:\/\/www.cie-ktalop.com\/index.php\/clown-noel-disruptif\/ca-sent-le-sapin-de-noel\/\" data-type=\"page\" data-id=\"212\">\u00c7a sent le sapin de No\u00ebl &#8211; Tout Public &#8211; No\u00ebl<\/a><\/figcaption><\/figure>\n<\/div>\n<\/div>\n","protected":false},"excerpt":{"rendered":"","protected":false},"author":1,"featured_media":0,"parent":0,"menu_order":0,"comment_status":"closed","ping_status":"closed","template":"","meta":{"_mi_skip_tracking":false},"_links":{"self":[{"href":"https:\/\/www.cie-ktalop.com\/index.php\/wp-json\/wp\/v2\/pages\/92"}],"collection":[{"href":"https:\/\/www.cie-ktalop.com\/index.php\/wp-json\/wp\/v2\/pages"}],"about":[{"href":"https:\/\/www.cie-ktalop.com\/index.php\/wp-json\/wp\/v2\/types\/page"}],"author":[{"embeddable":true,"href":"https:\/\/www.cie-ktalop.com\/index.php\/wp-json\/wp\/v2\/users\/1"}],"replies":[{"embeddable":true,"href":"https:\/\/www.cie-ktalop.com\/index.php\/wp-json\/wp\/v2\/comments?post=92"}],"version-history":[{"count":12,"href":"https:\/\/www.cie-ktalop.com\/index.php\/wp-json\/wp\/v2\/pages\/92\/revisions"}],"predecessor-version":[{"id":1356,"href":"https:\/\/www.cie-ktalop.com\/index.php\/wp-json\/wp\/v2\/pages\/92\/revisions\/1356"}],"wp:attachment":[{"href":"https:\/\/www.cie-ktalop.com\/index.php\/wp-json\/wp\/v2\/media?parent=92"}],"curies":[{"name":"wp","href":"https:\/\/api.w.org\/{rel}","templated":true}]}}